{"id":1511,"date":"2025-11-26T10:33:47","date_gmt":"2025-11-26T10:33:47","guid":{"rendered":"https:\/\/www.palosdegolfpersonalizados.com\/?page_id=1511"},"modified":"2025-11-26T10:37:29","modified_gmt":"2025-11-26T10:37:29","slug":"condicioines-de-uso","status":"publish","type":"page","link":"https:\/\/www.palosdegolfpersonalizados.com\/?page_id=1511","title":{"rendered":"Condicioines de uso"},"content":{"rendered":"\t\t<div data-elementor-type=\"wp-page\" data-elementor-id=\"1511\" class=\"elementor elementor-1511\">\n\t\t\t\t<div class=\"elementor-element elementor-element-93f73f0 e-flex e-con-boxed e-con e-parent\" data-id=\"93f73f0\" data-element_type=\"container\" data-e-type=\"container\">\n\t\t\t\t\t<div class=\"e-con-inner\">\n\t\t\t\t<div class=\"elementor-element elementor-element-161b2e8 elementor-widget elementor-widget-spacer\" data-id=\"161b2e8\" data-element_type=\"widget\" data-e-type=\"widget\" data-widget_type=\"spacer.default\">\n\t\t\t\t\t\t\t<div class=\"elementor-spacer\">\n\t\t\t<div class=\"elementor-spacer-inner\"><\/div>\n\t\t<\/div>\n\t\t\t\t\t\t<\/div>\n\t\t\t\t\t<\/div>\n\t\t\t\t<\/div>\n\t\t<div class=\"elementor-element elementor-element-415573e e-flex e-con-boxed e-con e-parent\" data-id=\"415573e\" data-element_type=\"container\" data-e-type=\"container\">\n\t\t\t\t\t<div class=\"e-con-inner\">\n\t\t\t\t<div class=\"elementor-element elementor-element-1b3c8b7 elementor-widget elementor-widget-heading\" data-id=\"1b3c8b7\" data-element_type=\"widget\" data-e-type=\"widget\" data-widget_type=\"heading.default\">\n\t\t\t\t\t<h2 class=\"elementor-heading-title elementor-size-default\">CONDICIONES DE USO<\/h2>\t\t\t\t<\/div>\n\t\t\t\t\t<\/div>\n\t\t\t\t<\/div>\n\t\t<div class=\"elementor-element elementor-element-0aaa96b e-flex e-con-boxed e-con e-parent\" data-id=\"0aaa96b\" data-element_type=\"container\" data-e-type=\"container\">\n\t\t\t\t\t<div class=\"e-con-inner\">\n\t\t<div class=\"elementor-element elementor-element-041080d e-con-full e-flex e-con e-child\" data-id=\"041080d\" data-element_type=\"container\" data-e-type=\"container\">\n\t\t\t\t<div class=\"elementor-element elementor-element-7e132ae elementor-widget elementor-widget-image\" data-id=\"7e132ae\" data-element_type=\"widget\" data-e-type=\"widget\" data-widget_type=\"image.default\">\n\t\t\t\t\t\t\t\t\t\t\t\t\t\t\t<img fetchpriority=\"high\" decoding=\"async\" width=\"400\" height=\"225\" src=\"https:\/\/www.palosdegolfpersonalizados.com\/wp-content\/uploads\/2025\/10\/sello-union-europea.png\" class=\"attachment-large size-large wp-image-920\" alt=\"Sello oficial de la Uni\u00f3n Europea para financiaci\u00f3n de proyectos digitales en Espa\u00f1a\" srcset=\"https:\/\/www.palosdegolfpersonalizados.com\/wp-content\/uploads\/2025\/10\/sello-union-europea.png 400w, https:\/\/www.palosdegolfpersonalizados.com\/wp-content\/uploads\/2025\/10\/sello-union-europea-300x169.png 300w\" sizes=\"(max-width: 400px) 100vw, 400px\" \/>\t\t\t\t\t\t\t\t\t\t\t\t\t\t\t<\/div>\n\t\t\t\t<\/div>\n\t\t<div class=\"elementor-element elementor-element-e3c242f e-con-full e-flex e-con e-child\" data-id=\"e3c242f\" data-element_type=\"container\" data-e-type=\"container\">\n\t\t\t\t<div class=\"elementor-element elementor-element-e51452b elementor-widget elementor-widget-image\" data-id=\"e51452b\" data-element_type=\"widget\" data-e-type=\"widget\" data-widget_type=\"image.default\">\n\t\t\t\t\t\t\t\t\t\t\t\t\t\t\t<img decoding=\"async\" width=\"436\" height=\"200\" src=\"https:\/\/www.palosdegolfpersonalizados.com\/wp-content\/uploads\/2025\/10\/sello-doble-confianza-online-pymelegal.png\" class=\"attachment-large size-large wp-image-921\" alt=\"Sello doble de Confianza Online y Confianza en L\u00ednea para p\u00e1gina web segura en Espa\u00f1a\" srcset=\"https:\/\/www.palosdegolfpersonalizados.com\/wp-content\/uploads\/2025\/10\/sello-doble-confianza-online-pymelegal.png 436w, https:\/\/www.palosdegolfpersonalizados.com\/wp-content\/uploads\/2025\/10\/sello-doble-confianza-online-pymelegal-300x138.png 300w\" sizes=\"(max-width: 436px) 100vw, 436px\" \/>\t\t\t\t\t\t\t\t\t\t\t\t\t\t\t<\/div>\n\t\t\t\t<\/div>\n\t\t\t\t\t<\/div>\n\t\t\t\t<\/div>\n\t\t<div class=\"elementor-element elementor-element-cf8074d e-flex e-con-boxed e-con e-parent\" data-id=\"cf8074d\" data-element_type=\"container\" data-e-type=\"container\">\n\t\t\t\t\t<div class=\"e-con-inner\">\n\t\t\t\t<div class=\"elementor-element elementor-element-612afcb elementor-widget elementor-widget-text-editor\" data-id=\"612afcb\" data-element_type=\"widget\" data-e-type=\"widget\" data-widget_type=\"text-editor.default\">\n\t\t\t\t\t\t\t\t\t<p>Comprar en nuestra tienda es muy sencillo:<\/p>\n<p>S\u00f3lo tiene que elegir un art\u00edculo, incorporarlo a su cesta pulsando sobre el icono y tramitar el pedido, empleando el medio de pago que elija.<\/p>\n<ol>\n<li>Elige la marca y la familia (tipo de producto).<\/li>\n<li>Visualiza el producto\/s que te interesa\/n. A trav\u00e9s de un clic conseguir\u00e1s una ampliaci\u00f3n de la fotograf\u00eda para ver detalle, descripci\u00f3n, composici\u00f3n,usos, referencia y precio del producto.<\/li>\n<li>Selecciona un producto y a\u00f1ade el art\u00edculo a la cesta. A continuaci\u00f3n puedes elegir seguir comprando o tramitar pedido.<\/li>\n<li>Si quieres seguir comprando, repite el proceso pero si quieres tramitar pedido, reg\u00edstrate.<\/li>\n<li>Una vez que hayas introducido tus datos, comprueba que sean&nbsp;correctos y pulsa confirmar.<\/li>\n<li>Asegure de que la direcci\u00f3n de env\u00edo y facturaci\u00f3n son correctas.<\/li>\n<li>Selecciona un m\u00e9todo de pago: Visa, Visa Electron, Mastercard.<\/li>\n<li>Confirma el pedido.<\/li>\n<li>Recibir\u00e1s un email confirmando tu pedido.<\/li>\n<\/ol>\n<div>\n<div data-id=\"76392b1f\" data-element_type=\"widget\" data-widget_type=\"text-editor.default\">\n<div>\n<p><br><\/p><p><b>ENV\u00cdOS<\/b><\/p>\n<p>El precio&nbsp;del env\u00edo&nbsp;para pen\u00ednsula es \u00abGratis\u00bb Para el resto del mundo es de 50\u20ac. El tiempo estimado de entrega es de 3 a 7 d\u00edas e&nbsp; incluye 2 intentos de entrega en el domicilio del cliente. El tercer intento y sucesivos correr\u00e1n a cargo del cliente. La empresa de transporte, dejar\u00e1 una notificaci\u00f3n en caso de intento fallido de entrega del pedido para que el cliente pueda ponerse en contacto con la empresa y quedar para un nuevo intento de entrega.<\/p>\n<p>No hay preaviso telef\u00f3nico previo al env\u00edo, por lo que por favor, indique una direcci\u00f3n de entrega donde haya gente de manera habitual, por ejemplo su lugar de trabajo. De esta manera se evitan muchos retrasos y gestiones posteriores<\/p>\n<p>A cada producto ser\u00e1n aplicables las Condiciones de entrega establecidas en su caso. El usuario deber\u00e1 tener en cuenta dichas Condiciones.<\/p>\n<p>El env\u00edo de los pedidos ser\u00e1 realizado por diferentes empresas de transporte. Para cualquier cuesti\u00f3n relacionada con la entrega o las condiciones del producto, el usuario deber\u00e1 contactar con Atenci\u00f3n al Cliente de <a href=\"https:\/\/www.palosdegolfpersonalizados.com\/\">www.palosdegolfpersonalizados.com<\/a> enviando un correo electr\u00f3nico a info@golfdesdecasa.com, que ser\u00e1 respondido a la mayor brevedad.<\/p>\n<\/div>\n<\/div>\n<div data-id=\"fa5aaf2\" data-element_type=\"widget\" data-widget_type=\"text-editor.default\">\n<div>\n<p><b>DEVOLUCIONES<\/b><\/p>\n<p>El usuario dispondr\u00e1 de un plazo de (30) d\u00edas naturales para realizar la devoluci\u00f3n del producto. El plazo se computar\u00e1 a partir de la fecha de recepci\u00f3n del pedido. Para realizar su devoluci\u00f3n, env\u00edenos un e-mail, a trav\u00e9s de la siguiente direcci\u00f3n: info@golfdesdecasa.com. Solo el precio del producto comprado ser\u00e1 reembolsado. Los gastos de env\u00edo de cada producto variar\u00e1n en funci\u00f3n del peso del producto y de la distancia del env\u00edo. Para realizar la devoluci\u00f3n, el producto deber\u00e1 estar en perfectas condiciones, en su embalaje original y con los manuales, accesorios o regalos promocionales incluidos en su caso. Una vez recibida la mercanc\u00eda en nuestros almacenes, y previa comprobaci\u00f3n del estado de la misma, se proceder\u00e1 al reintegro de su importe conforme a la modalidad de pago realizada por el cliente., sin retenci\u00f3n alguna, nunca en un plazo superior a treinta (30) d\u00edas.<\/p>\n<p>En caso que el producto comprado por el usuario no llegara en buenas condiciones, env\u00edenos un e-mail, a trav\u00e9s de la siguiente direcci\u00f3n: info@golfdesdecasa.com en un plazo no superior a 7 d\u00edas desde la recepci\u00f3n del producto, para que Golf desde Casa. gestione el env\u00edo de un producto nuevo, la recogida del que ha llegado en mal estado y la reclamaci\u00f3n a la agencia de transporte.<\/p>\n<\/div>\n<\/div>\n<\/div>\t\t\t\t\t\t\t\t<\/div>\n\t\t\t\t\t<\/div>\n\t\t\t\t<\/div>\n\t\t\t\t<\/div>\n\t\t","protected":false},"excerpt":{"rendered":"<p>CONDICIONES DE USO Comprar en nuestra tienda es muy sencillo: S\u00f3lo tiene que elegir un art\u00edculo, incorporarlo a su cesta pulsando sobre el icono y tramitar el pedido, empleando el medio de pago que elija. Elige la marca y la familia (tipo de producto). Visualiza el producto\/s que te interesa\/n. A trav\u00e9s de un clic [&hellip;]<\/p>\n","protected":false},"author":1,"featured_media":0,"parent":0,"menu_order":0,"comment_status":"closed","ping_status":"closed","template":"","meta":{"_joinchat":[],"footnotes":""},"class_list":["post-1511","page","type-page","status-publish","hentry"],"yoast_head":"<!-- This site is optimized with the Yoast SEO plugin v27.2 - https:\/\/yoast.com\/product\/yoast-seo-wordpress\/ -->\n<title>Condicioines de uso - Palos de Golf Personalizados<\/title>\n<meta name=\"robots\" content=\"index, follow, max-snippet:-1, max-image-preview:large, max-video-preview:-1\" \/>\n<link rel=\"canonical\" href=\"https:\/\/www.palosdegolfpersonalizados.com\/?page_id=1511\" \/>\n<meta property=\"og:locale\" content=\"en_US\" \/>\n<meta property=\"og:type\" content=\"article\" \/>\n<meta property=\"og:title\" content=\"Condicioines de uso - Palos de Golf Personalizados\" \/>\n<meta property=\"og:description\" content=\"CONDICIONES DE USO Comprar en nuestra tienda es muy sencillo: S\u00f3lo tiene que elegir un art\u00edculo, incorporarlo a su cesta pulsando sobre el icono y tramitar el pedido, empleando el medio de pago que elija. Elige la marca y la familia (tipo de producto). Visualiza el producto\/s que te interesa\/n. A trav\u00e9s de un clic [&hellip;]\" \/>\n<meta property=\"og:url\" content=\"https:\/\/www.palosdegolfpersonalizados.com\/?page_id=1511\" \/>\n<meta property=\"og:site_name\" content=\"Palos de Golf Personalizados\" \/>\n<meta property=\"article:modified_time\" content=\"2025-11-26T10:37:29+00:00\" \/>\n<meta property=\"og:image\" content=\"https:\/\/www.palosdegolfpersonalizados.com\/wp-content\/uploads\/2025\/10\/sello-union-europea.png\" \/>\n\t<meta property=\"og:image:width\" content=\"400\" \/>\n\t<meta property=\"og:image:height\" content=\"225\" \/>\n\t<meta property=\"og:image:type\" content=\"image\/png\" \/>\n<meta name=\"twitter:card\" content=\"summary_large_image\" \/>\n<meta name=\"twitter:label1\" content=\"Est. reading time\" \/>\n\t<meta name=\"twitter:data1\" content=\"3 minutes\" \/>\n<script type=\"application\/ld+json\" class=\"yoast-schema-graph\">{\"@context\":\"https:\/\/schema.org\",\"@graph\":[{\"@type\":\"WebPage\",\"@id\":\"https:\/\/www.palosdegolfpersonalizados.com\/?page_id=1511\",\"url\":\"https:\/\/www.palosdegolfpersonalizados.com\/?page_id=1511\",\"name\":\"Condicioines de uso - Palos de Golf Personalizados\",\"isPartOf\":{\"@id\":\"https:\/\/www.palosdegolfpersonalizados.com\/#website\"},\"primaryImageOfPage\":{\"@id\":\"https:\/\/www.palosdegolfpersonalizados.com\/?page_id=1511#primaryimage\"},\"image\":{\"@id\":\"https:\/\/www.palosdegolfpersonalizados.com\/?page_id=1511#primaryimage\"},\"thumbnailUrl\":\"https:\/\/www.palosdegolfpersonalizados.com\/wp-content\/uploads\/2025\/10\/sello-union-europea.png\",\"datePublished\":\"2025-11-26T10:33:47+00:00\",\"dateModified\":\"2025-11-26T10:37:29+00:00\",\"breadcrumb\":{\"@id\":\"https:\/\/www.palosdegolfpersonalizados.com\/?page_id=1511#breadcrumb\"},\"inLanguage\":\"en-US\",\"potentialAction\":[{\"@type\":\"ReadAction\",\"target\":[\"https:\/\/www.palosdegolfpersonalizados.com\/?page_id=1511\"]}]},{\"@type\":\"ImageObject\",\"inLanguage\":\"en-US\",\"@id\":\"https:\/\/www.palosdegolfpersonalizados.com\/?page_id=1511#primaryimage\",\"url\":\"https:\/\/www.palosdegolfpersonalizados.com\/wp-content\/uploads\/2025\/10\/sello-union-europea.png\",\"contentUrl\":\"https:\/\/www.palosdegolfpersonalizados.com\/wp-content\/uploads\/2025\/10\/sello-union-europea.png\",\"width\":400,\"height\":225,\"caption\":\"Distintivo financiado por la Uni\u00f3n Europea, apoyo a iniciativas tecnol\u00f3gicas y empresariales en Espa\u00f1a.\"},{\"@type\":\"BreadcrumbList\",\"@id\":\"https:\/\/www.palosdegolfpersonalizados.com\/?page_id=1511#breadcrumb\",\"itemListElement\":[{\"@type\":\"ListItem\",\"position\":1,\"name\":\"Portada\",\"item\":\"https:\/\/www.palosdegolfpersonalizados.com\/\"},{\"@type\":\"ListItem\",\"position\":2,\"name\":\"Condicioines de uso\"}]},{\"@type\":\"WebSite\",\"@id\":\"https:\/\/www.palosdegolfpersonalizados.com\/#website\",\"url\":\"https:\/\/www.palosdegolfpersonalizados.com\/\",\"name\":\"Palos de Golf Personalizados\",\"description\":\"Palos de Golf Personalizados\",\"publisher\":{\"@id\":\"https:\/\/www.palosdegolfpersonalizados.com\/#organization\"},\"potentialAction\":[{\"@type\":\"SearchAction\",\"target\":{\"@type\":\"EntryPoint\",\"urlTemplate\":\"https:\/\/www.palosdegolfpersonalizados.com\/?s={search_term_string}\"},\"query-input\":{\"@type\":\"PropertyValueSpecification\",\"valueRequired\":true,\"valueName\":\"search_term_string\"}}],\"inLanguage\":\"en-US\"},{\"@type\":\"Organization\",\"@id\":\"https:\/\/www.palosdegolfpersonalizados.com\/#organization\",\"name\":\"Palos de Golf Personalizados\",\"url\":\"https:\/\/www.palosdegolfpersonalizados.com\/\",\"logo\":{\"@type\":\"ImageObject\",\"inLanguage\":\"en-US\",\"@id\":\"https:\/\/www.palosdegolfpersonalizados.com\/#\/schema\/logo\/image\/\",\"url\":\"https:\/\/www.palosdegolfpersonalizados.com\/wp-content\/uploads\/2025\/10\/Logo-Palos-Personalizados-1.png\",\"contentUrl\":\"https:\/\/www.palosdegolfpersonalizados.com\/wp-content\/uploads\/2025\/10\/Logo-Palos-Personalizados-1.png\",\"width\":443,\"height\":163,\"caption\":\"Palos de Golf Personalizados\"},\"image\":{\"@id\":\"https:\/\/www.palosdegolfpersonalizados.com\/#\/schema\/logo\/image\/\"}}]}<\/script>\n<!-- \/ Yoast SEO plugin. -->","yoast_head_json":{"title":"Condicioines de uso - Palos de Golf Personalizados","robots":{"index":"index","follow":"follow","max-snippet":"max-snippet:-1","max-image-preview":"max-image-preview:large","max-video-preview":"max-video-preview:-1"},"canonical":"https:\/\/www.palosdegolfpersonalizados.com\/?page_id=1511","og_locale":"en_US","og_type":"article","og_title":"Condicioines de uso - Palos de Golf Personalizados","og_description":"CONDICIONES DE USO Comprar en nuestra tienda es muy sencillo: S\u00f3lo tiene que elegir un art\u00edculo, incorporarlo a su cesta pulsando sobre el icono y tramitar el pedido, empleando el medio de pago que elija. Elige la marca y la familia (tipo de producto). Visualiza el producto\/s que te interesa\/n. A trav\u00e9s de un clic [&hellip;]","og_url":"https:\/\/www.palosdegolfpersonalizados.com\/?page_id=1511","og_site_name":"Palos de Golf Personalizados","article_modified_time":"2025-11-26T10:37:29+00:00","og_image":[{"width":400,"height":225,"url":"https:\/\/www.palosdegolfpersonalizados.com\/wp-content\/uploads\/2025\/10\/sello-union-europea.png","type":"image\/png"}],"twitter_card":"summary_large_image","twitter_misc":{"Est. reading time":"3 minutes"},"schema":{"@context":"https:\/\/schema.org","@graph":[{"@type":"WebPage","@id":"https:\/\/www.palosdegolfpersonalizados.com\/?page_id=1511","url":"https:\/\/www.palosdegolfpersonalizados.com\/?page_id=1511","name":"Condicioines de uso - Palos de Golf Personalizados","isPartOf":{"@id":"https:\/\/www.palosdegolfpersonalizados.com\/#website"},"primaryImageOfPage":{"@id":"https:\/\/www.palosdegolfpersonalizados.com\/?page_id=1511#primaryimage"},"image":{"@id":"https:\/\/www.palosdegolfpersonalizados.com\/?page_id=1511#primaryimage"},"thumbnailUrl":"https:\/\/www.palosdegolfpersonalizados.com\/wp-content\/uploads\/2025\/10\/sello-union-europea.png","datePublished":"2025-11-26T10:33:47+00:00","dateModified":"2025-11-26T10:37:29+00:00","breadcrumb":{"@id":"https:\/\/www.palosdegolfpersonalizados.com\/?page_id=1511#breadcrumb"},"inLanguage":"en-US","potentialAction":[{"@type":"ReadAction","target":["https:\/\/www.palosdegolfpersonalizados.com\/?page_id=1511"]}]},{"@type":"ImageObject","inLanguage":"en-US","@id":"https:\/\/www.palosdegolfpersonalizados.com\/?page_id=1511#primaryimage","url":"https:\/\/www.palosdegolfpersonalizados.com\/wp-content\/uploads\/2025\/10\/sello-union-europea.png","contentUrl":"https:\/\/www.palosdegolfpersonalizados.com\/wp-content\/uploads\/2025\/10\/sello-union-europea.png","width":400,"height":225,"caption":"Distintivo financiado por la Uni\u00f3n Europea, apoyo a iniciativas tecnol\u00f3gicas y empresariales en Espa\u00f1a."},{"@type":"BreadcrumbList","@id":"https:\/\/www.palosdegolfpersonalizados.com\/?page_id=1511#breadcrumb","itemListElement":[{"@type":"ListItem","position":1,"name":"Portada","item":"https:\/\/www.palosdegolfpersonalizados.com\/"},{"@type":"ListItem","position":2,"name":"Condicioines de uso"}]},{"@type":"WebSite","@id":"https:\/\/www.palosdegolfpersonalizados.com\/#website","url":"https:\/\/www.palosdegolfpersonalizados.com\/","name":"Palos de Golf Personalizados","description":"Palos de Golf Personalizados","publisher":{"@id":"https:\/\/www.palosdegolfpersonalizados.com\/#organization"},"potentialAction":[{"@type":"SearchAction","target":{"@type":"EntryPoint","urlTemplate":"https:\/\/www.palosdegolfpersonalizados.com\/?s={search_term_string}"},"query-input":{"@type":"PropertyValueSpecification","valueRequired":true,"valueName":"search_term_string"}}],"inLanguage":"en-US"},{"@type":"Organization","@id":"https:\/\/www.palosdegolfpersonalizados.com\/#organization","name":"Palos de Golf Personalizados","url":"https:\/\/www.palosdegolfpersonalizados.com\/","logo":{"@type":"ImageObject","inLanguage":"en-US","@id":"https:\/\/www.palosdegolfpersonalizados.com\/#\/schema\/logo\/image\/","url":"https:\/\/www.palosdegolfpersonalizados.com\/wp-content\/uploads\/2025\/10\/Logo-Palos-Personalizados-1.png","contentUrl":"https:\/\/www.palosdegolfpersonalizados.com\/wp-content\/uploads\/2025\/10\/Logo-Palos-Personalizados-1.png","width":443,"height":163,"caption":"Palos de Golf Personalizados"},"image":{"@id":"https:\/\/www.palosdegolfpersonalizados.com\/#\/schema\/logo\/image\/"}}]}},"_links":{"self":[{"href":"https:\/\/www.palosdegolfpersonalizados.com\/index.php?rest_route=\/wp\/v2\/pages\/1511","targetHints":{"allow":["GET"]}}],"collection":[{"href":"https:\/\/www.palosdegolfpersonalizados.com\/index.php?rest_route=\/wp\/v2\/pages"}],"about":[{"href":"https:\/\/www.palosdegolfpersonalizados.com\/index.php?rest_route=\/wp\/v2\/types\/page"}],"author":[{"embeddable":true,"href":"https:\/\/www.palosdegolfpersonalizados.com\/index.php?rest_route=\/wp\/v2\/users\/1"}],"replies":[{"embeddable":true,"href":"https:\/\/www.palosdegolfpersonalizados.com\/index.php?rest_route=%2Fwp%2Fv2%2Fcomments&post=1511"}],"version-history":[{"count":0,"href":"https:\/\/www.palosdegolfpersonalizados.com\/index.php?rest_route=\/wp\/v2\/pages\/1511\/revisions"}],"wp:attachment":[{"href":"https:\/\/www.palosdegolfpersonalizados.com\/index.php?rest_route=%2Fwp%2Fv2%2Fmedia&parent=1511"}],"curies":[{"name":"wp","href":"https:\/\/api.w.org\/{rel}","templated":true}]}}