{"id":1519,"date":"2025-11-26T10:38:21","date_gmt":"2025-11-26T10:38:21","guid":{"rendered":"https:\/\/www.palosdegolfpersonalizados.com\/?page_id=1519"},"modified":"2025-11-26T10:41:27","modified_gmt":"2025-11-26T10:41:27","slug":"envios-y-devoluciones","status":"publish","type":"page","link":"https:\/\/www.palosdegolfpersonalizados.com\/?page_id=1519","title":{"rendered":"Env\u00edos y devoluciones"},"content":{"rendered":"\t\t<div data-elementor-type=\"wp-page\" data-elementor-id=\"1519\" class=\"elementor elementor-1519\">\n\t\t\t\t<div class=\"elementor-element elementor-element-4ac1c13 e-flex e-con-boxed e-con e-parent\" data-id=\"4ac1c13\" data-element_type=\"container\" data-e-type=\"container\">\n\t\t\t\t\t<div class=\"e-con-inner\">\n\t\t\t\t<div class=\"elementor-element elementor-element-b4c3d91 elementor-widget elementor-widget-spacer\" data-id=\"b4c3d91\" data-element_type=\"widget\" data-e-type=\"widget\" data-widget_type=\"spacer.default\">\n\t\t\t\t\t\t\t<div class=\"elementor-spacer\">\n\t\t\t<div class=\"elementor-spacer-inner\"><\/div>\n\t\t<\/div>\n\t\t\t\t\t\t<\/div>\n\t\t\t\t\t<\/div>\n\t\t\t\t<\/div>\n\t\t<div class=\"elementor-element elementor-element-94cd769 e-flex e-con-boxed e-con e-parent\" data-id=\"94cd769\" data-element_type=\"container\" data-e-type=\"container\">\n\t\t\t\t\t<div class=\"e-con-inner\">\n\t\t\t\t<div class=\"elementor-element elementor-element-aff76a0 elementor-widget elementor-widget-heading\" data-id=\"aff76a0\" data-element_type=\"widget\" data-e-type=\"widget\" data-widget_type=\"heading.default\">\n\t\t\t\t\t<h2 class=\"elementor-heading-title elementor-size-default\">ENV\u00cdOS Y DEVOLUCIONES<\/h2>\t\t\t\t<\/div>\n\t\t\t\t\t<\/div>\n\t\t\t\t<\/div>\n\t\t<div class=\"elementor-element elementor-element-4ce0324 e-flex e-con-boxed e-con e-parent\" data-id=\"4ce0324\" data-element_type=\"container\" data-e-type=\"container\">\n\t\t\t\t\t<div class=\"e-con-inner\">\n\t\t<div class=\"elementor-element elementor-element-61a21c7 e-con-full e-flex e-con e-child\" data-id=\"61a21c7\" data-element_type=\"container\" data-e-type=\"container\">\n\t\t\t\t<div class=\"elementor-element elementor-element-7270bae elementor-widget elementor-widget-image\" data-id=\"7270bae\" data-element_type=\"widget\" data-e-type=\"widget\" data-widget_type=\"image.default\">\n\t\t\t\t\t\t\t\t\t\t\t\t\t\t\t<img fetchpriority=\"high\" decoding=\"async\" width=\"400\" height=\"225\" src=\"https:\/\/www.palosdegolfpersonalizados.com\/wp-content\/uploads\/2025\/10\/sello-union-europea.png\" class=\"attachment-large size-large wp-image-920\" alt=\"Sello oficial de la Uni\u00f3n Europea para financiaci\u00f3n de proyectos digitales en Espa\u00f1a\" srcset=\"https:\/\/www.palosdegolfpersonalizados.com\/wp-content\/uploads\/2025\/10\/sello-union-europea.png 400w, https:\/\/www.palosdegolfpersonalizados.com\/wp-content\/uploads\/2025\/10\/sello-union-europea-300x169.png 300w\" sizes=\"(max-width: 400px) 100vw, 400px\" \/>\t\t\t\t\t\t\t\t\t\t\t\t\t\t\t<\/div>\n\t\t\t\t<\/div>\n\t\t<div class=\"elementor-element elementor-element-b568277 e-con-full e-flex e-con e-child\" data-id=\"b568277\" data-element_type=\"container\" data-e-type=\"container\">\n\t\t\t\t<div class=\"elementor-element elementor-element-1177bf8 elementor-widget elementor-widget-image\" data-id=\"1177bf8\" data-element_type=\"widget\" data-e-type=\"widget\" data-widget_type=\"image.default\">\n\t\t\t\t\t\t\t\t\t\t\t\t\t\t\t<img decoding=\"async\" width=\"436\" height=\"200\" src=\"https:\/\/www.palosdegolfpersonalizados.com\/wp-content\/uploads\/2025\/10\/sello-doble-confianza-online-pymelegal.png\" class=\"attachment-large size-large wp-image-921\" alt=\"Sello doble de Confianza Online y Confianza en L\u00ednea para p\u00e1gina web segura en Espa\u00f1a\" srcset=\"https:\/\/www.palosdegolfpersonalizados.com\/wp-content\/uploads\/2025\/10\/sello-doble-confianza-online-pymelegal.png 436w, https:\/\/www.palosdegolfpersonalizados.com\/wp-content\/uploads\/2025\/10\/sello-doble-confianza-online-pymelegal-300x138.png 300w\" sizes=\"(max-width: 436px) 100vw, 436px\" \/>\t\t\t\t\t\t\t\t\t\t\t\t\t\t\t<\/div>\n\t\t\t\t<\/div>\n\t\t\t\t\t<\/div>\n\t\t\t\t<\/div>\n\t\t<div class=\"elementor-element elementor-element-9456ea7 e-flex e-con-boxed e-con e-parent\" data-id=\"9456ea7\" data-element_type=\"container\" data-e-type=\"container\">\n\t\t\t\t\t<div class=\"e-con-inner\">\n\t\t\t\t<div class=\"elementor-element elementor-element-51dc02f elementor-widget elementor-widget-text-editor\" data-id=\"51dc02f\" data-element_type=\"widget\" data-e-type=\"widget\" data-widget_type=\"text-editor.default\">\n\t\t\t\t\t\t\t\t\t<div data-id=\"76392b1f\" data-element_type=\"widget\" data-widget_type=\"text-editor.default\">\n<div>\n<p><strong>ENV\u00cdOS<\/strong><\/p>\n<p>El precio del env\u00edo incluye 2 intentos de entrega en el domicilio del cliente. El tercer intento y sucesivos correr\u00e1n a cargo del cliente. La empresa de transporte, dejar\u00e1 una notificaci\u00f3n en caso de intento fallido de entrega del pedido para que el cliente pueda ponerse en contacto con la empresa y quedar para un nuevo intento de entrega.<\/p>\n<p>No hay preaviso telef\u00f3nico previo al env\u00edo, por lo que por favor, indique una direcci\u00f3n de entrega donde haya gente de manera habitual, por ejemplo su lugar de trabajo. De esta manera se evitan muchos retrasos y gestiones posteriores<\/p>\n<p>A cada producto ser\u00e1n aplicables las Condiciones de entrega establecidas en su caso. El usuario deber\u00e1 tener en cuenta dichas Condiciones.<\/p>\n<p>El env\u00edo de los pedidos ser\u00e1 realizado por diferentes empresas de transporte. Para cualquier cuesti\u00f3n relacionada con la entrega o las condiciones del producto, el usuario deber\u00e1 contactar con Atenci\u00f3n al Cliente de&nbsp;<a href=\"https:\/\/www.palosdegolfpersonalizados.com\">www.palosdegolfpersonalizados.com<\/a>&nbsp;enviando un correo electr\u00f3nico a info@intervitirne.es, que ser\u00e1 respondido a la mayor brevedad.<\/p>\n<p><b>Impuestos<\/b>:<br>Golf desde Casa&nbsp; &nbsp;tiene su sede en la UE (Espa\u00f1a) y nuestro sitio web muestra los precios con o sin nuestra tasa de IVA local del 21% seg\u00fan su pa\u00eds. (basado en su direcci\u00f3n IP).<\/p>\n<p>Para los&nbsp;pa\u00edses de la UE, mostramos los precios con el 21% de IVA incluido.<\/p>\n<p>Para los pa\u00edses&nbsp;fuera de la UE&nbsp;(incluido el Reino Unido), mostramos los precios sin incluir el 21 % de IVA.<\/p>\n<p>Para pa\u00edses fuera de la UE, debe tener en cuenta que puede ser responsable de los derechos de importaci\u00f3n. Deber\u00e1 ponerse en contacto con su autoridad local para obtener una estimaci\u00f3n de cu\u00e1nto ser\u00e1, ya que var\u00eda entre pa\u00edses y estados. El c\u00f3digo de producto o c\u00f3digo HS que usamos para todos nuestros productos es 9504500000, que es el c\u00f3digo mundialmente reconocido para juegos de computadora y accesorios.<\/p>\n<p><b>Costes de env\u00edo:<br><\/b>Los costes de env\u00edo se calculan din\u00e1micamente al finalizar la compra seg\u00fan el tama\u00f1o y peso de los art\u00edculos en su carrito y su direcci\u00f3n. Si agrega los productos que desea a su carrito, vaya al carrito y complete su direcci\u00f3n y c\u00f3digo postal, luego obtendr\u00e1 un precio de env\u00edo exacto.<\/p>\n<p><b>Espa\u00f1a (Pen\u00ednsula) y Portugal:<\/b><\/p>\n<ul>\n<li>SEUR 24 = 24\/48h<\/li>\n<li>UPS Standard = 48\/72h<\/li>\n<\/ul>\n<p>Espa\u00f1a (Canarias\/Ceuta\/Melilla):&nbsp;<\/p>\n<ul>\n<li>SEUR Mar\u00edtimo = 5-10 d\u00edas laborables<\/li>\n<li>Correos Paq. Est\u00e1ndar = 6-12 d\u00edas laborables<\/li>\n<\/ul>\n<p><b>Europa<\/b>:<\/p>\n<ul>\n<li>SEUR Classic = 2-4 d\u00edas laborables<\/li>\n<li>UPS Standard = 3-5 d\u00edas laborables<\/li>\n<\/ul>\n<p><b>EE. UU. y Canad\u00e1:<\/b><\/p>\n<ul>\n<li>SEUR Classic = 4-8 d\u00edas laborables<\/li>\n<li>UPS Standard&nbsp;= 5-8 d\u00edas laborables<\/li>\n<\/ul>\n<p><b>Am\u00e9rica del Sur:<\/b><\/p>\n<ul>\n<li>DHL&nbsp;= 5-9 d\u00edas laborables<\/li>\n<li>UPS Standard&nbsp;= 5-9&nbsp;d\u00edas laborables<\/li>\n<\/ul>\n<p><b>Resto del Mundo:<\/b><\/p>\n<ul>\n<li>DHL&nbsp;= 7-10 d\u00edas laborables<\/li>\n<li>UPS Standard&nbsp;= 7-10 d\u00edas laborables<\/li>\n<\/ul>\n<p><b><br><\/b><\/p>\n<p><b>Horarios de corte:<br><\/b>11 a.m. GMT+1 de lunes a viernes. Nuestro objetivo es enviar todos los pedidos realizados antes de las 11:00 a. m. GMT+1 del mismo d\u00eda, pero durante los per\u00edodos de mayor actividad no siempre es posible.<\/p>\n<p><b>Seguimiento\/Tracking:<br><\/b>Tan pronto como se env\u00ede su pedido, se le enviar\u00e1 autom\u00e1ticamente su n\u00famero de seguimiento al correo electr\u00f3nico que proporcion\u00f3 en su pedido.<\/p>\n<p>Tenga en cuenta que es completamente normal que los pedidos de varios art\u00edculos se dividan en tr\u00e1nsito. Cada paquete individual est\u00e1 etiquetado y con c\u00f3digo de barras y llegar\u00e1 a su destino. Si encuentra que parte de su pedido se entreg\u00f3 y parte todav\u00eda est\u00e1 en tr\u00e1nsito, esto casi siempre se rectifica en uno o dos d\u00edas.<\/p>\n<p>Si est\u00e1 preocupado, puede comunicarse con el departamento de servicio al cliente de su agencia de transporte local con su n\u00famero de seguimiento.<\/p>\n<\/div>\n<\/div>\n<div data-id=\"fa5aaf2\" data-element_type=\"widget\" data-widget_type=\"text-editor.default\">\n<div>\n<p><strong>DEVOLUCIONES<\/strong><\/p>\n<p>El usuario dispondr\u00e1 de un plazo de (30) d\u00edas naturales para realizar la devoluci\u00f3n del producto. El plazo se computar\u00e1 a partir de la fecha de recepci\u00f3n del pedido. Para realizar su devoluci\u00f3n, env\u00edenos un e-mail, a trav\u00e9s de la siguiente direcci\u00f3n: info@golfdesdecasa.com. Solo el precio del producto comprado ser\u00e1 reembolsado. Los gastos de env\u00edo de cada producto variar\u00e1n en funci\u00f3n del peso del producto y de la distancia del env\u00edo. Para realizar la devoluci\u00f3n, el producto deber\u00e1 estar en perfectas condiciones, en su embalaje original y con los manuales, accesorios o regalos promocionales incluidos en su caso. Una vez recibida la mercanc\u00eda en nuestros almacenes, y previa comprobaci\u00f3n del estado de la misma, se proceder\u00e1 al reintegro de su importe conforme a la modalidad de pago realizada por el cliente., sin retenci\u00f3n alguna, nunca en un plazo superior a treinta (30) d\u00edas.<\/p>\n<p>En caso que el producto comprado por el usuario no llegara en buenas condiciones, env\u00edenos un e-mail, a trav\u00e9s de la siguiente direcci\u00f3n: info@golfdesdecasa.com en un plazo no superior a 7 d\u00edas desde la recepci\u00f3n del producto, para que Golf desde Casa. gestione el env\u00edo de un producto nuevo, la recogida del que ha llegado en mal estado y la reclamaci\u00f3n a la agencia de transporte.<\/p>\n<\/div>\n<\/div>\t\t\t\t\t\t\t\t<\/div>\n\t\t\t\t\t<\/div>\n\t\t\t\t<\/div>\n\t\t\t\t<\/div>\n\t\t","protected":false},"excerpt":{"rendered":"<p>ENV\u00cdOS Y DEVOLUCIONES ENV\u00cdOS El precio del env\u00edo incluye 2 intentos de entrega en el domicilio del cliente. El tercer intento y sucesivos correr\u00e1n a cargo del cliente. La empresa de transporte, dejar\u00e1 una notificaci\u00f3n en caso de intento fallido de entrega del pedido para que el cliente pueda ponerse en contacto con la empresa [&hellip;]<\/p>\n","protected":false},"author":1,"featured_media":0,"parent":0,"menu_order":0,"comment_status":"closed","ping_status":"closed","template":"","meta":{"_joinchat":[],"footnotes":""},"class_list":["post-1519","page","type-page","status-publish","hentry"],"yoast_head":"<!-- This site is optimized with the Yoast SEO plugin v27.2 - https:\/\/yoast.com\/product\/yoast-seo-wordpress\/ -->\n<title>Env\u00edos y devoluciones - Palos de Golf Personalizados<\/title>\n<meta name=\"robots\" content=\"index, follow, max-snippet:-1, max-image-preview:large, max-video-preview:-1\" \/>\n<link rel=\"canonical\" href=\"https:\/\/www.palosdegolfpersonalizados.com\/?page_id=1519\" \/>\n<meta property=\"og:locale\" content=\"en_US\" \/>\n<meta property=\"og:type\" content=\"article\" \/>\n<meta property=\"og:title\" content=\"Env\u00edos y devoluciones - Palos de Golf Personalizados\" \/>\n<meta property=\"og:description\" content=\"ENV\u00cdOS Y DEVOLUCIONES ENV\u00cdOS El precio del env\u00edo incluye 2 intentos de entrega en el domicilio del cliente. El tercer intento y sucesivos correr\u00e1n a cargo del cliente. La empresa de transporte, dejar\u00e1 una notificaci\u00f3n en caso de intento fallido de entrega del pedido para que el cliente pueda ponerse en contacto con la empresa [&hellip;]\" \/>\n<meta property=\"og:url\" content=\"https:\/\/www.palosdegolfpersonalizados.com\/?page_id=1519\" \/>\n<meta property=\"og:site_name\" content=\"Palos de Golf Personalizados\" \/>\n<meta property=\"article:modified_time\" content=\"2025-11-26T10:41:27+00:00\" \/>\n<meta property=\"og:image\" content=\"https:\/\/www.palosdegolfpersonalizados.com\/wp-content\/uploads\/2025\/10\/sello-union-europea.png\" \/>\n\t<meta property=\"og:image:width\" content=\"400\" \/>\n\t<meta property=\"og:image:height\" content=\"225\" \/>\n\t<meta property=\"og:image:type\" content=\"image\/png\" \/>\n<meta name=\"twitter:card\" content=\"summary_large_image\" \/>\n<meta name=\"twitter:label1\" content=\"Est. reading time\" \/>\n\t<meta name=\"twitter:data1\" content=\"4 minutes\" \/>\n<script type=\"application\/ld+json\" class=\"yoast-schema-graph\">{\"@context\":\"https:\/\/schema.org\",\"@graph\":[{\"@type\":\"WebPage\",\"@id\":\"https:\/\/www.palosdegolfpersonalizados.com\/?page_id=1519\",\"url\":\"https:\/\/www.palosdegolfpersonalizados.com\/?page_id=1519\",\"name\":\"Env\u00edos y devoluciones - Palos de Golf Personalizados\",\"isPartOf\":{\"@id\":\"https:\/\/www.palosdegolfpersonalizados.com\/#website\"},\"primaryImageOfPage\":{\"@id\":\"https:\/\/www.palosdegolfpersonalizados.com\/?page_id=1519#primaryimage\"},\"image\":{\"@id\":\"https:\/\/www.palosdegolfpersonalizados.com\/?page_id=1519#primaryimage\"},\"thumbnailUrl\":\"https:\/\/www.palosdegolfpersonalizados.com\/wp-content\/uploads\/2025\/10\/sello-union-europea.png\",\"datePublished\":\"2025-11-26T10:38:21+00:00\",\"dateModified\":\"2025-11-26T10:41:27+00:00\",\"breadcrumb\":{\"@id\":\"https:\/\/www.palosdegolfpersonalizados.com\/?page_id=1519#breadcrumb\"},\"inLanguage\":\"en-US\",\"potentialAction\":[{\"@type\":\"ReadAction\",\"target\":[\"https:\/\/www.palosdegolfpersonalizados.com\/?page_id=1519\"]}]},{\"@type\":\"ImageObject\",\"inLanguage\":\"en-US\",\"@id\":\"https:\/\/www.palosdegolfpersonalizados.com\/?page_id=1519#primaryimage\",\"url\":\"https:\/\/www.palosdegolfpersonalizados.com\/wp-content\/uploads\/2025\/10\/sello-union-europea.png\",\"contentUrl\":\"https:\/\/www.palosdegolfpersonalizados.com\/wp-content\/uploads\/2025\/10\/sello-union-europea.png\",\"width\":400,\"height\":225,\"caption\":\"Distintivo financiado por la Uni\u00f3n Europea, apoyo a iniciativas tecnol\u00f3gicas y empresariales en Espa\u00f1a.\"},{\"@type\":\"BreadcrumbList\",\"@id\":\"https:\/\/www.palosdegolfpersonalizados.com\/?page_id=1519#breadcrumb\",\"itemListElement\":[{\"@type\":\"ListItem\",\"position\":1,\"name\":\"Portada\",\"item\":\"https:\/\/www.palosdegolfpersonalizados.com\/\"},{\"@type\":\"ListItem\",\"position\":2,\"name\":\"Env\u00edos y devoluciones\"}]},{\"@type\":\"WebSite\",\"@id\":\"https:\/\/www.palosdegolfpersonalizados.com\/#website\",\"url\":\"https:\/\/www.palosdegolfpersonalizados.com\/\",\"name\":\"Palos de Golf Personalizados\",\"description\":\"Palos de Golf Personalizados\",\"publisher\":{\"@id\":\"https:\/\/www.palosdegolfpersonalizados.com\/#organization\"},\"potentialAction\":[{\"@type\":\"SearchAction\",\"target\":{\"@type\":\"EntryPoint\",\"urlTemplate\":\"https:\/\/www.palosdegolfpersonalizados.com\/?s={search_term_string}\"},\"query-input\":{\"@type\":\"PropertyValueSpecification\",\"valueRequired\":true,\"valueName\":\"search_term_string\"}}],\"inLanguage\":\"en-US\"},{\"@type\":\"Organization\",\"@id\":\"https:\/\/www.palosdegolfpersonalizados.com\/#organization\",\"name\":\"Palos de Golf Personalizados\",\"url\":\"https:\/\/www.palosdegolfpersonalizados.com\/\",\"logo\":{\"@type\":\"ImageObject\",\"inLanguage\":\"en-US\",\"@id\":\"https:\/\/www.palosdegolfpersonalizados.com\/#\/schema\/logo\/image\/\",\"url\":\"https:\/\/www.palosdegolfpersonalizados.com\/wp-content\/uploads\/2025\/10\/Logo-Palos-Personalizados-1.png\",\"contentUrl\":\"https:\/\/www.palosdegolfpersonalizados.com\/wp-content\/uploads\/2025\/10\/Logo-Palos-Personalizados-1.png\",\"width\":443,\"height\":163,\"caption\":\"Palos de Golf Personalizados\"},\"image\":{\"@id\":\"https:\/\/www.palosdegolfpersonalizados.com\/#\/schema\/logo\/image\/\"}}]}<\/script>\n<!-- \/ Yoast SEO plugin. -->","yoast_head_json":{"title":"Env\u00edos y devoluciones - Palos de Golf Personalizados","robots":{"index":"index","follow":"follow","max-snippet":"max-snippet:-1","max-image-preview":"max-image-preview:large","max-video-preview":"max-video-preview:-1"},"canonical":"https:\/\/www.palosdegolfpersonalizados.com\/?page_id=1519","og_locale":"en_US","og_type":"article","og_title":"Env\u00edos y devoluciones - Palos de Golf Personalizados","og_description":"ENV\u00cdOS Y DEVOLUCIONES ENV\u00cdOS El precio del env\u00edo incluye 2 intentos de entrega en el domicilio del cliente. El tercer intento y sucesivos correr\u00e1n a cargo del cliente. La empresa de transporte, dejar\u00e1 una notificaci\u00f3n en caso de intento fallido de entrega del pedido para que el cliente pueda ponerse en contacto con la empresa [&hellip;]","og_url":"https:\/\/www.palosdegolfpersonalizados.com\/?page_id=1519","og_site_name":"Palos de Golf Personalizados","article_modified_time":"2025-11-26T10:41:27+00:00","og_image":[{"width":400,"height":225,"url":"https:\/\/www.palosdegolfpersonalizados.com\/wp-content\/uploads\/2025\/10\/sello-union-europea.png","type":"image\/png"}],"twitter_card":"summary_large_image","twitter_misc":{"Est. reading time":"4 minutes"},"schema":{"@context":"https:\/\/schema.org","@graph":[{"@type":"WebPage","@id":"https:\/\/www.palosdegolfpersonalizados.com\/?page_id=1519","url":"https:\/\/www.palosdegolfpersonalizados.com\/?page_id=1519","name":"Env\u00edos y devoluciones - Palos de Golf Personalizados","isPartOf":{"@id":"https:\/\/www.palosdegolfpersonalizados.com\/#website"},"primaryImageOfPage":{"@id":"https:\/\/www.palosdegolfpersonalizados.com\/?page_id=1519#primaryimage"},"image":{"@id":"https:\/\/www.palosdegolfpersonalizados.com\/?page_id=1519#primaryimage"},"thumbnailUrl":"https:\/\/www.palosdegolfpersonalizados.com\/wp-content\/uploads\/2025\/10\/sello-union-europea.png","datePublished":"2025-11-26T10:38:21+00:00","dateModified":"2025-11-26T10:41:27+00:00","breadcrumb":{"@id":"https:\/\/www.palosdegolfpersonalizados.com\/?page_id=1519#breadcrumb"},"inLanguage":"en-US","potentialAction":[{"@type":"ReadAction","target":["https:\/\/www.palosdegolfpersonalizados.com\/?page_id=1519"]}]},{"@type":"ImageObject","inLanguage":"en-US","@id":"https:\/\/www.palosdegolfpersonalizados.com\/?page_id=1519#primaryimage","url":"https:\/\/www.palosdegolfpersonalizados.com\/wp-content\/uploads\/2025\/10\/sello-union-europea.png","contentUrl":"https:\/\/www.palosdegolfpersonalizados.com\/wp-content\/uploads\/2025\/10\/sello-union-europea.png","width":400,"height":225,"caption":"Distintivo financiado por la Uni\u00f3n Europea, apoyo a iniciativas tecnol\u00f3gicas y empresariales en Espa\u00f1a."},{"@type":"BreadcrumbList","@id":"https:\/\/www.palosdegolfpersonalizados.com\/?page_id=1519#breadcrumb","itemListElement":[{"@type":"ListItem","position":1,"name":"Portada","item":"https:\/\/www.palosdegolfpersonalizados.com\/"},{"@type":"ListItem","position":2,"name":"Env\u00edos y devoluciones"}]},{"@type":"WebSite","@id":"https:\/\/www.palosdegolfpersonalizados.com\/#website","url":"https:\/\/www.palosdegolfpersonalizados.com\/","name":"Palos de Golf Personalizados","description":"Palos de Golf Personalizados","publisher":{"@id":"https:\/\/www.palosdegolfpersonalizados.com\/#organization"},"potentialAction":[{"@type":"SearchAction","target":{"@type":"EntryPoint","urlTemplate":"https:\/\/www.palosdegolfpersonalizados.com\/?s={search_term_string}"},"query-input":{"@type":"PropertyValueSpecification","valueRequired":true,"valueName":"search_term_string"}}],"inLanguage":"en-US"},{"@type":"Organization","@id":"https:\/\/www.palosdegolfpersonalizados.com\/#organization","name":"Palos de Golf Personalizados","url":"https:\/\/www.palosdegolfpersonalizados.com\/","logo":{"@type":"ImageObject","inLanguage":"en-US","@id":"https:\/\/www.palosdegolfpersonalizados.com\/#\/schema\/logo\/image\/","url":"https:\/\/www.palosdegolfpersonalizados.com\/wp-content\/uploads\/2025\/10\/Logo-Palos-Personalizados-1.png","contentUrl":"https:\/\/www.palosdegolfpersonalizados.com\/wp-content\/uploads\/2025\/10\/Logo-Palos-Personalizados-1.png","width":443,"height":163,"caption":"Palos de Golf Personalizados"},"image":{"@id":"https:\/\/www.palosdegolfpersonalizados.com\/#\/schema\/logo\/image\/"}}]}},"_links":{"self":[{"href":"https:\/\/www.palosdegolfpersonalizados.com\/index.php?rest_route=\/wp\/v2\/pages\/1519","targetHints":{"allow":["GET"]}}],"collection":[{"href":"https:\/\/www.palosdegolfpersonalizados.com\/index.php?rest_route=\/wp\/v2\/pages"}],"about":[{"href":"https:\/\/www.palosdegolfpersonalizados.com\/index.php?rest_route=\/wp\/v2\/types\/page"}],"author":[{"embeddable":true,"href":"https:\/\/www.palosdegolfpersonalizados.com\/index.php?rest_route=\/wp\/v2\/users\/1"}],"replies":[{"embeddable":true,"href":"https:\/\/www.palosdegolfpersonalizados.com\/index.php?rest_route=%2Fwp%2Fv2%2Fcomments&post=1519"}],"version-history":[{"count":0,"href":"https:\/\/www.palosdegolfpersonalizados.com\/index.php?rest_route=\/wp\/v2\/pages\/1519\/revisions"}],"wp:attachment":[{"href":"https:\/\/www.palosdegolfpersonalizados.com\/index.php?rest_route=%2Fwp%2Fv2%2Fmedia&parent=1519"}],"curies":[{"name":"wp","href":"https:\/\/api.w.org\/{rel}","templated":true}]}}