{"id":1528,"date":"2025-11-26T10:41:56","date_gmt":"2025-11-26T10:41:56","guid":{"rendered":"https:\/\/www.palosdegolfpersonalizados.com\/?page_id=1528"},"modified":"2025-11-26T10:43:54","modified_gmt":"2025-11-26T10:43:54","slug":"formas-de-pago","status":"publish","type":"page","link":"https:\/\/www.palosdegolfpersonalizados.com\/?page_id=1528","title":{"rendered":"Formas de pago"},"content":{"rendered":"\t\t<div data-elementor-type=\"wp-page\" data-elementor-id=\"1528\" class=\"elementor elementor-1528\">\n\t\t\t\t<div class=\"elementor-element elementor-element-fe68ecd e-flex e-con-boxed e-con e-parent\" data-id=\"fe68ecd\" data-element_type=\"container\" data-e-type=\"container\">\n\t\t\t\t\t<div class=\"e-con-inner\">\n\t\t\t\t<div class=\"elementor-element elementor-element-d351e94 elementor-widget elementor-widget-spacer\" data-id=\"d351e94\" data-element_type=\"widget\" data-e-type=\"widget\" data-widget_type=\"spacer.default\">\n\t\t\t\t\t\t\t<div class=\"elementor-spacer\">\n\t\t\t<div class=\"elementor-spacer-inner\"><\/div>\n\t\t<\/div>\n\t\t\t\t\t\t<\/div>\n\t\t\t\t\t<\/div>\n\t\t\t\t<\/div>\n\t\t<div class=\"elementor-element elementor-element-67a34c8 e-flex e-con-boxed e-con e-parent\" data-id=\"67a34c8\" data-element_type=\"container\" data-e-type=\"container\">\n\t\t\t\t\t<div class=\"e-con-inner\">\n\t\t\t\t<div class=\"elementor-element elementor-element-fab7120 elementor-widget elementor-widget-heading\" data-id=\"fab7120\" data-element_type=\"widget\" data-e-type=\"widget\" data-widget_type=\"heading.default\">\n\t\t\t\t\t<h2 class=\"elementor-heading-title elementor-size-default\">FORMAS DE PAGO<\/h2>\t\t\t\t<\/div>\n\t\t\t\t\t<\/div>\n\t\t\t\t<\/div>\n\t\t<div class=\"elementor-element elementor-element-51e699b e-flex e-con-boxed e-con e-parent\" data-id=\"51e699b\" data-element_type=\"container\" data-e-type=\"container\">\n\t\t\t\t\t<div class=\"e-con-inner\">\n\t\t<div class=\"elementor-element elementor-element-4f21052 e-con-full e-flex e-con e-child\" data-id=\"4f21052\" data-element_type=\"container\" data-e-type=\"container\">\n\t\t\t\t<div class=\"elementor-element elementor-element-e5708d8 elementor-widget elementor-widget-image\" data-id=\"e5708d8\" data-element_type=\"widget\" data-e-type=\"widget\" data-widget_type=\"image.default\">\n\t\t\t\t\t\t\t\t\t\t\t\t\t\t\t<img fetchpriority=\"high\" decoding=\"async\" width=\"400\" height=\"225\" src=\"https:\/\/www.palosdegolfpersonalizados.com\/wp-content\/uploads\/2025\/10\/sello-union-europea.png\" class=\"attachment-large size-large wp-image-920\" alt=\"Sello oficial de la Uni\u00f3n Europea para financiaci\u00f3n de proyectos digitales en Espa\u00f1a\" srcset=\"https:\/\/www.palosdegolfpersonalizados.com\/wp-content\/uploads\/2025\/10\/sello-union-europea.png 400w, https:\/\/www.palosdegolfpersonalizados.com\/wp-content\/uploads\/2025\/10\/sello-union-europea-300x169.png 300w\" sizes=\"(max-width: 400px) 100vw, 400px\" \/>\t\t\t\t\t\t\t\t\t\t\t\t\t\t\t<\/div>\n\t\t\t\t<\/div>\n\t\t<div class=\"elementor-element elementor-element-83c47c4 e-con-full e-flex e-con e-child\" data-id=\"83c47c4\" data-element_type=\"container\" data-e-type=\"container\">\n\t\t\t\t<div class=\"elementor-element elementor-element-7929f94 elementor-widget elementor-widget-image\" data-id=\"7929f94\" data-element_type=\"widget\" data-e-type=\"widget\" data-widget_type=\"image.default\">\n\t\t\t\t\t\t\t\t\t\t\t\t\t\t\t<img decoding=\"async\" width=\"436\" height=\"200\" src=\"https:\/\/www.palosdegolfpersonalizados.com\/wp-content\/uploads\/2025\/10\/sello-doble-confianza-online-pymelegal.png\" class=\"attachment-large size-large wp-image-921\" alt=\"Sello doble de Confianza Online y Confianza en L\u00ednea para p\u00e1gina web segura en Espa\u00f1a\" srcset=\"https:\/\/www.palosdegolfpersonalizados.com\/wp-content\/uploads\/2025\/10\/sello-doble-confianza-online-pymelegal.png 436w, https:\/\/www.palosdegolfpersonalizados.com\/wp-content\/uploads\/2025\/10\/sello-doble-confianza-online-pymelegal-300x138.png 300w\" sizes=\"(max-width: 436px) 100vw, 436px\" \/>\t\t\t\t\t\t\t\t\t\t\t\t\t\t\t<\/div>\n\t\t\t\t<\/div>\n\t\t\t\t\t<\/div>\n\t\t\t\t<\/div>\n\t\t<div class=\"elementor-element elementor-element-5dc5bb5 e-flex e-con-boxed e-con e-parent\" data-id=\"5dc5bb5\" data-element_type=\"container\" data-e-type=\"container\">\n\t\t\t\t\t<div class=\"e-con-inner\">\n\t\t\t\t<div class=\"elementor-element elementor-element-15e9e5e elementor-widget elementor-widget-text-editor\" data-id=\"15e9e5e\" data-element_type=\"widget\" data-e-type=\"widget\" data-widget_type=\"text-editor.default\">\n\t\t\t\t\t\t\t\t\t<p>En <a href=\"https:\/\/www.palosdegolfpersonalizados.com\">www.palosdegolfpersonalizados.com<\/a> todos los pagos se realizan de manera 100% segura puedes\u00a0 confiar en nosotros. Adem\u00e1s, te ofrecemos m\u00faltiples opciones para pagar tu compra. Puedes hacerlo con Tarjeta.<\/p><p><strong>Tarjeta<\/strong><\/p><p>Puedes pagar con tarjeta de cr\u00e9dito o de d\u00e9bito. Aceptamos tarjetas\u00a0<b>Visa<\/b>,\u00a0<b>Mastercard<\/b>,\u00a0<b>American Express<\/b>\u00a0y\u00a0<b>Maestro<\/b>. Nuestros pagos est\u00e1n procesados de manera segura y encriptada por nuestra entidad bancaria\u00a0 y por la gestora de pagos electr\u00f3nicos \u00abSquare\u00bb, \u00abAdyen\u00bb o \u00abAddon Payments\u00bb en funci\u00f3n del pa\u00eds de procedencia del pago.<\/p>\t\t\t\t\t\t\t\t<\/div>\n\t\t\t\t\t<\/div>\n\t\t\t\t<\/div>\n\t\t\t\t<\/div>\n\t\t","protected":false},"excerpt":{"rendered":"<p>FORMAS DE PAGO En www.palosdegolfpersonalizados.com todos los pagos se realizan de manera 100% segura puedes\u00a0 confiar en nosotros. Adem\u00e1s, te ofrecemos m\u00faltiples opciones para pagar tu compra. Puedes hacerlo con Tarjeta. Tarjeta Puedes pagar con tarjeta de cr\u00e9dito o de d\u00e9bito. Aceptamos tarjetas\u00a0Visa,\u00a0Mastercard,\u00a0American Express\u00a0y\u00a0Maestro. Nuestros pagos est\u00e1n procesados de manera segura y encriptada por nuestra [&hellip;]<\/p>\n","protected":false},"author":1,"featured_media":0,"parent":0,"menu_order":0,"comment_status":"closed","ping_status":"closed","template":"","meta":{"_joinchat":[],"footnotes":""},"class_list":["post-1528","page","type-page","status-publish","hentry"],"yoast_head":"<!-- This site is optimized with the Yoast SEO plugin v27.2 - https:\/\/yoast.com\/product\/yoast-seo-wordpress\/ -->\n<title>Formas de pago - Palos de Golf Personalizados<\/title>\n<meta name=\"robots\" content=\"index, follow, max-snippet:-1, max-image-preview:large, max-video-preview:-1\" \/>\n<link rel=\"canonical\" href=\"https:\/\/www.palosdegolfpersonalizados.com\/?page_id=1528\" \/>\n<meta property=\"og:locale\" content=\"en_US\" \/>\n<meta property=\"og:type\" content=\"article\" \/>\n<meta property=\"og:title\" content=\"Formas de pago - Palos de Golf Personalizados\" \/>\n<meta property=\"og:description\" content=\"FORMAS DE PAGO En www.palosdegolfpersonalizados.com todos los pagos se realizan de manera 100% segura puedes\u00a0 confiar en nosotros. Adem\u00e1s, te ofrecemos m\u00faltiples opciones para pagar tu compra. Puedes hacerlo con Tarjeta. Tarjeta Puedes pagar con tarjeta de cr\u00e9dito o de d\u00e9bito. Aceptamos tarjetas\u00a0Visa,\u00a0Mastercard,\u00a0American Express\u00a0y\u00a0Maestro. Nuestros pagos est\u00e1n procesados de manera segura y encriptada por nuestra [&hellip;]\" \/>\n<meta property=\"og:url\" content=\"https:\/\/www.palosdegolfpersonalizados.com\/?page_id=1528\" \/>\n<meta property=\"og:site_name\" content=\"Palos de Golf Personalizados\" \/>\n<meta property=\"article:modified_time\" content=\"2025-11-26T10:43:54+00:00\" \/>\n<meta property=\"og:image\" content=\"https:\/\/www.palosdegolfpersonalizados.com\/wp-content\/uploads\/2025\/10\/sello-union-europea.png\" \/>\n\t<meta property=\"og:image:width\" content=\"400\" \/>\n\t<meta property=\"og:image:height\" content=\"225\" \/>\n\t<meta property=\"og:image:type\" content=\"image\/png\" \/>\n<meta name=\"twitter:card\" content=\"summary_large_image\" \/>\n<meta name=\"twitter:label1\" content=\"Est. reading time\" \/>\n\t<meta name=\"twitter:data1\" content=\"1 minute\" \/>\n<script type=\"application\/ld+json\" class=\"yoast-schema-graph\">{\"@context\":\"https:\/\/schema.org\",\"@graph\":[{\"@type\":\"WebPage\",\"@id\":\"https:\/\/www.palosdegolfpersonalizados.com\/?page_id=1528\",\"url\":\"https:\/\/www.palosdegolfpersonalizados.com\/?page_id=1528\",\"name\":\"Formas de pago - Palos de Golf Personalizados\",\"isPartOf\":{\"@id\":\"https:\/\/www.palosdegolfpersonalizados.com\/#website\"},\"primaryImageOfPage\":{\"@id\":\"https:\/\/www.palosdegolfpersonalizados.com\/?page_id=1528#primaryimage\"},\"image\":{\"@id\":\"https:\/\/www.palosdegolfpersonalizados.com\/?page_id=1528#primaryimage\"},\"thumbnailUrl\":\"https:\/\/www.palosdegolfpersonalizados.com\/wp-content\/uploads\/2025\/10\/sello-union-europea.png\",\"datePublished\":\"2025-11-26T10:41:56+00:00\",\"dateModified\":\"2025-11-26T10:43:54+00:00\",\"breadcrumb\":{\"@id\":\"https:\/\/www.palosdegolfpersonalizados.com\/?page_id=1528#breadcrumb\"},\"inLanguage\":\"en-US\",\"potentialAction\":[{\"@type\":\"ReadAction\",\"target\":[\"https:\/\/www.palosdegolfpersonalizados.com\/?page_id=1528\"]}]},{\"@type\":\"ImageObject\",\"inLanguage\":\"en-US\",\"@id\":\"https:\/\/www.palosdegolfpersonalizados.com\/?page_id=1528#primaryimage\",\"url\":\"https:\/\/www.palosdegolfpersonalizados.com\/wp-content\/uploads\/2025\/10\/sello-union-europea.png\",\"contentUrl\":\"https:\/\/www.palosdegolfpersonalizados.com\/wp-content\/uploads\/2025\/10\/sello-union-europea.png\",\"width\":400,\"height\":225,\"caption\":\"Distintivo financiado por la Uni\u00f3n Europea, apoyo a iniciativas tecnol\u00f3gicas y empresariales en Espa\u00f1a.\"},{\"@type\":\"BreadcrumbList\",\"@id\":\"https:\/\/www.palosdegolfpersonalizados.com\/?page_id=1528#breadcrumb\",\"itemListElement\":[{\"@type\":\"ListItem\",\"position\":1,\"name\":\"Portada\",\"item\":\"https:\/\/www.palosdegolfpersonalizados.com\/\"},{\"@type\":\"ListItem\",\"position\":2,\"name\":\"Formas de pago\"}]},{\"@type\":\"WebSite\",\"@id\":\"https:\/\/www.palosdegolfpersonalizados.com\/#website\",\"url\":\"https:\/\/www.palosdegolfpersonalizados.com\/\",\"name\":\"Palos de Golf Personalizados\",\"description\":\"Palos de Golf Personalizados\",\"publisher\":{\"@id\":\"https:\/\/www.palosdegolfpersonalizados.com\/#organization\"},\"potentialAction\":[{\"@type\":\"SearchAction\",\"target\":{\"@type\":\"EntryPoint\",\"urlTemplate\":\"https:\/\/www.palosdegolfpersonalizados.com\/?s={search_term_string}\"},\"query-input\":{\"@type\":\"PropertyValueSpecification\",\"valueRequired\":true,\"valueName\":\"search_term_string\"}}],\"inLanguage\":\"en-US\"},{\"@type\":\"Organization\",\"@id\":\"https:\/\/www.palosdegolfpersonalizados.com\/#organization\",\"name\":\"Palos de Golf Personalizados\",\"url\":\"https:\/\/www.palosdegolfpersonalizados.com\/\",\"logo\":{\"@type\":\"ImageObject\",\"inLanguage\":\"en-US\",\"@id\":\"https:\/\/www.palosdegolfpersonalizados.com\/#\/schema\/logo\/image\/\",\"url\":\"https:\/\/www.palosdegolfpersonalizados.com\/wp-content\/uploads\/2025\/10\/Logo-Palos-Personalizados-1.png\",\"contentUrl\":\"https:\/\/www.palosdegolfpersonalizados.com\/wp-content\/uploads\/2025\/10\/Logo-Palos-Personalizados-1.png\",\"width\":443,\"height\":163,\"caption\":\"Palos de Golf Personalizados\"},\"image\":{\"@id\":\"https:\/\/www.palosdegolfpersonalizados.com\/#\/schema\/logo\/image\/\"}}]}<\/script>\n<!-- \/ Yoast SEO plugin. -->","yoast_head_json":{"title":"Formas de pago - Palos de Golf Personalizados","robots":{"index":"index","follow":"follow","max-snippet":"max-snippet:-1","max-image-preview":"max-image-preview:large","max-video-preview":"max-video-preview:-1"},"canonical":"https:\/\/www.palosdegolfpersonalizados.com\/?page_id=1528","og_locale":"en_US","og_type":"article","og_title":"Formas de pago - Palos de Golf Personalizados","og_description":"FORMAS DE PAGO En www.palosdegolfpersonalizados.com todos los pagos se realizan de manera 100% segura puedes\u00a0 confiar en nosotros. Adem\u00e1s, te ofrecemos m\u00faltiples opciones para pagar tu compra. Puedes hacerlo con Tarjeta. Tarjeta Puedes pagar con tarjeta de cr\u00e9dito o de d\u00e9bito. Aceptamos tarjetas\u00a0Visa,\u00a0Mastercard,\u00a0American Express\u00a0y\u00a0Maestro. Nuestros pagos est\u00e1n procesados de manera segura y encriptada por nuestra [&hellip;]","og_url":"https:\/\/www.palosdegolfpersonalizados.com\/?page_id=1528","og_site_name":"Palos de Golf Personalizados","article_modified_time":"2025-11-26T10:43:54+00:00","og_image":[{"width":400,"height":225,"url":"https:\/\/www.palosdegolfpersonalizados.com\/wp-content\/uploads\/2025\/10\/sello-union-europea.png","type":"image\/png"}],"twitter_card":"summary_large_image","twitter_misc":{"Est. reading time":"1 minute"},"schema":{"@context":"https:\/\/schema.org","@graph":[{"@type":"WebPage","@id":"https:\/\/www.palosdegolfpersonalizados.com\/?page_id=1528","url":"https:\/\/www.palosdegolfpersonalizados.com\/?page_id=1528","name":"Formas de pago - Palos de Golf Personalizados","isPartOf":{"@id":"https:\/\/www.palosdegolfpersonalizados.com\/#website"},"primaryImageOfPage":{"@id":"https:\/\/www.palosdegolfpersonalizados.com\/?page_id=1528#primaryimage"},"image":{"@id":"https:\/\/www.palosdegolfpersonalizados.com\/?page_id=1528#primaryimage"},"thumbnailUrl":"https:\/\/www.palosdegolfpersonalizados.com\/wp-content\/uploads\/2025\/10\/sello-union-europea.png","datePublished":"2025-11-26T10:41:56+00:00","dateModified":"2025-11-26T10:43:54+00:00","breadcrumb":{"@id":"https:\/\/www.palosdegolfpersonalizados.com\/?page_id=1528#breadcrumb"},"inLanguage":"en-US","potentialAction":[{"@type":"ReadAction","target":["https:\/\/www.palosdegolfpersonalizados.com\/?page_id=1528"]}]},{"@type":"ImageObject","inLanguage":"en-US","@id":"https:\/\/www.palosdegolfpersonalizados.com\/?page_id=1528#primaryimage","url":"https:\/\/www.palosdegolfpersonalizados.com\/wp-content\/uploads\/2025\/10\/sello-union-europea.png","contentUrl":"https:\/\/www.palosdegolfpersonalizados.com\/wp-content\/uploads\/2025\/10\/sello-union-europea.png","width":400,"height":225,"caption":"Distintivo financiado por la Uni\u00f3n Europea, apoyo a iniciativas tecnol\u00f3gicas y empresariales en Espa\u00f1a."},{"@type":"BreadcrumbList","@id":"https:\/\/www.palosdegolfpersonalizados.com\/?page_id=1528#breadcrumb","itemListElement":[{"@type":"ListItem","position":1,"name":"Portada","item":"https:\/\/www.palosdegolfpersonalizados.com\/"},{"@type":"ListItem","position":2,"name":"Formas de pago"}]},{"@type":"WebSite","@id":"https:\/\/www.palosdegolfpersonalizados.com\/#website","url":"https:\/\/www.palosdegolfpersonalizados.com\/","name":"Palos de Golf Personalizados","description":"Palos de Golf Personalizados","publisher":{"@id":"https:\/\/www.palosdegolfpersonalizados.com\/#organization"},"potentialAction":[{"@type":"SearchAction","target":{"@type":"EntryPoint","urlTemplate":"https:\/\/www.palosdegolfpersonalizados.com\/?s={search_term_string}"},"query-input":{"@type":"PropertyValueSpecification","valueRequired":true,"valueName":"search_term_string"}}],"inLanguage":"en-US"},{"@type":"Organization","@id":"https:\/\/www.palosdegolfpersonalizados.com\/#organization","name":"Palos de Golf Personalizados","url":"https:\/\/www.palosdegolfpersonalizados.com\/","logo":{"@type":"ImageObject","inLanguage":"en-US","@id":"https:\/\/www.palosdegolfpersonalizados.com\/#\/schema\/logo\/image\/","url":"https:\/\/www.palosdegolfpersonalizados.com\/wp-content\/uploads\/2025\/10\/Logo-Palos-Personalizados-1.png","contentUrl":"https:\/\/www.palosdegolfpersonalizados.com\/wp-content\/uploads\/2025\/10\/Logo-Palos-Personalizados-1.png","width":443,"height":163,"caption":"Palos de Golf Personalizados"},"image":{"@id":"https:\/\/www.palosdegolfpersonalizados.com\/#\/schema\/logo\/image\/"}}]}},"_links":{"self":[{"href":"https:\/\/www.palosdegolfpersonalizados.com\/index.php?rest_route=\/wp\/v2\/pages\/1528","targetHints":{"allow":["GET"]}}],"collection":[{"href":"https:\/\/www.palosdegolfpersonalizados.com\/index.php?rest_route=\/wp\/v2\/pages"}],"about":[{"href":"https:\/\/www.palosdegolfpersonalizados.com\/index.php?rest_route=\/wp\/v2\/types\/page"}],"author":[{"embeddable":true,"href":"https:\/\/www.palosdegolfpersonalizados.com\/index.php?rest_route=\/wp\/v2\/users\/1"}],"replies":[{"embeddable":true,"href":"https:\/\/www.palosdegolfpersonalizados.com\/index.php?rest_route=%2Fwp%2Fv2%2Fcomments&post=1528"}],"version-history":[{"count":0,"href":"https:\/\/www.palosdegolfpersonalizados.com\/index.php?rest_route=\/wp\/v2\/pages\/1528\/revisions"}],"wp:attachment":[{"href":"https:\/\/www.palosdegolfpersonalizados.com\/index.php?rest_route=%2Fwp%2Fv2%2Fmedia&parent=1528"}],"curies":[{"name":"wp","href":"https:\/\/api.w.org\/{rel}","templated":true}]}}