{"id":75,"date":"2025-10-01T10:51:32","date_gmt":"2025-10-01T10:51:32","guid":{"rendered":"http:\/\/www.palosdegolfpersonalizados.com\/?page_id=75"},"modified":"2025-11-25T11:18:41","modified_gmt":"2025-11-25T11:18:41","slug":"contacto","status":"publish","type":"page","link":"https:\/\/www.palosdegolfpersonalizados.com\/?page_id=75","title":{"rendered":"Contacto"},"content":{"rendered":"\t\t<div data-elementor-type=\"wp-page\" data-elementor-id=\"75\" class=\"elementor elementor-75\">\n\t\t\t\t<div class=\"elementor-element elementor-element-f01fc7b e-flex e-con-boxed e-con e-parent\" data-id=\"f01fc7b\" data-element_type=\"container\" data-e-type=\"container\">\n\t\t\t\t\t<div class=\"e-con-inner\">\n\t\t\t\t<div class=\"elementor-element elementor-element-ccb8b8a elementor-widget elementor-widget-heading\" data-id=\"ccb8b8a\" data-element_type=\"widget\" data-e-type=\"widget\" data-widget_type=\"heading.default\">\n\t\t\t\t\t<h2 class=\"elementor-heading-title elementor-size-default\">Contacto<\/h2>\t\t\t\t<\/div>\n\t\t\t\t\t<\/div>\n\t\t\t\t<\/div>\n\t\t<div class=\"elementor-element elementor-element-42ec6c8 e-flex e-con-boxed e-con e-parent\" data-id=\"42ec6c8\" data-element_type=\"container\" data-e-type=\"container\">\n\t\t\t\t\t<div class=\"e-con-inner\">\n\t\t\t\t<div class=\"elementor-element elementor-element-9014dc2 elementor-widget elementor-widget-text-editor\" data-id=\"9014dc2\" data-element_type=\"widget\" data-e-type=\"widget\" data-widget_type=\"text-editor.default\">\n\t\t\t\t\t\t\t\t\t<p>\u00bfTienes preguntas sobre nuestros palos de golf, fitting o necesitas ayuda para encontrar el modelo ideal? Estamos aqu\u00ed para ayudarte. Completa el formulario o utiliza los datos de contacto a continuaci\u00f3n y nuestro equipo especializado te responder\u00e1 lo antes posible.<\/p><p><strong data-start=\"514\" data-end=\"538\">Horario de atenci\u00f3n:<\/strong> Lunes a Viernes de 9:00 a 20:00<\/p><p><strong>info@golfdesdecasa.com<\/strong><\/p>\t\t\t\t\t\t\t\t<\/div>\n\t\t\t\t\t<\/div>\n\t\t\t\t<\/div>\n\t\t<div class=\"elementor-element elementor-element-86eaab5 e-flex e-con-boxed e-con e-parent\" data-id=\"86eaab5\" data-element_type=\"container\" data-e-type=\"container\">\n\t\t\t\t\t<div class=\"e-con-inner\">\n\t\t\t\t<div class=\"elementor-element elementor-element-689b6ed elementor-widget elementor-widget-shortcode\" data-id=\"689b6ed\" data-element_type=\"widget\" data-e-type=\"widget\" data-widget_type=\"shortcode.default\">\n\t\t\t\t\t\t\t<div class=\"elementor-shortcode\">\n<div class=\"wpcf7 no-js\" id=\"wpcf7-f885-o1\" lang=\"es-ES\" dir=\"ltr\" data-wpcf7-id=\"885\">\n<div class=\"screen-reader-response\"><p role=\"status\" aria-live=\"polite\" aria-atomic=\"true\"><\/p> <ul><\/ul><\/div>\n<form action=\"\/index.php?rest_route=%2Fwp%2Fv2%2Fpages%2F75#wpcf7-f885-o1\" method=\"post\" class=\"wpcf7-form init\" aria-label=\"Formulario de contacto\" novalidate=\"novalidate\" data-status=\"init\">\n<fieldset class=\"hidden-fields-container\"><input type=\"hidden\" name=\"_wpcf7\" value=\"885\" \/><input type=\"hidden\" name=\"_wpcf7_version\" value=\"6.1.5\" \/><input type=\"hidden\" name=\"_wpcf7_locale\" value=\"es_ES\" \/><input type=\"hidden\" name=\"_wpcf7_unit_tag\" value=\"wpcf7-f885-o1\" \/><input type=\"hidden\" name=\"_wpcf7_container_post\" value=\"0\" \/><input type=\"hidden\" name=\"_wpcf7_posted_data_hash\" value=\"\" \/>\n<\/fieldset>\n<form class=\"contact-form\">\n\t<p><input type=\"text\" name=\"nombre\" placeholder=\"NOMBRE\" required \/><br \/>\n<input type=\"email\" name=\"email\" placeholder=\"EMAIL\" required \/><br \/>\n<input type=\"tel\" name=\"telefono\" placeholder=\"TEL\u00c9FONO\" required \/><br \/>\n<input type=\"text\" name=\"ciudad\" placeholder=\"CIUDAD\" required \/><br \/>\n<textarea name=\"mensaje\" rows=\"5\" placeholder=\"MENSAJE\" required><\/textarea><br \/>\n<button type=\"submit\">ENVIAR<\/button>\n\t<\/p>\n<\/form><p style=\"display: none !important;\" class=\"akismet-fields-container\" data-prefix=\"_wpcf7_ak_\"><label>&#916;<textarea name=\"_wpcf7_ak_hp_textarea\" cols=\"45\" rows=\"8\" maxlength=\"100\"><\/textarea><\/label><input type=\"hidden\" id=\"ak_js_1\" name=\"_wpcf7_ak_js\" value=\"99\"\/><script>document.getElementById( \"ak_js_1\" ).setAttribute( \"value\", ( new Date() ).getTime() );<\/script><\/p><div class=\"wpcf7-response-output\" aria-hidden=\"true\"><\/div>\n<\/form>\n<\/div>\n<\/div>\n\t\t\t\t\t\t<\/div>\n\t\t\t\t\t<\/div>\n\t\t\t\t<\/div>\n\t\t<div class=\"elementor-element elementor-element-ef94a19 e-flex e-con-boxed e-con e-parent\" data-id=\"ef94a19\" data-element_type=\"container\" data-e-type=\"container\">\n\t\t\t\t\t<div class=\"e-con-inner\">\n\t\t\t\t<div class=\"elementor-element elementor-element-37f56b0 elementor-widget elementor-widget-spacer\" data-id=\"37f56b0\" data-element_type=\"widget\" data-e-type=\"widget\" data-widget_type=\"spacer.default\">\n\t\t\t\t\t\t\t<div class=\"elementor-spacer\">\n\t\t\t<div class=\"elementor-spacer-inner\"><\/div>\n\t\t<\/div>\n\t\t\t\t\t\t<\/div>\n\t\t\t\t\t<\/div>\n\t\t\t\t<\/div>\n\t\t\t\t<\/div>\n\t\t","protected":false},"excerpt":{"rendered":"<p>Contacto \u00bfTienes preguntas sobre nuestros palos de golf, fitting o necesitas ayuda para encontrar el modelo ideal? Estamos aqu\u00ed para ayudarte. Completa el formulario o utiliza los datos de contacto a continuaci\u00f3n y nuestro equipo especializado te responder\u00e1 lo antes posible. Horario de atenci\u00f3n: Lunes a Viernes de 9:00 a 20:00 info@golfdesdecasa.com<\/p>\n","protected":false},"author":1,"featured_media":0,"parent":0,"menu_order":0,"comment_status":"closed","ping_status":"closed","template":"","meta":{"_joinchat":[],"footnotes":""},"class_list":["post-75","page","type-page","status-publish","hentry"],"yoast_head":"<!-- This site is optimized with the Yoast SEO plugin v27.2 - https:\/\/yoast.com\/product\/yoast-seo-wordpress\/ -->\n<title>Contacto - Palos de Golf Personalizados<\/title>\n<meta name=\"robots\" content=\"index, follow, max-snippet:-1, max-image-preview:large, max-video-preview:-1\" \/>\n<link rel=\"canonical\" href=\"https:\/\/www.palosdegolfpersonalizados.com\/?page_id=75\" \/>\n<meta property=\"og:locale\" content=\"en_US\" \/>\n<meta property=\"og:type\" content=\"article\" \/>\n<meta property=\"og:title\" content=\"Contacto - Palos de Golf Personalizados\" \/>\n<meta property=\"og:description\" content=\"Contacto \u00bfTienes preguntas sobre nuestros palos de golf, fitting o necesitas ayuda para encontrar el modelo ideal? Estamos aqu\u00ed para ayudarte. Completa el formulario o utiliza los datos de contacto a continuaci\u00f3n y nuestro equipo especializado te responder\u00e1 lo antes posible. Horario de atenci\u00f3n: Lunes a Viernes de 9:00 a 20:00 info@golfdesdecasa.com\" \/>\n<meta property=\"og:url\" content=\"https:\/\/www.palosdegolfpersonalizados.com\/?page_id=75\" \/>\n<meta property=\"og:site_name\" content=\"Palos de Golf Personalizados\" \/>\n<meta property=\"article:modified_time\" content=\"2025-11-25T11:18:41+00:00\" \/>\n<meta name=\"twitter:card\" content=\"summary_large_image\" \/>\n<meta name=\"twitter:label1\" content=\"Est. reading time\" \/>\n\t<meta name=\"twitter:data1\" content=\"1 minute\" \/>\n<script type=\"application\/ld+json\" class=\"yoast-schema-graph\">{\"@context\":\"https:\/\/schema.org\",\"@graph\":[{\"@type\":\"WebPage\",\"@id\":\"https:\/\/www.palosdegolfpersonalizados.com\/?page_id=75\",\"url\":\"https:\/\/www.palosdegolfpersonalizados.com\/?page_id=75\",\"name\":\"Contacto - Palos de Golf Personalizados\",\"isPartOf\":{\"@id\":\"https:\/\/www.palosdegolfpersonalizados.com\/#website\"},\"datePublished\":\"2025-10-01T10:51:32+00:00\",\"dateModified\":\"2025-11-25T11:18:41+00:00\",\"breadcrumb\":{\"@id\":\"https:\/\/www.palosdegolfpersonalizados.com\/?page_id=75#breadcrumb\"},\"inLanguage\":\"en-US\",\"potentialAction\":[{\"@type\":\"ReadAction\",\"target\":[\"https:\/\/www.palosdegolfpersonalizados.com\/?page_id=75\"]}]},{\"@type\":\"BreadcrumbList\",\"@id\":\"https:\/\/www.palosdegolfpersonalizados.com\/?page_id=75#breadcrumb\",\"itemListElement\":[{\"@type\":\"ListItem\",\"position\":1,\"name\":\"Portada\",\"item\":\"https:\/\/www.palosdegolfpersonalizados.com\/\"},{\"@type\":\"ListItem\",\"position\":2,\"name\":\"Contacto\"}]},{\"@type\":\"WebSite\",\"@id\":\"https:\/\/www.palosdegolfpersonalizados.com\/#website\",\"url\":\"https:\/\/www.palosdegolfpersonalizados.com\/\",\"name\":\"Palos de Golf Personalizados\",\"description\":\"Palos de Golf Personalizados\",\"publisher\":{\"@id\":\"https:\/\/www.palosdegolfpersonalizados.com\/#organization\"},\"potentialAction\":[{\"@type\":\"SearchAction\",\"target\":{\"@type\":\"EntryPoint\",\"urlTemplate\":\"https:\/\/www.palosdegolfpersonalizados.com\/?s={search_term_string}\"},\"query-input\":{\"@type\":\"PropertyValueSpecification\",\"valueRequired\":true,\"valueName\":\"search_term_string\"}}],\"inLanguage\":\"en-US\"},{\"@type\":\"Organization\",\"@id\":\"https:\/\/www.palosdegolfpersonalizados.com\/#organization\",\"name\":\"Palos de Golf Personalizados\",\"url\":\"https:\/\/www.palosdegolfpersonalizados.com\/\",\"logo\":{\"@type\":\"ImageObject\",\"inLanguage\":\"en-US\",\"@id\":\"https:\/\/www.palosdegolfpersonalizados.com\/#\/schema\/logo\/image\/\",\"url\":\"https:\/\/www.palosdegolfpersonalizados.com\/wp-content\/uploads\/2025\/10\/Logo-Palos-Personalizados-1.png\",\"contentUrl\":\"https:\/\/www.palosdegolfpersonalizados.com\/wp-content\/uploads\/2025\/10\/Logo-Palos-Personalizados-1.png\",\"width\":443,\"height\":163,\"caption\":\"Palos de Golf Personalizados\"},\"image\":{\"@id\":\"https:\/\/www.palosdegolfpersonalizados.com\/#\/schema\/logo\/image\/\"}}]}<\/script>\n<!-- \/ Yoast SEO plugin. -->","yoast_head_json":{"title":"Contacto - Palos de Golf Personalizados","robots":{"index":"index","follow":"follow","max-snippet":"max-snippet:-1","max-image-preview":"max-image-preview:large","max-video-preview":"max-video-preview:-1"},"canonical":"https:\/\/www.palosdegolfpersonalizados.com\/?page_id=75","og_locale":"en_US","og_type":"article","og_title":"Contacto - Palos de Golf Personalizados","og_description":"Contacto \u00bfTienes preguntas sobre nuestros palos de golf, fitting o necesitas ayuda para encontrar el modelo ideal? Estamos aqu\u00ed para ayudarte. Completa el formulario o utiliza los datos de contacto a continuaci\u00f3n y nuestro equipo especializado te responder\u00e1 lo antes posible. Horario de atenci\u00f3n: Lunes a Viernes de 9:00 a 20:00 info@golfdesdecasa.com","og_url":"https:\/\/www.palosdegolfpersonalizados.com\/?page_id=75","og_site_name":"Palos de Golf Personalizados","article_modified_time":"2025-11-25T11:18:41+00:00","twitter_card":"summary_large_image","twitter_misc":{"Est. reading time":"1 minute"},"schema":{"@context":"https:\/\/schema.org","@graph":[{"@type":"WebPage","@id":"https:\/\/www.palosdegolfpersonalizados.com\/?page_id=75","url":"https:\/\/www.palosdegolfpersonalizados.com\/?page_id=75","name":"Contacto - Palos de Golf Personalizados","isPartOf":{"@id":"https:\/\/www.palosdegolfpersonalizados.com\/#website"},"datePublished":"2025-10-01T10:51:32+00:00","dateModified":"2025-11-25T11:18:41+00:00","breadcrumb":{"@id":"https:\/\/www.palosdegolfpersonalizados.com\/?page_id=75#breadcrumb"},"inLanguage":"en-US","potentialAction":[{"@type":"ReadAction","target":["https:\/\/www.palosdegolfpersonalizados.com\/?page_id=75"]}]},{"@type":"BreadcrumbList","@id":"https:\/\/www.palosdegolfpersonalizados.com\/?page_id=75#breadcrumb","itemListElement":[{"@type":"ListItem","position":1,"name":"Portada","item":"https:\/\/www.palosdegolfpersonalizados.com\/"},{"@type":"ListItem","position":2,"name":"Contacto"}]},{"@type":"WebSite","@id":"https:\/\/www.palosdegolfpersonalizados.com\/#website","url":"https:\/\/www.palosdegolfpersonalizados.com\/","name":"Palos de Golf Personalizados","description":"Palos de Golf Personalizados","publisher":{"@id":"https:\/\/www.palosdegolfpersonalizados.com\/#organization"},"potentialAction":[{"@type":"SearchAction","target":{"@type":"EntryPoint","urlTemplate":"https:\/\/www.palosdegolfpersonalizados.com\/?s={search_term_string}"},"query-input":{"@type":"PropertyValueSpecification","valueRequired":true,"valueName":"search_term_string"}}],"inLanguage":"en-US"},{"@type":"Organization","@id":"https:\/\/www.palosdegolfpersonalizados.com\/#organization","name":"Palos de Golf Personalizados","url":"https:\/\/www.palosdegolfpersonalizados.com\/","logo":{"@type":"ImageObject","inLanguage":"en-US","@id":"https:\/\/www.palosdegolfpersonalizados.com\/#\/schema\/logo\/image\/","url":"https:\/\/www.palosdegolfpersonalizados.com\/wp-content\/uploads\/2025\/10\/Logo-Palos-Personalizados-1.png","contentUrl":"https:\/\/www.palosdegolfpersonalizados.com\/wp-content\/uploads\/2025\/10\/Logo-Palos-Personalizados-1.png","width":443,"height":163,"caption":"Palos de Golf Personalizados"},"image":{"@id":"https:\/\/www.palosdegolfpersonalizados.com\/#\/schema\/logo\/image\/"}}]}},"_links":{"self":[{"href":"https:\/\/www.palosdegolfpersonalizados.com\/index.php?rest_route=\/wp\/v2\/pages\/75","targetHints":{"allow":["GET"]}}],"collection":[{"href":"https:\/\/www.palosdegolfpersonalizados.com\/index.php?rest_route=\/wp\/v2\/pages"}],"about":[{"href":"https:\/\/www.palosdegolfpersonalizados.com\/index.php?rest_route=\/wp\/v2\/types\/page"}],"author":[{"embeddable":true,"href":"https:\/\/www.palosdegolfpersonalizados.com\/index.php?rest_route=\/wp\/v2\/users\/1"}],"replies":[{"embeddable":true,"href":"https:\/\/www.palosdegolfpersonalizados.com\/index.php?rest_route=%2Fwp%2Fv2%2Fcomments&post=75"}],"version-history":[{"count":0,"href":"https:\/\/www.palosdegolfpersonalizados.com\/index.php?rest_route=\/wp\/v2\/pages\/75\/revisions"}],"wp:attachment":[{"href":"https:\/\/www.palosdegolfpersonalizados.com\/index.php?rest_route=%2Fwp%2Fv2%2Fmedia&parent=75"}],"curies":[{"name":"wp","href":"https:\/\/api.w.org\/{rel}","templated":true}]}}