{"id":100,"date":"2025-10-02T11:50:35","date_gmt":"2025-10-02T11:50:35","guid":{"rendered":"https:\/\/www.palosdegolfpersonalizados.com\/?post_type=product&#038;p=100"},"modified":"2025-11-13T13:19:45","modified_gmt":"2025-11-13T13:19:45","slug":"putter-de-golf-bb28-bettinardi","status":"publish","type":"product","link":"https:\/\/www.palosdegolfpersonalizados.com\/?product=putter-de-golf-bb28-bettinardi","title":{"rendered":"Putter BB28 Bettinardi"},"content":{"rendered":"<h3 data-start=\"341\" data-end=\"719\">Descubre el futuro del golf con el Putter BB28 Bettinardi<\/h3>\n<p data-start=\"967\" data-end=\"1262\"><strong data-start=\"967\" data-end=\"991\">ACERO INOXIDABLE 303<\/strong><br data-start=\"991\" data-end=\"994\" \/>Cada putter de la Serie BB est\u00e1 fresado en una sola pieza de acero inoxidable 303, el mismo material preferido por el equipo Bettinardi Tour en todo el mundo. Este metal ofrece un putter m\u00e1s duradero, receptivo y con una sensaci\u00f3n s\u00f3lida para un rendimiento supremo.<\/p>\n<p data-start=\"1264\" data-end=\"1671\"><strong data-start=\"1264\" data-end=\"1301\">FRESADO DE CARA PERPETUAL FLYMILL<\/strong><br data-start=\"1301\" data-end=\"1304\" \/>Redefiniendo la precisi\u00f3n en el putting, la tecnolog\u00eda de fresado de cara Perpetual Flymill ahora se ve potenciada por una precisi\u00f3n sonora. Esta innovadora tecnolog\u00eda proporciona un rodamiento constante, asegurando que los putts comiencen rectos y en l\u00ednea con el objetivo. Cada golpe produce un tono distintivo que brinda retroalimentaci\u00f3n instant\u00e1nea al jugador.<\/p>\n<p data-start=\"1673\" data-end=\"1987\"><strong data-start=\"1673\" data-end=\"1700\">ACABADO BLACK PEARL PVD<\/strong><br data-start=\"1700\" data-end=\"1703\" \/>El profundo y lujoso tono negro del acabado Black Pearl PVD no solo irradia sofisticaci\u00f3n, sino que tambi\u00e9n aporta un extra de confianza al colocarse sobre la bola. M\u00e1s all\u00e1 de su apariencia llamativa, el recubrimiento PVD es altamente resistente al desgaste, rayaduras y corrosi\u00f3n.<\/p>\n<p data-start=\"1989\" data-end=\"2207\"><strong data-start=\"1989\" data-end=\"2012\">COMPONENTES PREMIUM<\/strong><br data-start=\"2012\" data-end=\"2015\" \/>Cada putter de la Serie BB se entrega con un shaft Black PVD Tour Grade, un grip Lamkin personalizado en azul el\u00e9ctrico y una funda magn\u00e9tica BB Series fabricada en cuero y fibra de carbono.<\/p>\n","protected":false},"excerpt":{"rendered":"<p>Tras un exitoso debut en la \u00faltima l\u00ednea BB, RJB llev\u00f3 su <strong data-start=\"205\" data-end=\"213\">BB28<\/strong> de regreso al taller para realizar modificaciones art\u00edsticas y revolucionarias que dieron como resultado el nuevo y refinado <strong data-start=\"339\" data-end=\"356\">BB28 Slotback<\/strong>. Este blade de cuerpo ancho mejorado es ligeramente m\u00e1s compacto, con una longitud reducida de tal\u00f3n a punta y una cavidad m\u00e1s corta, adem\u00e1s de m\u00fasculos y parachoques m\u00e1s altos. El <em data-start=\"538\" data-end=\"548\">slotback<\/em> fresado en la parte posterior funciona como una ayuda natural de alineaci\u00f3n, permiti\u00e9ndote encuadrar la bola perfectamente en la posici\u00f3n de direcci\u00f3n. El BB28 Slotback, casi equilibrado en la cara, cuenta con un shaft de curvatura simple que fluye de manera impecable hacia el cuello <em data-start=\"834\" data-end=\"840\">spud<\/em>, ofreciendo un offset de tres cuartos de varilla para una colocaci\u00f3n sencilla y un golpe de putt constante y sin esfuerzo.<\/p>\n<p><img decoding=\"async\" class=\"alignnone size-medium wp-image-1442\" src=\"https:\/\/www.palosdegolfpersonalizados.com\/wp-content\/uploads\/2025\/10\/Ventajas-Golf-300x49.png\" alt=\"\" width=\"300\" height=\"49\" srcset=\"https:\/\/www.palosdegolfpersonalizados.com\/wp-content\/uploads\/2025\/10\/Ventajas-Golf-300x49.png 300w, https:\/\/www.palosdegolfpersonalizados.com\/wp-content\/uploads\/2025\/10\/Ventajas-Golf-1024x167.png 1024w, https:\/\/www.palosdegolfpersonalizados.com\/wp-content\/uploads\/2025\/10\/Ventajas-Golf-768x125.png 768w, https:\/\/www.palosdegolfpersonalizados.com\/wp-content\/uploads\/2025\/10\/Ventajas-Golf-1536x251.png 1536w, https:\/\/www.palosdegolfpersonalizados.com\/wp-content\/uploads\/2025\/10\/Ventajas-Golf-2048x335.png 2048w, https:\/\/www.palosdegolfpersonalizados.com\/wp-content\/uploads\/2025\/10\/Ventajas-Golf-600x98.png 600w\" sizes=\"(max-width: 300px) 100vw, 300px\" \/><\/p>\n<p><img fetchpriority=\"high\" decoding=\"async\" class=\"alignnone size-medium wp-image-1441\" src=\"https:\/\/www.palosdegolfpersonalizados.com\/wp-content\/uploads\/2025\/10\/Etiqueta-nueva-min-3-1-300x200.png\" alt=\"\" width=\"300\" height=\"200\" \/><\/p>\n","protected":false},"featured_media":101,"comment_status":"closed","ping_status":"closed","template":"","meta":{"_joinchat":[]},"product_brand":[],"product_cat":[17,35,23,41],"product_tag":[100],"class_list":{"0":"post-100","1":"product","2":"type-product","3":"status-publish","4":"has-post-thumbnail","6":"product_cat-palos-de-golf-hombre","7":"product_cat-palos-de-golf-mujer","8":"product_cat-putter-golf-hombre","9":"product_cat-putter-golf-mujer","10":"product_tag-bettinardi-golf","12":"first","13":"instock","14":"shipping-taxable","15":"purchasable","16":"product-type-simple"},"yoast_head":"<!-- This site is optimized with the Yoast SEO plugin v27.2 - https:\/\/yoast.com\/product\/yoast-seo-wordpress\/ -->\n<title>Putter BB28 Bettinardi - Palos de Golf Personalizados<\/title>\n<meta name=\"description\" content=\"Putter BB28 Bettinardi, el rendimiento profesional que necesitas con todo el control total y sensaci\u00f3n perfecta en el green.\" \/>\n<meta name=\"robots\" content=\"index, follow, max-snippet:-1, max-image-preview:large, max-video-preview:-1\" \/>\n<link rel=\"canonical\" href=\"https:\/\/www.palosdegolfpersonalizados.com\/?product=putter-de-golf-bb28-bettinardi\" \/>\n<meta property=\"og:locale\" content=\"en_US\" \/>\n<meta property=\"og:type\" content=\"article\" \/>\n<meta property=\"og:title\" content=\"Putter BB28 Bettinardi - Palos de Golf Personalizados\" \/>\n<meta property=\"og:description\" content=\"Putter BB28 Bettinardi, el rendimiento profesional que necesitas con todo el control total y sensaci\u00f3n perfecta en el green.\" \/>\n<meta property=\"og:url\" content=\"https:\/\/www.palosdegolfpersonalizados.com\/?product=putter-de-golf-bb28-bettinardi\" \/>\n<meta property=\"og:site_name\" content=\"Palos de Golf Personalizados\" \/>\n<meta property=\"article:modified_time\" content=\"2025-11-13T13:19:45+00:00\" \/>\n<meta property=\"og:image\" content=\"https:\/\/www.palosdegolfpersonalizados.com\/wp-content\/uploads\/2025\/10\/24-BB28SB-SPUD-SOLE_900x.webp\" \/>\n\t<meta property=\"og:image:width\" content=\"900\" \/>\n\t<meta property=\"og:image:height\" content=\"900\" \/>\n\t<meta property=\"og:image:type\" content=\"image\/webp\" \/>\n<meta name=\"twitter:card\" content=\"summary_large_image\" \/>\n<meta name=\"twitter:label1\" content=\"Est. reading time\" \/>\n\t<meta name=\"twitter:data1\" content=\"2 minutes\" \/>\n<script type=\"application\/ld+json\" class=\"yoast-schema-graph\">{\"@context\":\"https:\/\/schema.org\",\"@graph\":[{\"@type\":\"WebPage\",\"@id\":\"https:\/\/www.palosdegolfpersonalizados.com\/?product=putter-de-golf-bb28-bettinardi\",\"url\":\"https:\/\/www.palosdegolfpersonalizados.com\/?product=putter-de-golf-bb28-bettinardi\",\"name\":\"Putter BB28 Bettinardi - Palos de Golf Personalizados\",\"isPartOf\":{\"@id\":\"https:\/\/www.palosdegolfpersonalizados.com\/#website\"},\"primaryImageOfPage\":{\"@id\":\"https:\/\/www.palosdegolfpersonalizados.com\/?product=putter-de-golf-bb28-bettinardi#primaryimage\"},\"image\":{\"@id\":\"https:\/\/www.palosdegolfpersonalizados.com\/?product=putter-de-golf-bb28-bettinardi#primaryimage\"},\"thumbnailUrl\":\"https:\/\/www.palosdegolfpersonalizados.com\/wp-content\/uploads\/2025\/10\/24-BB28SB-SPUD-SOLE_900x.webp\",\"datePublished\":\"2025-10-02T11:50:35+00:00\",\"dateModified\":\"2025-11-13T13:19:45+00:00\",\"description\":\"Putter BB28 Bettinardi, el rendimiento profesional que necesitas con todo el control total y sensaci\u00f3n perfecta en el green.\",\"breadcrumb\":{\"@id\":\"https:\/\/www.palosdegolfpersonalizados.com\/?product=putter-de-golf-bb28-bettinardi#breadcrumb\"},\"inLanguage\":\"en-US\",\"potentialAction\":[{\"@type\":\"ReadAction\",\"target\":[\"https:\/\/www.palosdegolfpersonalizados.com\/?product=putter-de-golf-bb28-bettinardi\"]}]},{\"@type\":\"ImageObject\",\"inLanguage\":\"en-US\",\"@id\":\"https:\/\/www.palosdegolfpersonalizados.com\/?product=putter-de-golf-bb28-bettinardi#primaryimage\",\"url\":\"https:\/\/www.palosdegolfpersonalizados.com\/wp-content\/uploads\/2025\/10\/24-BB28SB-SPUD-SOLE_900x.webp\",\"contentUrl\":\"https:\/\/www.palosdegolfpersonalizados.com\/wp-content\/uploads\/2025\/10\/24-BB28SB-SPUD-SOLE_900x.webp\",\"width\":900,\"height\":900,\"caption\":\"Putter BB28 Bettinardi equilibrado.\"},{\"@type\":\"BreadcrumbList\",\"@id\":\"https:\/\/www.palosdegolfpersonalizados.com\/?product=putter-de-golf-bb28-bettinardi#breadcrumb\",\"itemListElement\":[{\"@type\":\"ListItem\",\"position\":1,\"name\":\"Portada\",\"item\":\"https:\/\/www.palosdegolfpersonalizados.com\/\"},{\"@type\":\"ListItem\",\"position\":2,\"name\":\"Tienda de Golf\",\"item\":\"https:\/\/www.palosdegolfpersonalizados.com\/?page_id=8\"},{\"@type\":\"ListItem\",\"position\":3,\"name\":\"Putter BB28 Bettinardi\"}]},{\"@type\":\"WebSite\",\"@id\":\"https:\/\/www.palosdegolfpersonalizados.com\/#website\",\"url\":\"https:\/\/www.palosdegolfpersonalizados.com\/\",\"name\":\"Palos de Golf Personalizados\",\"description\":\"Palos de Golf Personalizados\",\"publisher\":{\"@id\":\"https:\/\/www.palosdegolfpersonalizados.com\/#organization\"},\"potentialAction\":[{\"@type\":\"SearchAction\",\"target\":{\"@type\":\"EntryPoint\",\"urlTemplate\":\"https:\/\/www.palosdegolfpersonalizados.com\/?s={search_term_string}\"},\"query-input\":{\"@type\":\"PropertyValueSpecification\",\"valueRequired\":true,\"valueName\":\"search_term_string\"}}],\"inLanguage\":\"en-US\"},{\"@type\":\"Organization\",\"@id\":\"https:\/\/www.palosdegolfpersonalizados.com\/#organization\",\"name\":\"Palos de Golf Personalizados\",\"url\":\"https:\/\/www.palosdegolfpersonalizados.com\/\",\"logo\":{\"@type\":\"ImageObject\",\"inLanguage\":\"en-US\",\"@id\":\"https:\/\/www.palosdegolfpersonalizados.com\/#\/schema\/logo\/image\/\",\"url\":\"https:\/\/www.palosdegolfpersonalizados.com\/wp-content\/uploads\/2025\/10\/Logo-Palos-Personalizados-1.png\",\"contentUrl\":\"https:\/\/www.palosdegolfpersonalizados.com\/wp-content\/uploads\/2025\/10\/Logo-Palos-Personalizados-1.png\",\"width\":443,\"height\":163,\"caption\":\"Palos de Golf Personalizados\"},\"image\":{\"@id\":\"https:\/\/www.palosdegolfpersonalizados.com\/#\/schema\/logo\/image\/\"}}]}<\/script>\n<!-- \/ Yoast SEO plugin. -->","yoast_head_json":{"title":"Putter BB28 Bettinardi - Palos de Golf Personalizados","description":"Putter BB28 Bettinardi, el rendimiento profesional que necesitas con todo el control total y sensaci\u00f3n perfecta en el green.","robots":{"index":"index","follow":"follow","max-snippet":"max-snippet:-1","max-image-preview":"max-image-preview:large","max-video-preview":"max-video-preview:-1"},"canonical":"https:\/\/www.palosdegolfpersonalizados.com\/?product=putter-de-golf-bb28-bettinardi","og_locale":"en_US","og_type":"article","og_title":"Putter BB28 Bettinardi - Palos de Golf Personalizados","og_description":"Putter BB28 Bettinardi, el rendimiento profesional que necesitas con todo el control total y sensaci\u00f3n perfecta en el green.","og_url":"https:\/\/www.palosdegolfpersonalizados.com\/?product=putter-de-golf-bb28-bettinardi","og_site_name":"Palos de Golf Personalizados","article_modified_time":"2025-11-13T13:19:45+00:00","og_image":[{"width":900,"height":900,"url":"https:\/\/www.palosdegolfpersonalizados.com\/wp-content\/uploads\/2025\/10\/24-BB28SB-SPUD-SOLE_900x.webp","type":"image\/webp"}],"twitter_card":"summary_large_image","twitter_misc":{"Est. reading time":"2 minutes"},"schema":{"@context":"https:\/\/schema.org","@graph":[{"@type":"WebPage","@id":"https:\/\/www.palosdegolfpersonalizados.com\/?product=putter-de-golf-bb28-bettinardi","url":"https:\/\/www.palosdegolfpersonalizados.com\/?product=putter-de-golf-bb28-bettinardi","name":"Putter BB28 Bettinardi - Palos de Golf Personalizados","isPartOf":{"@id":"https:\/\/www.palosdegolfpersonalizados.com\/#website"},"primaryImageOfPage":{"@id":"https:\/\/www.palosdegolfpersonalizados.com\/?product=putter-de-golf-bb28-bettinardi#primaryimage"},"image":{"@id":"https:\/\/www.palosdegolfpersonalizados.com\/?product=putter-de-golf-bb28-bettinardi#primaryimage"},"thumbnailUrl":"https:\/\/www.palosdegolfpersonalizados.com\/wp-content\/uploads\/2025\/10\/24-BB28SB-SPUD-SOLE_900x.webp","datePublished":"2025-10-02T11:50:35+00:00","dateModified":"2025-11-13T13:19:45+00:00","description":"Putter BB28 Bettinardi, el rendimiento profesional que necesitas con todo el control total y sensaci\u00f3n perfecta en el green.","breadcrumb":{"@id":"https:\/\/www.palosdegolfpersonalizados.com\/?product=putter-de-golf-bb28-bettinardi#breadcrumb"},"inLanguage":"en-US","potentialAction":[{"@type":"ReadAction","target":["https:\/\/www.palosdegolfpersonalizados.com\/?product=putter-de-golf-bb28-bettinardi"]}]},{"@type":"ImageObject","inLanguage":"en-US","@id":"https:\/\/www.palosdegolfpersonalizados.com\/?product=putter-de-golf-bb28-bettinardi#primaryimage","url":"https:\/\/www.palosdegolfpersonalizados.com\/wp-content\/uploads\/2025\/10\/24-BB28SB-SPUD-SOLE_900x.webp","contentUrl":"https:\/\/www.palosdegolfpersonalizados.com\/wp-content\/uploads\/2025\/10\/24-BB28SB-SPUD-SOLE_900x.webp","width":900,"height":900,"caption":"Putter BB28 Bettinardi equilibrado."},{"@type":"BreadcrumbList","@id":"https:\/\/www.palosdegolfpersonalizados.com\/?product=putter-de-golf-bb28-bettinardi#breadcrumb","itemListElement":[{"@type":"ListItem","position":1,"name":"Portada","item":"https:\/\/www.palosdegolfpersonalizados.com\/"},{"@type":"ListItem","position":2,"name":"Tienda de Golf","item":"https:\/\/www.palosdegolfpersonalizados.com\/?page_id=8"},{"@type":"ListItem","position":3,"name":"Putter BB28 Bettinardi"}]},{"@type":"WebSite","@id":"https:\/\/www.palosdegolfpersonalizados.com\/#website","url":"https:\/\/www.palosdegolfpersonalizados.com\/","name":"Palos de Golf Personalizados","description":"Palos de Golf Personalizados","publisher":{"@id":"https:\/\/www.palosdegolfpersonalizados.com\/#organization"},"potentialAction":[{"@type":"SearchAction","target":{"@type":"EntryPoint","urlTemplate":"https:\/\/www.palosdegolfpersonalizados.com\/?s={search_term_string}"},"query-input":{"@type":"PropertyValueSpecification","valueRequired":true,"valueName":"search_term_string"}}],"inLanguage":"en-US"},{"@type":"Organization","@id":"https:\/\/www.palosdegolfpersonalizados.com\/#organization","name":"Palos de Golf Personalizados","url":"https:\/\/www.palosdegolfpersonalizados.com\/","logo":{"@type":"ImageObject","inLanguage":"en-US","@id":"https:\/\/www.palosdegolfpersonalizados.com\/#\/schema\/logo\/image\/","url":"https:\/\/www.palosdegolfpersonalizados.com\/wp-content\/uploads\/2025\/10\/Logo-Palos-Personalizados-1.png","contentUrl":"https:\/\/www.palosdegolfpersonalizados.com\/wp-content\/uploads\/2025\/10\/Logo-Palos-Personalizados-1.png","width":443,"height":163,"caption":"Palos de Golf Personalizados"},"image":{"@id":"https:\/\/www.palosdegolfpersonalizados.com\/#\/schema\/logo\/image\/"}}]}},"_links":{"self":[{"href":"https:\/\/www.palosdegolfpersonalizados.com\/index.php?rest_route=\/wp\/v2\/product\/100","targetHints":{"allow":["GET"]}}],"collection":[{"href":"https:\/\/www.palosdegolfpersonalizados.com\/index.php?rest_route=\/wp\/v2\/product"}],"about":[{"href":"https:\/\/www.palosdegolfpersonalizados.com\/index.php?rest_route=\/wp\/v2\/types\/product"}],"replies":[{"embeddable":true,"href":"https:\/\/www.palosdegolfpersonalizados.com\/index.php?rest_route=%2Fwp%2Fv2%2Fcomments&post=100"}],"wp:featuredmedia":[{"embeddable":true,"href":"https:\/\/www.palosdegolfpersonalizados.com\/index.php?rest_route=\/wp\/v2\/media\/101"}],"wp:attachment":[{"href":"https:\/\/www.palosdegolfpersonalizados.com\/index.php?rest_route=%2Fwp%2Fv2%2Fmedia&parent=100"}],"wp:term":[{"taxonomy":"product_brand","embeddable":true,"href":"https:\/\/www.palosdegolfpersonalizados.com\/index.php?rest_route=%2Fwp%2Fv2%2Fproduct_brand&post=100"},{"taxonomy":"product_cat","embeddable":true,"href":"https:\/\/www.palosdegolfpersonalizados.com\/index.php?rest_route=%2Fwp%2Fv2%2Fproduct_cat&post=100"},{"taxonomy":"product_tag","embeddable":true,"href":"https:\/\/www.palosdegolfpersonalizados.com\/index.php?rest_route=%2Fwp%2Fv2%2Fproduct_tag&post=100"}],"curies":[{"name":"wp","href":"https:\/\/api.w.org\/{rel}","templated":true}]}}