{"id":106,"date":"2025-10-02T11:55:15","date_gmt":"2025-10-02T11:55:15","guid":{"rendered":"https:\/\/www.palosdegolfpersonalizados.com\/?post_type=product&#038;p=106"},"modified":"2025-11-13T13:19:12","modified_gmt":"2025-11-13T13:19:12","slug":"putter-de-golf-studio-stock-28-bettinardi","status":"publish","type":"product","link":"https:\/\/www.palosdegolfpersonalizados.com\/?product=putter-de-golf-studio-stock-28-bettinardi","title":{"rendered":"Putter Studio Stock 28 Bettinardi"},"content":{"rendered":"<h3 data-start=\"341\" data-end=\"719\">Descubre el futuro del golf con el Putter Studio Stock 28 Bettinardi<\/h3>\n<p data-start=\"1071\" data-end=\"1508\"><strong data-start=\"1071\" data-end=\"1131\">NUEVA TECNOLOG\u00cdA DE FRESADO DE CARA \u2013 ROLL CONTROL FACE\u2122<\/strong><br data-start=\"1131\" data-end=\"1134\" \/>Desarrollada en conjunto con los mejores jugadores del mundo y los putters de mayor rendimiento en el Tour, nuestra nueva tecnolog\u00eda de fresado de cara <strong data-start=\"1286\" data-end=\"1308\">Roll Control Face\u2122<\/strong> fue dise\u00f1ada cient\u00edficamente con un perfil de ranura asim\u00e9trica que promueve mayor <em data-start=\"1392\" data-end=\"1401\">topspin<\/em> en el impacto y acorta la distancia que tarda la bola en entrar en un rodamiento verdadero en cada putt.<\/p>\n<p data-start=\"1510\" data-end=\"1668\">Sin necesidad de insertos, el <strong data-start=\"1540\" data-end=\"1562\">Roll Control Face\u2122<\/strong> ofrece a los jugadores una sensaci\u00f3n excepcional y una retroalimentaci\u00f3n ac\u00fastica \u00f3ptima en el impacto.<\/p>\n<p data-start=\"1670\" data-end=\"2065\"><strong data-start=\"1670\" data-end=\"1701\">NUEVO ACABADO DIAMOND BLAST<\/strong><br data-start=\"1701\" data-end=\"1704\" \/>Nuestro suave acabado <strong data-start=\"1726\" data-end=\"1743\">Diamond Blast<\/strong> es completamente nuevo para 2021, brindando a cada modelo un renovado aspecto plateado que ofrece una apariencia limpia en la posici\u00f3n de direcci\u00f3n. Este acabado antirreflejante se complementa con un esquema de pintura en rojo y negro n\u00edtido, para una est\u00e9tica profesional y elegante que realza cualquier bolsa de golf.<\/p>\n<p data-start=\"2067\" data-end=\"2462\"><strong data-start=\"2067\" data-end=\"2091\">ACERO INOXIDABLE 303<\/strong><br data-start=\"2091\" data-end=\"2094\" \/>Todos nuestros putters de producci\u00f3n est\u00e1n fresados a partir de una mezcla patentada de acero inoxidable 303. Al fabricar todos nuestros putters en nuestra propia planta de producci\u00f3n, seleccionamos \u00fanicamente las mejores aleaciones de acero, que permiten una excepcional maquinabilidad y una sensaci\u00f3n inolvidable en el impacto una vez que el putter est\u00e1 terminado.<\/p>\n","protected":false},"excerpt":{"rendered":"<p>Robert Bettinardi contin\u00faa su \u00e9xito en la perfecci\u00f3n de su putter Armlock de clase mundial con el Studio Stock 28 (2021-22). Dise\u00f1ado y desarrollado con la retroalimentaci\u00f3n directa de Matt Kuchar, ganador de 9 torneos del PGA Tour y embajador de la marca desde hace a\u00f1os, el Studio Stock 28 lleva el modelo ganador en m\u00faltiples Tours a jugadores Armlock de cualquier nivel. Fresado con precisi\u00f3n a 400 gramos, Robert Bettinardi elimin\u00f3 el slotback presente en la Serie SS de 2019 para mejorar la colocaci\u00f3n en la direcci\u00f3n e inspirar confianza en los greens. El SS28 Arm Lock cuenta con un offset de una varilla y 5 grados de loft para ayudar a la correcta colocaci\u00f3n y lograr un rodamiento efectivo de la bola con el estilo armlock. La tecnolog\u00eda pionera de Robert contin\u00faa siendo el est\u00e1ndar de oro en la t\u00e9cnica Armlock, como uno de los \u00fanicos putters Armlock fresados con precisi\u00f3n en EE. UU., fabricados para el golfista cotidiano y confiados por jugadores profesionales del Tour en todo el mundo.<\/p>\n<p><img decoding=\"async\" class=\"alignnone size-medium wp-image-1442\" src=\"https:\/\/www.palosdegolfpersonalizados.com\/wp-content\/uploads\/2025\/10\/Ventajas-Golf-300x49.png\" alt=\"\" width=\"300\" height=\"49\" srcset=\"https:\/\/www.palosdegolfpersonalizados.com\/wp-content\/uploads\/2025\/10\/Ventajas-Golf-300x49.png 300w, https:\/\/www.palosdegolfpersonalizados.com\/wp-content\/uploads\/2025\/10\/Ventajas-Golf-1024x167.png 1024w, https:\/\/www.palosdegolfpersonalizados.com\/wp-content\/uploads\/2025\/10\/Ventajas-Golf-768x125.png 768w, https:\/\/www.palosdegolfpersonalizados.com\/wp-content\/uploads\/2025\/10\/Ventajas-Golf-1536x251.png 1536w, https:\/\/www.palosdegolfpersonalizados.com\/wp-content\/uploads\/2025\/10\/Ventajas-Golf-2048x335.png 2048w, https:\/\/www.palosdegolfpersonalizados.com\/wp-content\/uploads\/2025\/10\/Ventajas-Golf-600x98.png 600w\" sizes=\"(max-width: 300px) 100vw, 300px\" \/><\/p>\n<p><img fetchpriority=\"high\" decoding=\"async\" class=\"alignnone size-medium wp-image-1441\" src=\"https:\/\/www.palosdegolfpersonalizados.com\/wp-content\/uploads\/2025\/10\/Etiqueta-nueva-min-3-1-300x200.png\" alt=\"\" width=\"300\" height=\"200\" \/><\/p>\n","protected":false},"featured_media":107,"comment_status":"closed","ping_status":"closed","template":"","meta":{"_joinchat":[]},"product_brand":[],"product_cat":[17,35,23,41],"product_tag":[100],"class_list":{"0":"post-106","1":"product","2":"type-product","3":"status-publish","4":"has-post-thumbnail","6":"product_cat-palos-de-golf-hombre","7":"product_cat-palos-de-golf-mujer","8":"product_cat-putter-golf-hombre","9":"product_cat-putter-golf-mujer","10":"product_tag-bettinardi-golf","12":"first","13":"instock","14":"shipping-taxable","15":"purchasable","16":"product-type-simple"},"yoast_head":"<!-- This site is optimized with the Yoast SEO plugin v27.2 - https:\/\/yoast.com\/product\/yoast-seo-wordpress\/ -->\n<title>Putter Studio Stock 28 Bettinardi - Palos de Golf Personalizados<\/title>\n<meta name=\"description\" content=\"Putter Studio Stock 28 Bettinardi, la precisi\u00f3n artesanal y equilibrio premium para golfistas exigentes es todo lo que incluye este palo.\" \/>\n<meta name=\"robots\" content=\"index, follow, max-snippet:-1, max-image-preview:large, max-video-preview:-1\" \/>\n<link rel=\"canonical\" href=\"https:\/\/www.palosdegolfpersonalizados.com\/?product=putter-de-golf-studio-stock-28-bettinardi\" \/>\n<meta property=\"og:locale\" content=\"en_US\" \/>\n<meta property=\"og:type\" content=\"article\" \/>\n<meta property=\"og:title\" content=\"Putter Studio Stock 28 Bettinardi - Palos de Golf Personalizados\" \/>\n<meta property=\"og:description\" content=\"Putter Studio Stock 28 Bettinardi, la precisi\u00f3n artesanal y equilibrio premium para golfistas exigentes es todo lo que incluye este palo.\" \/>\n<meta property=\"og:url\" content=\"https:\/\/www.palosdegolfpersonalizados.com\/?product=putter-de-golf-studio-stock-28-bettinardi\" \/>\n<meta property=\"og:site_name\" content=\"Palos de Golf Personalizados\" \/>\n<meta property=\"article:modified_time\" content=\"2025-11-13T13:19:12+00:00\" \/>\n<meta property=\"og:image\" content=\"https:\/\/www.palosdegolfpersonalizados.com\/wp-content\/uploads\/2025\/10\/SS28-AL-4_720x.webp\" \/>\n\t<meta property=\"og:image:width\" content=\"720\" \/>\n\t<meta property=\"og:image:height\" content=\"720\" \/>\n\t<meta property=\"og:image:type\" content=\"image\/webp\" \/>\n<meta name=\"twitter:card\" content=\"summary_large_image\" \/>\n<meta name=\"twitter:label1\" content=\"Est. reading time\" \/>\n\t<meta name=\"twitter:data1\" content=\"2 minutes\" \/>\n<script type=\"application\/ld+json\" class=\"yoast-schema-graph\">{\"@context\":\"https:\/\/schema.org\",\"@graph\":[{\"@type\":\"WebPage\",\"@id\":\"https:\/\/www.palosdegolfpersonalizados.com\/?product=putter-de-golf-studio-stock-28-bettinardi\",\"url\":\"https:\/\/www.palosdegolfpersonalizados.com\/?product=putter-de-golf-studio-stock-28-bettinardi\",\"name\":\"Putter Studio Stock 28 Bettinardi - Palos de Golf Personalizados\",\"isPartOf\":{\"@id\":\"https:\/\/www.palosdegolfpersonalizados.com\/#website\"},\"primaryImageOfPage\":{\"@id\":\"https:\/\/www.palosdegolfpersonalizados.com\/?product=putter-de-golf-studio-stock-28-bettinardi#primaryimage\"},\"image\":{\"@id\":\"https:\/\/www.palosdegolfpersonalizados.com\/?product=putter-de-golf-studio-stock-28-bettinardi#primaryimage\"},\"thumbnailUrl\":\"https:\/\/www.palosdegolfpersonalizados.com\/wp-content\/uploads\/2025\/10\/SS28-AL-4_720x.webp\",\"datePublished\":\"2025-10-02T11:55:15+00:00\",\"dateModified\":\"2025-11-13T13:19:12+00:00\",\"description\":\"Putter Studio Stock 28 Bettinardi, la precisi\u00f3n artesanal y equilibrio premium para golfistas exigentes es todo lo que incluye este palo.\",\"breadcrumb\":{\"@id\":\"https:\/\/www.palosdegolfpersonalizados.com\/?product=putter-de-golf-studio-stock-28-bettinardi#breadcrumb\"},\"inLanguage\":\"en-US\",\"potentialAction\":[{\"@type\":\"ReadAction\",\"target\":[\"https:\/\/www.palosdegolfpersonalizados.com\/?product=putter-de-golf-studio-stock-28-bettinardi\"]}]},{\"@type\":\"ImageObject\",\"inLanguage\":\"en-US\",\"@id\":\"https:\/\/www.palosdegolfpersonalizados.com\/?product=putter-de-golf-studio-stock-28-bettinardi#primaryimage\",\"url\":\"https:\/\/www.palosdegolfpersonalizados.com\/wp-content\/uploads\/2025\/10\/SS28-AL-4_720x.webp\",\"contentUrl\":\"https:\/\/www.palosdegolfpersonalizados.com\/wp-content\/uploads\/2025\/10\/SS28-AL-4_720x.webp\",\"width\":720,\"height\":720,\"caption\":\"Putter Studio Stock 28 Bettinardi premium.\"},{\"@type\":\"BreadcrumbList\",\"@id\":\"https:\/\/www.palosdegolfpersonalizados.com\/?product=putter-de-golf-studio-stock-28-bettinardi#breadcrumb\",\"itemListElement\":[{\"@type\":\"ListItem\",\"position\":1,\"name\":\"Portada\",\"item\":\"https:\/\/www.palosdegolfpersonalizados.com\/\"},{\"@type\":\"ListItem\",\"position\":2,\"name\":\"Tienda de Golf\",\"item\":\"https:\/\/www.palosdegolfpersonalizados.com\/?page_id=8\"},{\"@type\":\"ListItem\",\"position\":3,\"name\":\"Putter Studio Stock 28 Bettinardi\"}]},{\"@type\":\"WebSite\",\"@id\":\"https:\/\/www.palosdegolfpersonalizados.com\/#website\",\"url\":\"https:\/\/www.palosdegolfpersonalizados.com\/\",\"name\":\"Palos de Golf Personalizados\",\"description\":\"Palos de Golf Personalizados\",\"publisher\":{\"@id\":\"https:\/\/www.palosdegolfpersonalizados.com\/#organization\"},\"potentialAction\":[{\"@type\":\"SearchAction\",\"target\":{\"@type\":\"EntryPoint\",\"urlTemplate\":\"https:\/\/www.palosdegolfpersonalizados.com\/?s={search_term_string}\"},\"query-input\":{\"@type\":\"PropertyValueSpecification\",\"valueRequired\":true,\"valueName\":\"search_term_string\"}}],\"inLanguage\":\"en-US\"},{\"@type\":\"Organization\",\"@id\":\"https:\/\/www.palosdegolfpersonalizados.com\/#organization\",\"name\":\"Palos de Golf Personalizados\",\"url\":\"https:\/\/www.palosdegolfpersonalizados.com\/\",\"logo\":{\"@type\":\"ImageObject\",\"inLanguage\":\"en-US\",\"@id\":\"https:\/\/www.palosdegolfpersonalizados.com\/#\/schema\/logo\/image\/\",\"url\":\"https:\/\/www.palosdegolfpersonalizados.com\/wp-content\/uploads\/2025\/10\/Logo-Palos-Personalizados-1.png\",\"contentUrl\":\"https:\/\/www.palosdegolfpersonalizados.com\/wp-content\/uploads\/2025\/10\/Logo-Palos-Personalizados-1.png\",\"width\":443,\"height\":163,\"caption\":\"Palos de Golf Personalizados\"},\"image\":{\"@id\":\"https:\/\/www.palosdegolfpersonalizados.com\/#\/schema\/logo\/image\/\"}}]}<\/script>\n<!-- \/ Yoast SEO plugin. -->","yoast_head_json":{"title":"Putter Studio Stock 28 Bettinardi - Palos de Golf Personalizados","description":"Putter Studio Stock 28 Bettinardi, la precisi\u00f3n artesanal y equilibrio premium para golfistas exigentes es todo lo que incluye este palo.","robots":{"index":"index","follow":"follow","max-snippet":"max-snippet:-1","max-image-preview":"max-image-preview:large","max-video-preview":"max-video-preview:-1"},"canonical":"https:\/\/www.palosdegolfpersonalizados.com\/?product=putter-de-golf-studio-stock-28-bettinardi","og_locale":"en_US","og_type":"article","og_title":"Putter Studio Stock 28 Bettinardi - Palos de Golf Personalizados","og_description":"Putter Studio Stock 28 Bettinardi, la precisi\u00f3n artesanal y equilibrio premium para golfistas exigentes es todo lo que incluye este palo.","og_url":"https:\/\/www.palosdegolfpersonalizados.com\/?product=putter-de-golf-studio-stock-28-bettinardi","og_site_name":"Palos de Golf Personalizados","article_modified_time":"2025-11-13T13:19:12+00:00","og_image":[{"width":720,"height":720,"url":"https:\/\/www.palosdegolfpersonalizados.com\/wp-content\/uploads\/2025\/10\/SS28-AL-4_720x.webp","type":"image\/webp"}],"twitter_card":"summary_large_image","twitter_misc":{"Est. reading time":"2 minutes"},"schema":{"@context":"https:\/\/schema.org","@graph":[{"@type":"WebPage","@id":"https:\/\/www.palosdegolfpersonalizados.com\/?product=putter-de-golf-studio-stock-28-bettinardi","url":"https:\/\/www.palosdegolfpersonalizados.com\/?product=putter-de-golf-studio-stock-28-bettinardi","name":"Putter Studio Stock 28 Bettinardi - Palos de Golf Personalizados","isPartOf":{"@id":"https:\/\/www.palosdegolfpersonalizados.com\/#website"},"primaryImageOfPage":{"@id":"https:\/\/www.palosdegolfpersonalizados.com\/?product=putter-de-golf-studio-stock-28-bettinardi#primaryimage"},"image":{"@id":"https:\/\/www.palosdegolfpersonalizados.com\/?product=putter-de-golf-studio-stock-28-bettinardi#primaryimage"},"thumbnailUrl":"https:\/\/www.palosdegolfpersonalizados.com\/wp-content\/uploads\/2025\/10\/SS28-AL-4_720x.webp","datePublished":"2025-10-02T11:55:15+00:00","dateModified":"2025-11-13T13:19:12+00:00","description":"Putter Studio Stock 28 Bettinardi, la precisi\u00f3n artesanal y equilibrio premium para golfistas exigentes es todo lo que incluye este palo.","breadcrumb":{"@id":"https:\/\/www.palosdegolfpersonalizados.com\/?product=putter-de-golf-studio-stock-28-bettinardi#breadcrumb"},"inLanguage":"en-US","potentialAction":[{"@type":"ReadAction","target":["https:\/\/www.palosdegolfpersonalizados.com\/?product=putter-de-golf-studio-stock-28-bettinardi"]}]},{"@type":"ImageObject","inLanguage":"en-US","@id":"https:\/\/www.palosdegolfpersonalizados.com\/?product=putter-de-golf-studio-stock-28-bettinardi#primaryimage","url":"https:\/\/www.palosdegolfpersonalizados.com\/wp-content\/uploads\/2025\/10\/SS28-AL-4_720x.webp","contentUrl":"https:\/\/www.palosdegolfpersonalizados.com\/wp-content\/uploads\/2025\/10\/SS28-AL-4_720x.webp","width":720,"height":720,"caption":"Putter Studio Stock 28 Bettinardi premium."},{"@type":"BreadcrumbList","@id":"https:\/\/www.palosdegolfpersonalizados.com\/?product=putter-de-golf-studio-stock-28-bettinardi#breadcrumb","itemListElement":[{"@type":"ListItem","position":1,"name":"Portada","item":"https:\/\/www.palosdegolfpersonalizados.com\/"},{"@type":"ListItem","position":2,"name":"Tienda de Golf","item":"https:\/\/www.palosdegolfpersonalizados.com\/?page_id=8"},{"@type":"ListItem","position":3,"name":"Putter Studio Stock 28 Bettinardi"}]},{"@type":"WebSite","@id":"https:\/\/www.palosdegolfpersonalizados.com\/#website","url":"https:\/\/www.palosdegolfpersonalizados.com\/","name":"Palos de Golf Personalizados","description":"Palos de Golf Personalizados","publisher":{"@id":"https:\/\/www.palosdegolfpersonalizados.com\/#organization"},"potentialAction":[{"@type":"SearchAction","target":{"@type":"EntryPoint","urlTemplate":"https:\/\/www.palosdegolfpersonalizados.com\/?s={search_term_string}"},"query-input":{"@type":"PropertyValueSpecification","valueRequired":true,"valueName":"search_term_string"}}],"inLanguage":"en-US"},{"@type":"Organization","@id":"https:\/\/www.palosdegolfpersonalizados.com\/#organization","name":"Palos de Golf Personalizados","url":"https:\/\/www.palosdegolfpersonalizados.com\/","logo":{"@type":"ImageObject","inLanguage":"en-US","@id":"https:\/\/www.palosdegolfpersonalizados.com\/#\/schema\/logo\/image\/","url":"https:\/\/www.palosdegolfpersonalizados.com\/wp-content\/uploads\/2025\/10\/Logo-Palos-Personalizados-1.png","contentUrl":"https:\/\/www.palosdegolfpersonalizados.com\/wp-content\/uploads\/2025\/10\/Logo-Palos-Personalizados-1.png","width":443,"height":163,"caption":"Palos de Golf Personalizados"},"image":{"@id":"https:\/\/www.palosdegolfpersonalizados.com\/#\/schema\/logo\/image\/"}}]}},"_links":{"self":[{"href":"https:\/\/www.palosdegolfpersonalizados.com\/index.php?rest_route=\/wp\/v2\/product\/106","targetHints":{"allow":["GET"]}}],"collection":[{"href":"https:\/\/www.palosdegolfpersonalizados.com\/index.php?rest_route=\/wp\/v2\/product"}],"about":[{"href":"https:\/\/www.palosdegolfpersonalizados.com\/index.php?rest_route=\/wp\/v2\/types\/product"}],"replies":[{"embeddable":true,"href":"https:\/\/www.palosdegolfpersonalizados.com\/index.php?rest_route=%2Fwp%2Fv2%2Fcomments&post=106"}],"wp:featuredmedia":[{"embeddable":true,"href":"https:\/\/www.palosdegolfpersonalizados.com\/index.php?rest_route=\/wp\/v2\/media\/107"}],"wp:attachment":[{"href":"https:\/\/www.palosdegolfpersonalizados.com\/index.php?rest_route=%2Fwp%2Fv2%2Fmedia&parent=106"}],"wp:term":[{"taxonomy":"product_brand","embeddable":true,"href":"https:\/\/www.palosdegolfpersonalizados.com\/index.php?rest_route=%2Fwp%2Fv2%2Fproduct_brand&post=106"},{"taxonomy":"product_cat","embeddable":true,"href":"https:\/\/www.palosdegolfpersonalizados.com\/index.php?rest_route=%2Fwp%2Fv2%2Fproduct_cat&post=106"},{"taxonomy":"product_tag","embeddable":true,"href":"https:\/\/www.palosdegolfpersonalizados.com\/index.php?rest_route=%2Fwp%2Fv2%2Fproduct_tag&post=106"}],"curies":[{"name":"wp","href":"https:\/\/api.w.org\/{rel}","templated":true}]}}