{"id":126,"date":"2025-10-02T12:18:20","date_gmt":"2025-10-02T12:18:20","guid":{"rendered":"https:\/\/www.palosdegolfpersonalizados.com\/?post_type=product&#038;p=126"},"modified":"2025-11-13T13:14:19","modified_gmt":"2025-11-13T13:14:19","slug":"wedge-de-golf-nv-drew-md-copia","status":"publish","type":"product","link":"https:\/\/www.palosdegolfpersonalizados.com\/?product=wedge-de-golf-nv-drew-md-copia","title":{"rendered":"Wedge 60 NV Drew MD"},"content":{"rendered":"<p>Descubre el futuro del golf con el <strong>Wedge 60 NV Drew MD<\/strong><\/p>\n<p>Tras un par\u00e9ntesis de seis a\u00f1os, vuelve la colecci\u00f3n de wedges NV Drew Players<br \/>\nLas ranuras fresadas mediante CNC y la rugosidad de la superficie de la cara se combinan para ofrecer a los golfistas niveles incre\u00edbles de spin y control.<br \/>\nAcabado en cromo perlado, el modelo 2022. Players es ideal para el control cerca del green, para salir de bunker y para el juego corto.<\/p>\n<p>Antecedentes del producto<br \/>\nDespu\u00e9s de superar m\u00e1s de 250.000 unidades vendidas del wedge Players original entre los a\u00f1os 2006 y 2015, MD Golf y Norman Drew &#8211; el primer hombre que jug\u00f3 en la Walker Cup, Ryder Cup y World Cup &#8211; han unido fuerzas una vez m\u00e1s para ofrecer a los golfistas precisi\u00f3n en el juego corto y control en el greens con una nueva versi\u00f3n de su ic\u00f3nico wedge.<\/p>\n<p>Reimaginado y redise\u00f1ado, el nuevo NV Drew Players ya est\u00e1 disponible &#8211; a diferencia de muchas otras marcas, MD Golf no paga a los jugadores del Tour, lo que permite ofrecer un precio muy bajo, eliminando las fichas de los contratos de los jugadores y los honorarios de los agentes<\/p>\n<p>\u00bfEl resultado? Un wedge para jugadores realmente impresionante con un precio de venta al p\u00fablico baj\u00edsimos. Traer wedges de alta calidad al mercado ha sido siempre una piedra angular del negocio de MD Golf durante sus 22 a\u00f1os en la industria del golf. Inicialmente, MD trabaj\u00f3 con Norman en 2006 en el primer wedge Players. El \u00e9xito de ventas se reflej\u00f3 en los comentarios de las principales revistas, incluyendo Today&#8217;s Golfer, Golf Monthly, Golf World y National Club Golfer.<\/p>\n<p>El nuevo NV Drew Players Wedge est\u00e1 disponible en las opciones de 56\u00b0 y 60\u00b0 de loft, y durante el extenso proceso de dise\u00f1o Norman fue inflexible en que el control del spin deb\u00eda ser la caracter\u00edstica central que redimiera el producto, junto con el control y la magn\u00edfica sensaci\u00f3n, el aspecto y la versatilidad. Las estr\u00edas especialmente dise\u00f1adas han sido fresadas con CNC y con una rugosidad superficial entre ellas que se combinan para ofrecer a los golfistas el mejor wedge de la historia de la marca.<\/p>\n","protected":false},"excerpt":{"rendered":"<section class=\"elementor-section elementor-top-section elementor-element elementor-element-4a322e7 elementor-section-boxed elementor-section-height-default elementor-section-height-default\" data-id=\"4a322e7\" data-element_type=\"section\">\n<div class=\"elementor-container elementor-column-gap-default\">\n<div class=\"elementor-column elementor-col-100 elementor-top-column elementor-element elementor-element-511cc51\" data-id=\"511cc51\" data-element_type=\"column\">\n<div class=\"elementor-widget-wrap elementor-element-populated\">\n<div class=\"elementor-element elementor-element-c1e2799 elementor-widget elementor-widget-woocommerce-product-content\" data-id=\"c1e2799\" data-element_type=\"widget\" data-widget_type=\"woocommerce-product-content.default\">\n<div class=\"elementor-widget-container\">\n<p>Si est\u00e1 buscando poner un wedge, pero simplemente no puede pagar el alto precio de las marcas de renombre, entonces esta es la soluci\u00f3n perfecta. Es la mitad del precio de muchos de sus competidores y, para ser honesto, apenas se puede notar la diferencia. El acabado cepillado se ve elegante y caro. Pero donde el MD Drew realmente brilla es en los lies complicados y la arena dura, ya que el bounce ha sido dise\u00f1ado para colocarse al ras del suelo y ayudar a tiros del c\u00e9sped complicados, lo que lo hace ideal para los campos de link o duros. Su cara fresada a m\u00e1quina tambi\u00e9n ofrec\u00eda un excelente spin y freno.<\/p>\n<p><img decoding=\"async\" class=\"alignnone size-medium wp-image-1442\" src=\"https:\/\/www.palosdegolfpersonalizados.com\/wp-content\/uploads\/2025\/10\/Ventajas-Golf-300x49.png\" alt=\"\" width=\"300\" height=\"49\" srcset=\"https:\/\/www.palosdegolfpersonalizados.com\/wp-content\/uploads\/2025\/10\/Ventajas-Golf-300x49.png 300w, https:\/\/www.palosdegolfpersonalizados.com\/wp-content\/uploads\/2025\/10\/Ventajas-Golf-1024x167.png 1024w, https:\/\/www.palosdegolfpersonalizados.com\/wp-content\/uploads\/2025\/10\/Ventajas-Golf-768x125.png 768w, https:\/\/www.palosdegolfpersonalizados.com\/wp-content\/uploads\/2025\/10\/Ventajas-Golf-1536x251.png 1536w, https:\/\/www.palosdegolfpersonalizados.com\/wp-content\/uploads\/2025\/10\/Ventajas-Golf-2048x335.png 2048w, https:\/\/www.palosdegolfpersonalizados.com\/wp-content\/uploads\/2025\/10\/Ventajas-Golf-600x98.png 600w\" sizes=\"(max-width: 300px) 100vw, 300px\" \/><\/p>\n<p><img fetchpriority=\"high\" decoding=\"async\" class=\"alignnone size-medium wp-image-1441\" src=\"https:\/\/www.palosdegolfpersonalizados.com\/wp-content\/uploads\/2025\/10\/Etiqueta-nueva-min-3-1-300x200.png\" alt=\"\" width=\"300\" height=\"200\" \/><\/p>\n<\/div>\n<\/div>\n<\/div>\n<\/div>\n<\/div>\n<\/section>\n","protected":false},"featured_media":122,"comment_status":"closed","ping_status":"closed","template":"","meta":{"_joinchat":[]},"product_brand":[],"product_cat":[34,52,17,35,21,39],"product_tag":[101],"class_list":{"0":"post-126","1":"product","2":"type-product","3":"status-publish","4":"has-post-thumbnail","6":"product_cat-wedge-g60-golf-hombre","7":"product_cat-wedge-g60-golf-mujer","8":"product_cat-palos-de-golf-hombre","9":"product_cat-palos-de-golf-mujer","10":"product_cat-wedge-golf-hombre","11":"product_cat-wedge-golf-mujer","12":"product_tag-md-golf","14":"first","15":"instock","16":"shipping-taxable","17":"purchasable","18":"product-type-simple"},"yoast_head":"<!-- This site is optimized with the Yoast SEO plugin v27.2 - https:\/\/yoast.com\/product\/yoast-seo-wordpress\/ -->\n<title>Wedge 60 NV Drew MD - Palos de Golf Personalizados<\/title>\n<meta name=\"description\" content=\"Wedge 60 NV Drew MD, el wedge que cuenta con un control y efecto profesional. Ideal para mejorar el juego corto con precisi\u00f3n.\" \/>\n<meta name=\"robots\" content=\"index, follow, max-snippet:-1, max-image-preview:large, max-video-preview:-1\" \/>\n<link rel=\"canonical\" href=\"https:\/\/www.palosdegolfpersonalizados.com\/?product=wedge-de-golf-nv-drew-md-copia\" \/>\n<meta property=\"og:locale\" content=\"en_US\" \/>\n<meta property=\"og:type\" content=\"article\" \/>\n<meta property=\"og:title\" content=\"Wedge 60 NV Drew MD - Palos de Golf Personalizados\" \/>\n<meta property=\"og:description\" content=\"Wedge 60 NV Drew MD, el wedge que cuenta con un control y efecto profesional. Ideal para mejorar el juego corto con precisi\u00f3n.\" \/>\n<meta property=\"og:url\" content=\"https:\/\/www.palosdegolfpersonalizados.com\/?product=wedge-de-golf-nv-drew-md-copia\" \/>\n<meta property=\"og:site_name\" content=\"Palos de Golf Personalizados\" \/>\n<meta property=\"article:modified_time\" content=\"2025-11-13T13:14:19+00:00\" \/>\n<meta property=\"og:image\" content=\"https:\/\/www.palosdegolfpersonalizados.com\/wp-content\/uploads\/2025\/10\/mqxb0hjxgxw.webp\" \/>\n\t<meta property=\"og:image:width\" content=\"1540\" \/>\n\t<meta property=\"og:image:height\" content=\"1540\" \/>\n\t<meta property=\"og:image:type\" content=\"image\/webp\" \/>\n<meta name=\"twitter:card\" content=\"summary_large_image\" \/>\n<meta name=\"twitter:label1\" content=\"Est. reading time\" \/>\n\t<meta name=\"twitter:data1\" content=\"2 minutes\" \/>\n<script type=\"application\/ld+json\" class=\"yoast-schema-graph\">{\"@context\":\"https:\/\/schema.org\",\"@graph\":[{\"@type\":\"WebPage\",\"@id\":\"https:\/\/www.palosdegolfpersonalizados.com\/?product=wedge-de-golf-nv-drew-md-copia\",\"url\":\"https:\/\/www.palosdegolfpersonalizados.com\/?product=wedge-de-golf-nv-drew-md-copia\",\"name\":\"Wedge 60 NV Drew MD - Palos de Golf Personalizados\",\"isPartOf\":{\"@id\":\"https:\/\/www.palosdegolfpersonalizados.com\/#website\"},\"primaryImageOfPage\":{\"@id\":\"https:\/\/www.palosdegolfpersonalizados.com\/?product=wedge-de-golf-nv-drew-md-copia#primaryimage\"},\"image\":{\"@id\":\"https:\/\/www.palosdegolfpersonalizados.com\/?product=wedge-de-golf-nv-drew-md-copia#primaryimage\"},\"thumbnailUrl\":\"https:\/\/www.palosdegolfpersonalizados.com\/wp-content\/uploads\/2025\/10\/mqxb0hjxgxw.webp\",\"datePublished\":\"2025-10-02T12:18:20+00:00\",\"dateModified\":\"2025-11-13T13:14:19+00:00\",\"description\":\"Wedge 60 NV Drew MD, el wedge que cuenta con un control y efecto profesional. Ideal para mejorar el juego corto con precisi\u00f3n.\",\"breadcrumb\":{\"@id\":\"https:\/\/www.palosdegolfpersonalizados.com\/?product=wedge-de-golf-nv-drew-md-copia#breadcrumb\"},\"inLanguage\":\"en-US\",\"potentialAction\":[{\"@type\":\"ReadAction\",\"target\":[\"https:\/\/www.palosdegolfpersonalizados.com\/?product=wedge-de-golf-nv-drew-md-copia\"]}]},{\"@type\":\"ImageObject\",\"inLanguage\":\"en-US\",\"@id\":\"https:\/\/www.palosdegolfpersonalizados.com\/?product=wedge-de-golf-nv-drew-md-copia#primaryimage\",\"url\":\"https:\/\/www.palosdegolfpersonalizados.com\/wp-content\/uploads\/2025\/10\/mqxb0hjxgxw.webp\",\"contentUrl\":\"https:\/\/www.palosdegolfpersonalizados.com\/wp-content\/uploads\/2025\/10\/mqxb0hjxgxw.webp\",\"width\":1540,\"height\":1540,\"caption\":\"Wedge 56 NV Drew MD vers\u00e1til.\"},{\"@type\":\"BreadcrumbList\",\"@id\":\"https:\/\/www.palosdegolfpersonalizados.com\/?product=wedge-de-golf-nv-drew-md-copia#breadcrumb\",\"itemListElement\":[{\"@type\":\"ListItem\",\"position\":1,\"name\":\"Portada\",\"item\":\"https:\/\/www.palosdegolfpersonalizados.com\/\"},{\"@type\":\"ListItem\",\"position\":2,\"name\":\"Tienda de Golf\",\"item\":\"https:\/\/www.palosdegolfpersonalizados.com\/?page_id=8\"},{\"@type\":\"ListItem\",\"position\":3,\"name\":\"Wedge 60 NV Drew MD\"}]},{\"@type\":\"WebSite\",\"@id\":\"https:\/\/www.palosdegolfpersonalizados.com\/#website\",\"url\":\"https:\/\/www.palosdegolfpersonalizados.com\/\",\"name\":\"Palos de Golf Personalizados\",\"description\":\"Palos de Golf Personalizados\",\"publisher\":{\"@id\":\"https:\/\/www.palosdegolfpersonalizados.com\/#organization\"},\"potentialAction\":[{\"@type\":\"SearchAction\",\"target\":{\"@type\":\"EntryPoint\",\"urlTemplate\":\"https:\/\/www.palosdegolfpersonalizados.com\/?s={search_term_string}\"},\"query-input\":{\"@type\":\"PropertyValueSpecification\",\"valueRequired\":true,\"valueName\":\"search_term_string\"}}],\"inLanguage\":\"en-US\"},{\"@type\":\"Organization\",\"@id\":\"https:\/\/www.palosdegolfpersonalizados.com\/#organization\",\"name\":\"Palos de Golf Personalizados\",\"url\":\"https:\/\/www.palosdegolfpersonalizados.com\/\",\"logo\":{\"@type\":\"ImageObject\",\"inLanguage\":\"en-US\",\"@id\":\"https:\/\/www.palosdegolfpersonalizados.com\/#\/schema\/logo\/image\/\",\"url\":\"https:\/\/www.palosdegolfpersonalizados.com\/wp-content\/uploads\/2025\/10\/Logo-Palos-Personalizados-1.png\",\"contentUrl\":\"https:\/\/www.palosdegolfpersonalizados.com\/wp-content\/uploads\/2025\/10\/Logo-Palos-Personalizados-1.png\",\"width\":443,\"height\":163,\"caption\":\"Palos de Golf Personalizados\"},\"image\":{\"@id\":\"https:\/\/www.palosdegolfpersonalizados.com\/#\/schema\/logo\/image\/\"}}]}<\/script>\n<!-- \/ Yoast SEO plugin. -->","yoast_head_json":{"title":"Wedge 60 NV Drew MD - Palos de Golf Personalizados","description":"Wedge 60 NV Drew MD, el wedge que cuenta con un control y efecto profesional. Ideal para mejorar el juego corto con precisi\u00f3n.","robots":{"index":"index","follow":"follow","max-snippet":"max-snippet:-1","max-image-preview":"max-image-preview:large","max-video-preview":"max-video-preview:-1"},"canonical":"https:\/\/www.palosdegolfpersonalizados.com\/?product=wedge-de-golf-nv-drew-md-copia","og_locale":"en_US","og_type":"article","og_title":"Wedge 60 NV Drew MD - Palos de Golf Personalizados","og_description":"Wedge 60 NV Drew MD, el wedge que cuenta con un control y efecto profesional. Ideal para mejorar el juego corto con precisi\u00f3n.","og_url":"https:\/\/www.palosdegolfpersonalizados.com\/?product=wedge-de-golf-nv-drew-md-copia","og_site_name":"Palos de Golf Personalizados","article_modified_time":"2025-11-13T13:14:19+00:00","og_image":[{"width":1540,"height":1540,"url":"https:\/\/www.palosdegolfpersonalizados.com\/wp-content\/uploads\/2025\/10\/mqxb0hjxgxw.webp","type":"image\/webp"}],"twitter_card":"summary_large_image","twitter_misc":{"Est. reading time":"2 minutes"},"schema":{"@context":"https:\/\/schema.org","@graph":[{"@type":"WebPage","@id":"https:\/\/www.palosdegolfpersonalizados.com\/?product=wedge-de-golf-nv-drew-md-copia","url":"https:\/\/www.palosdegolfpersonalizados.com\/?product=wedge-de-golf-nv-drew-md-copia","name":"Wedge 60 NV Drew MD - Palos de Golf Personalizados","isPartOf":{"@id":"https:\/\/www.palosdegolfpersonalizados.com\/#website"},"primaryImageOfPage":{"@id":"https:\/\/www.palosdegolfpersonalizados.com\/?product=wedge-de-golf-nv-drew-md-copia#primaryimage"},"image":{"@id":"https:\/\/www.palosdegolfpersonalizados.com\/?product=wedge-de-golf-nv-drew-md-copia#primaryimage"},"thumbnailUrl":"https:\/\/www.palosdegolfpersonalizados.com\/wp-content\/uploads\/2025\/10\/mqxb0hjxgxw.webp","datePublished":"2025-10-02T12:18:20+00:00","dateModified":"2025-11-13T13:14:19+00:00","description":"Wedge 60 NV Drew MD, el wedge que cuenta con un control y efecto profesional. Ideal para mejorar el juego corto con precisi\u00f3n.","breadcrumb":{"@id":"https:\/\/www.palosdegolfpersonalizados.com\/?product=wedge-de-golf-nv-drew-md-copia#breadcrumb"},"inLanguage":"en-US","potentialAction":[{"@type":"ReadAction","target":["https:\/\/www.palosdegolfpersonalizados.com\/?product=wedge-de-golf-nv-drew-md-copia"]}]},{"@type":"ImageObject","inLanguage":"en-US","@id":"https:\/\/www.palosdegolfpersonalizados.com\/?product=wedge-de-golf-nv-drew-md-copia#primaryimage","url":"https:\/\/www.palosdegolfpersonalizados.com\/wp-content\/uploads\/2025\/10\/mqxb0hjxgxw.webp","contentUrl":"https:\/\/www.palosdegolfpersonalizados.com\/wp-content\/uploads\/2025\/10\/mqxb0hjxgxw.webp","width":1540,"height":1540,"caption":"Wedge 56 NV Drew MD vers\u00e1til."},{"@type":"BreadcrumbList","@id":"https:\/\/www.palosdegolfpersonalizados.com\/?product=wedge-de-golf-nv-drew-md-copia#breadcrumb","itemListElement":[{"@type":"ListItem","position":1,"name":"Portada","item":"https:\/\/www.palosdegolfpersonalizados.com\/"},{"@type":"ListItem","position":2,"name":"Tienda de Golf","item":"https:\/\/www.palosdegolfpersonalizados.com\/?page_id=8"},{"@type":"ListItem","position":3,"name":"Wedge 60 NV Drew MD"}]},{"@type":"WebSite","@id":"https:\/\/www.palosdegolfpersonalizados.com\/#website","url":"https:\/\/www.palosdegolfpersonalizados.com\/","name":"Palos de Golf Personalizados","description":"Palos de Golf Personalizados","publisher":{"@id":"https:\/\/www.palosdegolfpersonalizados.com\/#organization"},"potentialAction":[{"@type":"SearchAction","target":{"@type":"EntryPoint","urlTemplate":"https:\/\/www.palosdegolfpersonalizados.com\/?s={search_term_string}"},"query-input":{"@type":"PropertyValueSpecification","valueRequired":true,"valueName":"search_term_string"}}],"inLanguage":"en-US"},{"@type":"Organization","@id":"https:\/\/www.palosdegolfpersonalizados.com\/#organization","name":"Palos de Golf Personalizados","url":"https:\/\/www.palosdegolfpersonalizados.com\/","logo":{"@type":"ImageObject","inLanguage":"en-US","@id":"https:\/\/www.palosdegolfpersonalizados.com\/#\/schema\/logo\/image\/","url":"https:\/\/www.palosdegolfpersonalizados.com\/wp-content\/uploads\/2025\/10\/Logo-Palos-Personalizados-1.png","contentUrl":"https:\/\/www.palosdegolfpersonalizados.com\/wp-content\/uploads\/2025\/10\/Logo-Palos-Personalizados-1.png","width":443,"height":163,"caption":"Palos de Golf Personalizados"},"image":{"@id":"https:\/\/www.palosdegolfpersonalizados.com\/#\/schema\/logo\/image\/"}}]}},"_links":{"self":[{"href":"https:\/\/www.palosdegolfpersonalizados.com\/index.php?rest_route=\/wp\/v2\/product\/126","targetHints":{"allow":["GET"]}}],"collection":[{"href":"https:\/\/www.palosdegolfpersonalizados.com\/index.php?rest_route=\/wp\/v2\/product"}],"about":[{"href":"https:\/\/www.palosdegolfpersonalizados.com\/index.php?rest_route=\/wp\/v2\/types\/product"}],"replies":[{"embeddable":true,"href":"https:\/\/www.palosdegolfpersonalizados.com\/index.php?rest_route=%2Fwp%2Fv2%2Fcomments&post=126"}],"wp:featuredmedia":[{"embeddable":true,"href":"https:\/\/www.palosdegolfpersonalizados.com\/index.php?rest_route=\/wp\/v2\/media\/122"}],"wp:attachment":[{"href":"https:\/\/www.palosdegolfpersonalizados.com\/index.php?rest_route=%2Fwp%2Fv2%2Fmedia&parent=126"}],"wp:term":[{"taxonomy":"product_brand","embeddable":true,"href":"https:\/\/www.palosdegolfpersonalizados.com\/index.php?rest_route=%2Fwp%2Fv2%2Fproduct_brand&post=126"},{"taxonomy":"product_cat","embeddable":true,"href":"https:\/\/www.palosdegolfpersonalizados.com\/index.php?rest_route=%2Fwp%2Fv2%2Fproduct_cat&post=126"},{"taxonomy":"product_tag","embeddable":true,"href":"https:\/\/www.palosdegolfpersonalizados.com\/index.php?rest_route=%2Fwp%2Fv2%2Fproduct_tag&post=126"}],"curies":[{"name":"wp","href":"https:\/\/api.w.org\/{rel}","templated":true}]}}