{"id":137,"date":"2025-10-02T12:35:01","date_gmt":"2025-10-02T12:35:01","guid":{"rendered":"https:\/\/www.palosdegolfpersonalizados.com\/?post_type=product&#038;p=137"},"modified":"2025-11-13T13:12:30","modified_gmt":"2025-11-13T13:12:30","slug":"putter-de-golf-str40-03-md","status":"publish","type":"product","link":"https:\/\/www.palosdegolfpersonalizados.com\/?product=putter-de-golf-str40-03-md","title":{"rendered":"Putter STR40 03 MD"},"content":{"rendered":"<p>Descubre el futuro del golf con el <strong>Putter STR40 03 MD<\/strong><\/p>\n<ul>\n<li>Varilla de acero Apollo.<\/li>\n<li>Grip de putter MD Golf Superstrong Pistol con zona frontal plana.<\/li>\n<li>Cabeza con acabado PVD negro mate con llamativos reflejos blancos.<\/li>\n<li>L\u00edneas de alineaci\u00f3n de la bola en la parte superior de la cabeza.<\/li>\n<li>La cara superior de spin est\u00e1 dise\u00f1ada para promover el top spin .<\/li>\n<li>Longitud de 34 pulgadas.<\/li>\n<li>Para diestros.<\/li>\n<\/ul>\n","protected":false},"excerpt":{"rendered":"<p>Con una cara equilibrada y un acabado en acero blando, la nueva gama de putters STR40 consigue el equilibrio entre los estilos cl\u00e1sicos y los dise\u00f1os contempor\u00e1neos.<\/p>\n<p><img decoding=\"async\" class=\"alignnone size-medium wp-image-1442\" src=\"https:\/\/www.palosdegolfpersonalizados.com\/wp-content\/uploads\/2025\/10\/Ventajas-Golf-300x49.png\" alt=\"\" width=\"300\" height=\"49\" srcset=\"https:\/\/www.palosdegolfpersonalizados.com\/wp-content\/uploads\/2025\/10\/Ventajas-Golf-300x49.png 300w, https:\/\/www.palosdegolfpersonalizados.com\/wp-content\/uploads\/2025\/10\/Ventajas-Golf-1024x167.png 1024w, https:\/\/www.palosdegolfpersonalizados.com\/wp-content\/uploads\/2025\/10\/Ventajas-Golf-768x125.png 768w, https:\/\/www.palosdegolfpersonalizados.com\/wp-content\/uploads\/2025\/10\/Ventajas-Golf-1536x251.png 1536w, https:\/\/www.palosdegolfpersonalizados.com\/wp-content\/uploads\/2025\/10\/Ventajas-Golf-2048x335.png 2048w, https:\/\/www.palosdegolfpersonalizados.com\/wp-content\/uploads\/2025\/10\/Ventajas-Golf-600x98.png 600w\" sizes=\"(max-width: 300px) 100vw, 300px\" \/><\/p>\n<p><img fetchpriority=\"high\" decoding=\"async\" class=\"alignnone size-medium wp-image-1441\" src=\"https:\/\/www.palosdegolfpersonalizados.com\/wp-content\/uploads\/2025\/10\/Etiqueta-nueva-min-3-1-300x200.png\" alt=\"\" width=\"300\" height=\"200\" \/><\/p>\n","protected":false},"featured_media":138,"comment_status":"closed","ping_status":"closed","template":"","meta":{"_joinchat":[]},"product_brand":[],"product_cat":[17,35,23,41],"product_tag":[101],"class_list":{"0":"post-137","1":"product","2":"type-product","3":"status-publish","4":"has-post-thumbnail","6":"product_cat-palos-de-golf-hombre","7":"product_cat-palos-de-golf-mujer","8":"product_cat-putter-golf-hombre","9":"product_cat-putter-golf-mujer","10":"product_tag-md-golf","12":"first","13":"instock","14":"shipping-taxable","15":"purchasable","16":"product-type-simple"},"yoast_head":"<!-- This site is optimized with the Yoast SEO plugin v27.2 - https:\/\/yoast.com\/product\/yoast-seo-wordpress\/ -->\n<title>Putter STR40 03 MD - Palos de Golf Personalizados<\/title>\n<meta name=\"description\" content=\"Putter STR40 03 MD, cuenta con el equilibrio, tacto y control excepcionales durante todo el juego para aquellos golfistas exigentes.\" \/>\n<meta name=\"robots\" content=\"index, follow, max-snippet:-1, max-image-preview:large, max-video-preview:-1\" \/>\n<link rel=\"canonical\" href=\"https:\/\/www.palosdegolfpersonalizados.com\/?product=putter-de-golf-str40-03-md\" \/>\n<meta property=\"og:locale\" content=\"en_US\" \/>\n<meta property=\"og:type\" content=\"article\" \/>\n<meta property=\"og:title\" content=\"Putter STR40 03 MD - Palos de Golf Personalizados\" \/>\n<meta property=\"og:description\" content=\"Putter STR40 03 MD, cuenta con el equilibrio, tacto y control excepcionales durante todo el juego para aquellos golfistas exigentes.\" \/>\n<meta property=\"og:url\" content=\"https:\/\/www.palosdegolfpersonalizados.com\/?product=putter-de-golf-str40-03-md\" \/>\n<meta property=\"og:site_name\" content=\"Palos de Golf Personalizados\" \/>\n<meta property=\"article:modified_time\" content=\"2025-11-13T13:12:30+00:00\" \/>\n<meta property=\"og:image\" content=\"https:\/\/www.palosdegolfpersonalizados.com\/wp-content\/uploads\/2025\/10\/md-golf-str40-putter-03-34.jpg\" \/>\n\t<meta property=\"og:image:width\" content=\"381\" \/>\n\t<meta property=\"og:image:height\" content=\"492\" \/>\n\t<meta property=\"og:image:type\" content=\"image\/jpeg\" \/>\n<meta name=\"twitter:card\" content=\"summary_large_image\" \/>\n<meta name=\"twitter:label1\" content=\"Est. reading time\" \/>\n\t<meta name=\"twitter:data1\" content=\"1 minute\" \/>\n<script type=\"application\/ld+json\" class=\"yoast-schema-graph\">{\"@context\":\"https:\/\/schema.org\",\"@graph\":[{\"@type\":\"WebPage\",\"@id\":\"https:\/\/www.palosdegolfpersonalizados.com\/?product=putter-de-golf-str40-03-md\",\"url\":\"https:\/\/www.palosdegolfpersonalizados.com\/?product=putter-de-golf-str40-03-md\",\"name\":\"Putter STR40 03 MD - Palos de Golf Personalizados\",\"isPartOf\":{\"@id\":\"https:\/\/www.palosdegolfpersonalizados.com\/#website\"},\"primaryImageOfPage\":{\"@id\":\"https:\/\/www.palosdegolfpersonalizados.com\/?product=putter-de-golf-str40-03-md#primaryimage\"},\"image\":{\"@id\":\"https:\/\/www.palosdegolfpersonalizados.com\/?product=putter-de-golf-str40-03-md#primaryimage\"},\"thumbnailUrl\":\"https:\/\/www.palosdegolfpersonalizados.com\/wp-content\/uploads\/2025\/10\/md-golf-str40-putter-03-34.jpg\",\"datePublished\":\"2025-10-02T12:35:01+00:00\",\"dateModified\":\"2025-11-13T13:12:30+00:00\",\"description\":\"Putter STR40 03 MD, cuenta con el equilibrio, tacto y control excepcionales durante todo el juego para aquellos golfistas exigentes.\",\"breadcrumb\":{\"@id\":\"https:\/\/www.palosdegolfpersonalizados.com\/?product=putter-de-golf-str40-03-md#breadcrumb\"},\"inLanguage\":\"en-US\",\"potentialAction\":[{\"@type\":\"ReadAction\",\"target\":[\"https:\/\/www.palosdegolfpersonalizados.com\/?product=putter-de-golf-str40-03-md\"]}]},{\"@type\":\"ImageObject\",\"inLanguage\":\"en-US\",\"@id\":\"https:\/\/www.palosdegolfpersonalizados.com\/?product=putter-de-golf-str40-03-md#primaryimage\",\"url\":\"https:\/\/www.palosdegolfpersonalizados.com\/wp-content\/uploads\/2025\/10\/md-golf-str40-putter-03-34.jpg\",\"contentUrl\":\"https:\/\/www.palosdegolfpersonalizados.com\/wp-content\/uploads\/2025\/10\/md-golf-str40-putter-03-34.jpg\",\"width\":381,\"height\":492,\"caption\":\"Putter STR40 03 MD con dise\u00f1o equilibrado.\"},{\"@type\":\"BreadcrumbList\",\"@id\":\"https:\/\/www.palosdegolfpersonalizados.com\/?product=putter-de-golf-str40-03-md#breadcrumb\",\"itemListElement\":[{\"@type\":\"ListItem\",\"position\":1,\"name\":\"Portada\",\"item\":\"https:\/\/www.palosdegolfpersonalizados.com\/\"},{\"@type\":\"ListItem\",\"position\":2,\"name\":\"Tienda de Golf\",\"item\":\"https:\/\/www.palosdegolfpersonalizados.com\/?page_id=8\"},{\"@type\":\"ListItem\",\"position\":3,\"name\":\"Putter STR40 03 MD\"}]},{\"@type\":\"WebSite\",\"@id\":\"https:\/\/www.palosdegolfpersonalizados.com\/#website\",\"url\":\"https:\/\/www.palosdegolfpersonalizados.com\/\",\"name\":\"Palos de Golf Personalizados\",\"description\":\"Palos de Golf Personalizados\",\"publisher\":{\"@id\":\"https:\/\/www.palosdegolfpersonalizados.com\/#organization\"},\"potentialAction\":[{\"@type\":\"SearchAction\",\"target\":{\"@type\":\"EntryPoint\",\"urlTemplate\":\"https:\/\/www.palosdegolfpersonalizados.com\/?s={search_term_string}\"},\"query-input\":{\"@type\":\"PropertyValueSpecification\",\"valueRequired\":true,\"valueName\":\"search_term_string\"}}],\"inLanguage\":\"en-US\"},{\"@type\":\"Organization\",\"@id\":\"https:\/\/www.palosdegolfpersonalizados.com\/#organization\",\"name\":\"Palos de Golf Personalizados\",\"url\":\"https:\/\/www.palosdegolfpersonalizados.com\/\",\"logo\":{\"@type\":\"ImageObject\",\"inLanguage\":\"en-US\",\"@id\":\"https:\/\/www.palosdegolfpersonalizados.com\/#\/schema\/logo\/image\/\",\"url\":\"https:\/\/www.palosdegolfpersonalizados.com\/wp-content\/uploads\/2025\/10\/Logo-Palos-Personalizados-1.png\",\"contentUrl\":\"https:\/\/www.palosdegolfpersonalizados.com\/wp-content\/uploads\/2025\/10\/Logo-Palos-Personalizados-1.png\",\"width\":443,\"height\":163,\"caption\":\"Palos de Golf Personalizados\"},\"image\":{\"@id\":\"https:\/\/www.palosdegolfpersonalizados.com\/#\/schema\/logo\/image\/\"}}]}<\/script>\n<!-- \/ Yoast SEO plugin. -->","yoast_head_json":{"title":"Putter STR40 03 MD - Palos de Golf Personalizados","description":"Putter STR40 03 MD, cuenta con el equilibrio, tacto y control excepcionales durante todo el juego para aquellos golfistas exigentes.","robots":{"index":"index","follow":"follow","max-snippet":"max-snippet:-1","max-image-preview":"max-image-preview:large","max-video-preview":"max-video-preview:-1"},"canonical":"https:\/\/www.palosdegolfpersonalizados.com\/?product=putter-de-golf-str40-03-md","og_locale":"en_US","og_type":"article","og_title":"Putter STR40 03 MD - Palos de Golf Personalizados","og_description":"Putter STR40 03 MD, cuenta con el equilibrio, tacto y control excepcionales durante todo el juego para aquellos golfistas exigentes.","og_url":"https:\/\/www.palosdegolfpersonalizados.com\/?product=putter-de-golf-str40-03-md","og_site_name":"Palos de Golf Personalizados","article_modified_time":"2025-11-13T13:12:30+00:00","og_image":[{"width":381,"height":492,"url":"https:\/\/www.palosdegolfpersonalizados.com\/wp-content\/uploads\/2025\/10\/md-golf-str40-putter-03-34.jpg","type":"image\/jpeg"}],"twitter_card":"summary_large_image","twitter_misc":{"Est. reading time":"1 minute"},"schema":{"@context":"https:\/\/schema.org","@graph":[{"@type":"WebPage","@id":"https:\/\/www.palosdegolfpersonalizados.com\/?product=putter-de-golf-str40-03-md","url":"https:\/\/www.palosdegolfpersonalizados.com\/?product=putter-de-golf-str40-03-md","name":"Putter STR40 03 MD - Palos de Golf Personalizados","isPartOf":{"@id":"https:\/\/www.palosdegolfpersonalizados.com\/#website"},"primaryImageOfPage":{"@id":"https:\/\/www.palosdegolfpersonalizados.com\/?product=putter-de-golf-str40-03-md#primaryimage"},"image":{"@id":"https:\/\/www.palosdegolfpersonalizados.com\/?product=putter-de-golf-str40-03-md#primaryimage"},"thumbnailUrl":"https:\/\/www.palosdegolfpersonalizados.com\/wp-content\/uploads\/2025\/10\/md-golf-str40-putter-03-34.jpg","datePublished":"2025-10-02T12:35:01+00:00","dateModified":"2025-11-13T13:12:30+00:00","description":"Putter STR40 03 MD, cuenta con el equilibrio, tacto y control excepcionales durante todo el juego para aquellos golfistas exigentes.","breadcrumb":{"@id":"https:\/\/www.palosdegolfpersonalizados.com\/?product=putter-de-golf-str40-03-md#breadcrumb"},"inLanguage":"en-US","potentialAction":[{"@type":"ReadAction","target":["https:\/\/www.palosdegolfpersonalizados.com\/?product=putter-de-golf-str40-03-md"]}]},{"@type":"ImageObject","inLanguage":"en-US","@id":"https:\/\/www.palosdegolfpersonalizados.com\/?product=putter-de-golf-str40-03-md#primaryimage","url":"https:\/\/www.palosdegolfpersonalizados.com\/wp-content\/uploads\/2025\/10\/md-golf-str40-putter-03-34.jpg","contentUrl":"https:\/\/www.palosdegolfpersonalizados.com\/wp-content\/uploads\/2025\/10\/md-golf-str40-putter-03-34.jpg","width":381,"height":492,"caption":"Putter STR40 03 MD con dise\u00f1o equilibrado."},{"@type":"BreadcrumbList","@id":"https:\/\/www.palosdegolfpersonalizados.com\/?product=putter-de-golf-str40-03-md#breadcrumb","itemListElement":[{"@type":"ListItem","position":1,"name":"Portada","item":"https:\/\/www.palosdegolfpersonalizados.com\/"},{"@type":"ListItem","position":2,"name":"Tienda de Golf","item":"https:\/\/www.palosdegolfpersonalizados.com\/?page_id=8"},{"@type":"ListItem","position":3,"name":"Putter STR40 03 MD"}]},{"@type":"WebSite","@id":"https:\/\/www.palosdegolfpersonalizados.com\/#website","url":"https:\/\/www.palosdegolfpersonalizados.com\/","name":"Palos de Golf Personalizados","description":"Palos de Golf Personalizados","publisher":{"@id":"https:\/\/www.palosdegolfpersonalizados.com\/#organization"},"potentialAction":[{"@type":"SearchAction","target":{"@type":"EntryPoint","urlTemplate":"https:\/\/www.palosdegolfpersonalizados.com\/?s={search_term_string}"},"query-input":{"@type":"PropertyValueSpecification","valueRequired":true,"valueName":"search_term_string"}}],"inLanguage":"en-US"},{"@type":"Organization","@id":"https:\/\/www.palosdegolfpersonalizados.com\/#organization","name":"Palos de Golf Personalizados","url":"https:\/\/www.palosdegolfpersonalizados.com\/","logo":{"@type":"ImageObject","inLanguage":"en-US","@id":"https:\/\/www.palosdegolfpersonalizados.com\/#\/schema\/logo\/image\/","url":"https:\/\/www.palosdegolfpersonalizados.com\/wp-content\/uploads\/2025\/10\/Logo-Palos-Personalizados-1.png","contentUrl":"https:\/\/www.palosdegolfpersonalizados.com\/wp-content\/uploads\/2025\/10\/Logo-Palos-Personalizados-1.png","width":443,"height":163,"caption":"Palos de Golf Personalizados"},"image":{"@id":"https:\/\/www.palosdegolfpersonalizados.com\/#\/schema\/logo\/image\/"}}]}},"_links":{"self":[{"href":"https:\/\/www.palosdegolfpersonalizados.com\/index.php?rest_route=\/wp\/v2\/product\/137","targetHints":{"allow":["GET"]}}],"collection":[{"href":"https:\/\/www.palosdegolfpersonalizados.com\/index.php?rest_route=\/wp\/v2\/product"}],"about":[{"href":"https:\/\/www.palosdegolfpersonalizados.com\/index.php?rest_route=\/wp\/v2\/types\/product"}],"replies":[{"embeddable":true,"href":"https:\/\/www.palosdegolfpersonalizados.com\/index.php?rest_route=%2Fwp%2Fv2%2Fcomments&post=137"}],"wp:featuredmedia":[{"embeddable":true,"href":"https:\/\/www.palosdegolfpersonalizados.com\/index.php?rest_route=\/wp\/v2\/media\/138"}],"wp:attachment":[{"href":"https:\/\/www.palosdegolfpersonalizados.com\/index.php?rest_route=%2Fwp%2Fv2%2Fmedia&parent=137"}],"wp:term":[{"taxonomy":"product_brand","embeddable":true,"href":"https:\/\/www.palosdegolfpersonalizados.com\/index.php?rest_route=%2Fwp%2Fv2%2Fproduct_brand&post=137"},{"taxonomy":"product_cat","embeddable":true,"href":"https:\/\/www.palosdegolfpersonalizados.com\/index.php?rest_route=%2Fwp%2Fv2%2Fproduct_cat&post=137"},{"taxonomy":"product_tag","embeddable":true,"href":"https:\/\/www.palosdegolfpersonalizados.com\/index.php?rest_route=%2Fwp%2Fv2%2Fproduct_tag&post=137"}],"curies":[{"name":"wp","href":"https:\/\/api.w.org\/{rel}","templated":true}]}}