{"id":326,"date":"2025-10-03T09:44:11","date_gmt":"2025-10-03T09:44:11","guid":{"rendered":"https:\/\/www.palosdegolfpersonalizados.com\/?post_type=product&#038;p=326"},"modified":"2025-11-12T15:28:38","modified_gmt":"2025-11-12T15:28:38","slug":"hierro-9-ai-green-junior-lynx-8-10-anos","status":"publish","type":"product","link":"https:\/\/www.palosdegolfpersonalizados.com\/?product=hierro-9-ai-green-junior-lynx-8-10-anos","title":{"rendered":"Hierro 9 Ai Green Junior 8-10 a\u00f1os (138cm \u2013 145cm) Lynx"},"content":{"rendered":"<p data-start=\"46\" data-end=\"496\">Descubre el futuro del golf junior con nuestros<strong> Junior Ai Irons<\/strong>\u00a0creados para ayudar a los j\u00f3venes jugadores a realizar golpes consistentes y precisos con facilidad. Con un acabado pulido y elegante, fabricados en acero inoxidable duradero, estos hierros garantizan un rendimiento prolongado y una jugabilidad sencilla.<\/p>\n<p data-start=\"498\" data-end=\"1190\" data-is-last-node=\"\" data-is-only-node=\"\">\u2022 <strong data-start=\"500\" data-end=\"546\">Construcci\u00f3n en acero inoxidable duradero:<\/strong> Asegura longevidad y una sensaci\u00f3n s\u00f3lida en el impacto.<br data-start=\"603\" data-end=\"606\" \/>\u2022 <strong data-start=\"608\" data-end=\"636\" data-is-only-node=\"\">Acabado pulido elegante:<\/strong> Aporta una apariencia premium y reduce los reflejos en d\u00edas soleados.<br data-start=\"706\" data-end=\"709\" \/>\u2022 <strong data-start=\"711\" data-end=\"747\">Distribuci\u00f3n de peso optimizada:<\/strong> Mejora el equilibrio y control durante todo el swing, favoreciendo una mayor precisi\u00f3n.<br data-start=\"835\" data-end=\"838\" \/>\u2022 <strong data-start=\"840\" data-end=\"865\">Dise\u00f1o f\u00e1cil de usar:<\/strong> Permite a los juniors lograr golpes consistentes y confiables con mayor facilidad.<br data-start=\"948\" data-end=\"951\" \/>\u2022 <strong data-start=\"953\" data-end=\"1017\">Tama\u00f1os de grip y pesos de varilla espec\u00edficos para juniors:<\/strong> Adaptados a las necesidades de los j\u00f3venes golfistas.<br data-start=\"1071\" data-end=\"1074\" \/>\u2022 <strong data-start=\"1076\" data-end=\"1114\">Disponible para diestros y zurdos:<\/strong> Dise\u00f1ado para todos los golfistas junior, sin importar su mano dominante.<\/p>\n","protected":false},"excerpt":{"rendered":"<p>Dise\u00f1ados espec\u00edficamente para j\u00f3venes golfistas, los <strong data-start=\"100\" data-end=\"119\">Junior Ai Irons<\/strong> ofrecen precisi\u00f3n y control para mejorar su juego y aumentar la confianza en el campo.<\/p>\n<p><img decoding=\"async\" class=\"alignnone size-medium wp-image-1442\" src=\"https:\/\/www.palosdegolfpersonalizados.com\/wp-content\/uploads\/2025\/10\/Ventajas-Golf-300x49.png\" alt=\"\" width=\"300\" height=\"49\" srcset=\"https:\/\/www.palosdegolfpersonalizados.com\/wp-content\/uploads\/2025\/10\/Ventajas-Golf-300x49.png 300w, https:\/\/www.palosdegolfpersonalizados.com\/wp-content\/uploads\/2025\/10\/Ventajas-Golf-1024x167.png 1024w, https:\/\/www.palosdegolfpersonalizados.com\/wp-content\/uploads\/2025\/10\/Ventajas-Golf-768x125.png 768w, https:\/\/www.palosdegolfpersonalizados.com\/wp-content\/uploads\/2025\/10\/Ventajas-Golf-1536x251.png 1536w, https:\/\/www.palosdegolfpersonalizados.com\/wp-content\/uploads\/2025\/10\/Ventajas-Golf-2048x335.png 2048w, https:\/\/www.palosdegolfpersonalizados.com\/wp-content\/uploads\/2025\/10\/Ventajas-Golf-600x98.png 600w\" sizes=\"(max-width: 300px) 100vw, 300px\" \/><\/p>\n<p><img fetchpriority=\"high\" decoding=\"async\" class=\"alignnone size-medium wp-image-1441\" src=\"https:\/\/www.palosdegolfpersonalizados.com\/wp-content\/uploads\/2025\/10\/Etiqueta-nueva-min-3-1-300x200.png\" alt=\"\" width=\"300\" height=\"200\" \/><\/p>\n","protected":false},"featured_media":322,"comment_status":"closed","ping_status":"closed","template":"","meta":{"_joinchat":[]},"product_brand":[],"product_cat":[72,58,55],"product_tag":[104],"class_list":{"0":"post-326","1":"product","2":"type-product","3":"status-publish","4":"has-post-thumbnail","6":"product_cat-hierro-9-golf-ninos","7":"product_cat-hierros-golf-ninos","8":"product_cat-palos-de-golf-ninos","9":"product_tag-lynx-golf","11":"first","12":"instock","13":"shipping-taxable","14":"purchasable","15":"product-type-simple"},"yoast_head":"<!-- This site is optimized with the Yoast SEO plugin v27.2 - https:\/\/yoast.com\/product\/yoast-seo-wordpress\/ -->\n<title>Hierro 9 Ai Green Junior 8-10 a\u00f1os (138cm \u2013 145cm) Lynx - Palos de Golf Personalizados<\/title>\n<meta name=\"description\" content=\"Hierro 9 Ai Green Lynx: palo con trayectoria alta y gran control. Perfecto para j\u00f3venes golfistas que buscan consistencia y confianza.\" \/>\n<meta name=\"robots\" content=\"index, follow, max-snippet:-1, max-image-preview:large, max-video-preview:-1\" \/>\n<link rel=\"canonical\" href=\"https:\/\/www.palosdegolfpersonalizados.com\/?product=hierro-9-ai-green-junior-lynx-8-10-anos\" \/>\n<meta property=\"og:locale\" content=\"en_US\" \/>\n<meta property=\"og:type\" content=\"article\" \/>\n<meta property=\"og:title\" content=\"Hierro 9 Ai Green Junior 8-10 a\u00f1os (138cm \u2013 145cm) Lynx - Palos de Golf Personalizados\" \/>\n<meta property=\"og:description\" content=\"Hierro 9 Ai Green Lynx: palo con trayectoria alta y gran control. Perfecto para j\u00f3venes golfistas que buscan consistencia y confianza.\" \/>\n<meta property=\"og:url\" content=\"https:\/\/www.palosdegolfpersonalizados.com\/?product=hierro-9-ai-green-junior-lynx-8-10-anos\" \/>\n<meta property=\"og:site_name\" content=\"Palos de Golf Personalizados\" \/>\n<meta property=\"article:modified_time\" content=\"2025-11-12T15:28:38+00:00\" \/>\n<meta property=\"og:image\" content=\"https:\/\/www.palosdegolfpersonalizados.com\/wp-content\/uploads\/2025\/10\/Junior-Ai-Iron-Green-Shopify_2654da84-3d48-496c-8b2c-c6535e898fce_800x800.webp\" \/>\n\t<meta property=\"og:image:width\" content=\"800\" \/>\n\t<meta property=\"og:image:height\" content=\"800\" \/>\n\t<meta property=\"og:image:type\" content=\"image\/webp\" \/>\n<meta name=\"twitter:card\" content=\"summary_large_image\" \/>\n<meta name=\"twitter:label1\" content=\"Est. reading time\" \/>\n\t<meta name=\"twitter:data1\" content=\"1 minute\" \/>\n<script type=\"application\/ld+json\" class=\"yoast-schema-graph\">{\"@context\":\"https:\/\/schema.org\",\"@graph\":[{\"@type\":\"WebPage\",\"@id\":\"https:\/\/www.palosdegolfpersonalizados.com\/?product=hierro-9-ai-green-junior-lynx-8-10-anos\",\"url\":\"https:\/\/www.palosdegolfpersonalizados.com\/?product=hierro-9-ai-green-junior-lynx-8-10-anos\",\"name\":\"Hierro 9 Ai Green Junior 8-10 a\u00f1os (138cm \u2013 145cm) Lynx - Palos de Golf Personalizados\",\"isPartOf\":{\"@id\":\"https:\/\/www.palosdegolfpersonalizados.com\/#website\"},\"primaryImageOfPage\":{\"@id\":\"https:\/\/www.palosdegolfpersonalizados.com\/?product=hierro-9-ai-green-junior-lynx-8-10-anos#primaryimage\"},\"image\":{\"@id\":\"https:\/\/www.palosdegolfpersonalizados.com\/?product=hierro-9-ai-green-junior-lynx-8-10-anos#primaryimage\"},\"thumbnailUrl\":\"https:\/\/www.palosdegolfpersonalizados.com\/wp-content\/uploads\/2025\/10\/Junior-Ai-Iron-Green-Shopify_2654da84-3d48-496c-8b2c-c6535e898fce_800x800.webp\",\"datePublished\":\"2025-10-03T09:44:11+00:00\",\"dateModified\":\"2025-11-12T15:28:38+00:00\",\"description\":\"Hierro 9 Ai Green Lynx: palo con trayectoria alta y gran control. Perfecto para j\u00f3venes golfistas que buscan consistencia y confianza.\",\"breadcrumb\":{\"@id\":\"https:\/\/www.palosdegolfpersonalizados.com\/?product=hierro-9-ai-green-junior-lynx-8-10-anos#breadcrumb\"},\"inLanguage\":\"en-US\",\"potentialAction\":[{\"@type\":\"ReadAction\",\"target\":[\"https:\/\/www.palosdegolfpersonalizados.com\/?product=hierro-9-ai-green-junior-lynx-8-10-anos\"]}]},{\"@type\":\"ImageObject\",\"inLanguage\":\"en-US\",\"@id\":\"https:\/\/www.palosdegolfpersonalizados.com\/?product=hierro-9-ai-green-junior-lynx-8-10-anos#primaryimage\",\"url\":\"https:\/\/www.palosdegolfpersonalizados.com\/wp-content\/uploads\/2025\/10\/Junior-Ai-Iron-Green-Shopify_2654da84-3d48-496c-8b2c-c6535e898fce_800x800.webp\",\"contentUrl\":\"https:\/\/www.palosdegolfpersonalizados.com\/wp-content\/uploads\/2025\/10\/Junior-Ai-Iron-Green-Shopify_2654da84-3d48-496c-8b2c-c6535e898fce_800x800.webp\",\"width\":800,\"height\":800,\"caption\":\"Wedge PW Ai Green Lynx, control superior para ni\u00f1os golfistas.\"},{\"@type\":\"BreadcrumbList\",\"@id\":\"https:\/\/www.palosdegolfpersonalizados.com\/?product=hierro-9-ai-green-junior-lynx-8-10-anos#breadcrumb\",\"itemListElement\":[{\"@type\":\"ListItem\",\"position\":1,\"name\":\"Portada\",\"item\":\"https:\/\/www.palosdegolfpersonalizados.com\/\"},{\"@type\":\"ListItem\",\"position\":2,\"name\":\"Tienda de Golf\",\"item\":\"https:\/\/www.palosdegolfpersonalizados.com\/?page_id=8\"},{\"@type\":\"ListItem\",\"position\":3,\"name\":\"Hierro 9 Ai Green Junior 8-10 a\u00f1os (138cm \u2013 145cm) Lynx\"}]},{\"@type\":\"WebSite\",\"@id\":\"https:\/\/www.palosdegolfpersonalizados.com\/#website\",\"url\":\"https:\/\/www.palosdegolfpersonalizados.com\/\",\"name\":\"Palos de Golf Personalizados\",\"description\":\"Palos de Golf Personalizados\",\"publisher\":{\"@id\":\"https:\/\/www.palosdegolfpersonalizados.com\/#organization\"},\"potentialAction\":[{\"@type\":\"SearchAction\",\"target\":{\"@type\":\"EntryPoint\",\"urlTemplate\":\"https:\/\/www.palosdegolfpersonalizados.com\/?s={search_term_string}\"},\"query-input\":{\"@type\":\"PropertyValueSpecification\",\"valueRequired\":true,\"valueName\":\"search_term_string\"}}],\"inLanguage\":\"en-US\"},{\"@type\":\"Organization\",\"@id\":\"https:\/\/www.palosdegolfpersonalizados.com\/#organization\",\"name\":\"Palos de Golf Personalizados\",\"url\":\"https:\/\/www.palosdegolfpersonalizados.com\/\",\"logo\":{\"@type\":\"ImageObject\",\"inLanguage\":\"en-US\",\"@id\":\"https:\/\/www.palosdegolfpersonalizados.com\/#\/schema\/logo\/image\/\",\"url\":\"https:\/\/www.palosdegolfpersonalizados.com\/wp-content\/uploads\/2025\/10\/Logo-Palos-Personalizados-1.png\",\"contentUrl\":\"https:\/\/www.palosdegolfpersonalizados.com\/wp-content\/uploads\/2025\/10\/Logo-Palos-Personalizados-1.png\",\"width\":443,\"height\":163,\"caption\":\"Palos de Golf Personalizados\"},\"image\":{\"@id\":\"https:\/\/www.palosdegolfpersonalizados.com\/#\/schema\/logo\/image\/\"}}]}<\/script>\n<!-- \/ Yoast SEO plugin. -->","yoast_head_json":{"title":"Hierro 9 Ai Green Junior 8-10 a\u00f1os (138cm \u2013 145cm) Lynx - Palos de Golf Personalizados","description":"Hierro 9 Ai Green Lynx: palo con trayectoria alta y gran control. Perfecto para j\u00f3venes golfistas que buscan consistencia y confianza.","robots":{"index":"index","follow":"follow","max-snippet":"max-snippet:-1","max-image-preview":"max-image-preview:large","max-video-preview":"max-video-preview:-1"},"canonical":"https:\/\/www.palosdegolfpersonalizados.com\/?product=hierro-9-ai-green-junior-lynx-8-10-anos","og_locale":"en_US","og_type":"article","og_title":"Hierro 9 Ai Green Junior 8-10 a\u00f1os (138cm \u2013 145cm) Lynx - Palos de Golf Personalizados","og_description":"Hierro 9 Ai Green Lynx: palo con trayectoria alta y gran control. Perfecto para j\u00f3venes golfistas que buscan consistencia y confianza.","og_url":"https:\/\/www.palosdegolfpersonalizados.com\/?product=hierro-9-ai-green-junior-lynx-8-10-anos","og_site_name":"Palos de Golf Personalizados","article_modified_time":"2025-11-12T15:28:38+00:00","og_image":[{"width":800,"height":800,"url":"https:\/\/www.palosdegolfpersonalizados.com\/wp-content\/uploads\/2025\/10\/Junior-Ai-Iron-Green-Shopify_2654da84-3d48-496c-8b2c-c6535e898fce_800x800.webp","type":"image\/webp"}],"twitter_card":"summary_large_image","twitter_misc":{"Est. reading time":"1 minute"},"schema":{"@context":"https:\/\/schema.org","@graph":[{"@type":"WebPage","@id":"https:\/\/www.palosdegolfpersonalizados.com\/?product=hierro-9-ai-green-junior-lynx-8-10-anos","url":"https:\/\/www.palosdegolfpersonalizados.com\/?product=hierro-9-ai-green-junior-lynx-8-10-anos","name":"Hierro 9 Ai Green Junior 8-10 a\u00f1os (138cm \u2013 145cm) Lynx - Palos de Golf Personalizados","isPartOf":{"@id":"https:\/\/www.palosdegolfpersonalizados.com\/#website"},"primaryImageOfPage":{"@id":"https:\/\/www.palosdegolfpersonalizados.com\/?product=hierro-9-ai-green-junior-lynx-8-10-anos#primaryimage"},"image":{"@id":"https:\/\/www.palosdegolfpersonalizados.com\/?product=hierro-9-ai-green-junior-lynx-8-10-anos#primaryimage"},"thumbnailUrl":"https:\/\/www.palosdegolfpersonalizados.com\/wp-content\/uploads\/2025\/10\/Junior-Ai-Iron-Green-Shopify_2654da84-3d48-496c-8b2c-c6535e898fce_800x800.webp","datePublished":"2025-10-03T09:44:11+00:00","dateModified":"2025-11-12T15:28:38+00:00","description":"Hierro 9 Ai Green Lynx: palo con trayectoria alta y gran control. Perfecto para j\u00f3venes golfistas que buscan consistencia y confianza.","breadcrumb":{"@id":"https:\/\/www.palosdegolfpersonalizados.com\/?product=hierro-9-ai-green-junior-lynx-8-10-anos#breadcrumb"},"inLanguage":"en-US","potentialAction":[{"@type":"ReadAction","target":["https:\/\/www.palosdegolfpersonalizados.com\/?product=hierro-9-ai-green-junior-lynx-8-10-anos"]}]},{"@type":"ImageObject","inLanguage":"en-US","@id":"https:\/\/www.palosdegolfpersonalizados.com\/?product=hierro-9-ai-green-junior-lynx-8-10-anos#primaryimage","url":"https:\/\/www.palosdegolfpersonalizados.com\/wp-content\/uploads\/2025\/10\/Junior-Ai-Iron-Green-Shopify_2654da84-3d48-496c-8b2c-c6535e898fce_800x800.webp","contentUrl":"https:\/\/www.palosdegolfpersonalizados.com\/wp-content\/uploads\/2025\/10\/Junior-Ai-Iron-Green-Shopify_2654da84-3d48-496c-8b2c-c6535e898fce_800x800.webp","width":800,"height":800,"caption":"Wedge PW Ai Green Lynx, control superior para ni\u00f1os golfistas."},{"@type":"BreadcrumbList","@id":"https:\/\/www.palosdegolfpersonalizados.com\/?product=hierro-9-ai-green-junior-lynx-8-10-anos#breadcrumb","itemListElement":[{"@type":"ListItem","position":1,"name":"Portada","item":"https:\/\/www.palosdegolfpersonalizados.com\/"},{"@type":"ListItem","position":2,"name":"Tienda de Golf","item":"https:\/\/www.palosdegolfpersonalizados.com\/?page_id=8"},{"@type":"ListItem","position":3,"name":"Hierro 9 Ai Green Junior 8-10 a\u00f1os (138cm \u2013 145cm) Lynx"}]},{"@type":"WebSite","@id":"https:\/\/www.palosdegolfpersonalizados.com\/#website","url":"https:\/\/www.palosdegolfpersonalizados.com\/","name":"Palos de Golf Personalizados","description":"Palos de Golf Personalizados","publisher":{"@id":"https:\/\/www.palosdegolfpersonalizados.com\/#organization"},"potentialAction":[{"@type":"SearchAction","target":{"@type":"EntryPoint","urlTemplate":"https:\/\/www.palosdegolfpersonalizados.com\/?s={search_term_string}"},"query-input":{"@type":"PropertyValueSpecification","valueRequired":true,"valueName":"search_term_string"}}],"inLanguage":"en-US"},{"@type":"Organization","@id":"https:\/\/www.palosdegolfpersonalizados.com\/#organization","name":"Palos de Golf Personalizados","url":"https:\/\/www.palosdegolfpersonalizados.com\/","logo":{"@type":"ImageObject","inLanguage":"en-US","@id":"https:\/\/www.palosdegolfpersonalizados.com\/#\/schema\/logo\/image\/","url":"https:\/\/www.palosdegolfpersonalizados.com\/wp-content\/uploads\/2025\/10\/Logo-Palos-Personalizados-1.png","contentUrl":"https:\/\/www.palosdegolfpersonalizados.com\/wp-content\/uploads\/2025\/10\/Logo-Palos-Personalizados-1.png","width":443,"height":163,"caption":"Palos de Golf Personalizados"},"image":{"@id":"https:\/\/www.palosdegolfpersonalizados.com\/#\/schema\/logo\/image\/"}}]}},"_links":{"self":[{"href":"https:\/\/www.palosdegolfpersonalizados.com\/index.php?rest_route=\/wp\/v2\/product\/326","targetHints":{"allow":["GET"]}}],"collection":[{"href":"https:\/\/www.palosdegolfpersonalizados.com\/index.php?rest_route=\/wp\/v2\/product"}],"about":[{"href":"https:\/\/www.palosdegolfpersonalizados.com\/index.php?rest_route=\/wp\/v2\/types\/product"}],"replies":[{"embeddable":true,"href":"https:\/\/www.palosdegolfpersonalizados.com\/index.php?rest_route=%2Fwp%2Fv2%2Fcomments&post=326"}],"wp:featuredmedia":[{"embeddable":true,"href":"https:\/\/www.palosdegolfpersonalizados.com\/index.php?rest_route=\/wp\/v2\/media\/322"}],"wp:attachment":[{"href":"https:\/\/www.palosdegolfpersonalizados.com\/index.php?rest_route=%2Fwp%2Fv2%2Fmedia&parent=326"}],"wp:term":[{"taxonomy":"product_brand","embeddable":true,"href":"https:\/\/www.palosdegolfpersonalizados.com\/index.php?rest_route=%2Fwp%2Fv2%2Fproduct_brand&post=326"},{"taxonomy":"product_cat","embeddable":true,"href":"https:\/\/www.palosdegolfpersonalizados.com\/index.php?rest_route=%2Fwp%2Fv2%2Fproduct_cat&post=326"},{"taxonomy":"product_tag","embeddable":true,"href":"https:\/\/www.palosdegolfpersonalizados.com\/index.php?rest_route=%2Fwp%2Fv2%2Fproduct_tag&post=326"}],"curies":[{"name":"wp","href":"https:\/\/api.w.org\/{rel}","templated":true}]}}