{"id":332,"date":"2025-10-03T09:53:02","date_gmt":"2025-10-03T09:53:02","guid":{"rendered":"https:\/\/www.palosdegolfpersonalizados.com\/?post_type=product&#038;p=332"},"modified":"2025-11-12T13:41:11","modified_gmt":"2025-11-12T13:41:11","slug":"putter-ai-green-junior-lynx-8-10-anos","status":"publish","type":"product","link":"https:\/\/www.palosdegolfpersonalizados.com\/?product=putter-ai-green-junior-lynx-8-10-anos","title":{"rendered":"Putter Ai Green Junior 8-10 a\u00f1os (138cm \u2013 145cm) Lynx"},"content":{"rendered":"<p data-start=\"46\" data-end=\"586\">Descubre el futuro del golf junior con nuestros <strong>Junior Ai Putters<\/strong>\u00a0creados para ayudar a los j\u00f3venes golfistas a desarrollar confianza y precisi\u00f3n en el green. Dise\u00f1ados pensando en las necesidades de los jugadores junior, estos putters proporcionan un excelente control y un golpeo suave y constante. Perfectamente equilibrados y f\u00e1ciles de manejar, son ideales para que los m\u00e1s j\u00f3venes mejoren sus habilidades de putt.<\/p>\n<p data-start=\"588\" data-end=\"1069\" data-is-last-node=\"\" data-is-only-node=\"\">\u2022 <strong data-start=\"590\" data-end=\"616\">Construcci\u00f3n duradera:<\/strong> Fabricados con materiales de alta calidad para resistir el uso regular y garantizar un rendimiento duradero.<br data-start=\"725\" data-end=\"728\" \/>\u2022 <strong data-start=\"730\" data-end=\"753\" data-is-only-node=\"\">Dise\u00f1o equilibrado:<\/strong> Ofrece una distribuci\u00f3n de peso \u00f3ptima para un golpe suave y estable.<br data-start=\"823\" data-end=\"826\" \/>\u2022 <strong data-start=\"828\" data-end=\"844\">Grip c\u00f3modo:<\/strong> Dise\u00f1ado para adaptarse perfectamente a las manos junior, ofreciendo un agarre c\u00f3modo y seguro.<br data-start=\"940\" data-end=\"943\" \/>\u2022 <strong data-start=\"945\" data-end=\"983\">Disponible para diestros y zurdos:<\/strong> Dise\u00f1ado para todos los j\u00f3venes golfistas, independientemente de su mano dominante.<\/p>\n","protected":false},"excerpt":{"rendered":"<p>Dise\u00f1ados para j\u00f3venes golfistas, los <strong data-start=\"84\" data-end=\"105\">Junior Ai Putters<\/strong> ofrecen una mejor alineaci\u00f3n, sensaci\u00f3n y confianza para un golpe m\u00e1s fluido en el green.<\/p>\n<p><img decoding=\"async\" class=\"alignnone size-medium wp-image-1442\" src=\"https:\/\/www.palosdegolfpersonalizados.com\/wp-content\/uploads\/2025\/10\/Ventajas-Golf-300x49.png\" alt=\"\" width=\"300\" height=\"49\" srcset=\"https:\/\/www.palosdegolfpersonalizados.com\/wp-content\/uploads\/2025\/10\/Ventajas-Golf-300x49.png 300w, https:\/\/www.palosdegolfpersonalizados.com\/wp-content\/uploads\/2025\/10\/Ventajas-Golf-1024x167.png 1024w, https:\/\/www.palosdegolfpersonalizados.com\/wp-content\/uploads\/2025\/10\/Ventajas-Golf-768x125.png 768w, https:\/\/www.palosdegolfpersonalizados.com\/wp-content\/uploads\/2025\/10\/Ventajas-Golf-1536x251.png 1536w, https:\/\/www.palosdegolfpersonalizados.com\/wp-content\/uploads\/2025\/10\/Ventajas-Golf-2048x335.png 2048w, https:\/\/www.palosdegolfpersonalizados.com\/wp-content\/uploads\/2025\/10\/Ventajas-Golf-600x98.png 600w\" sizes=\"(max-width: 300px) 100vw, 300px\" \/><\/p>\n<p><img fetchpriority=\"high\" decoding=\"async\" class=\"alignnone size-medium wp-image-1441\" src=\"https:\/\/www.palosdegolfpersonalizados.com\/wp-content\/uploads\/2025\/10\/Etiqueta-nueva-min-3-1-300x200.png\" alt=\"\" width=\"300\" height=\"200\" \/><\/p>\n","protected":false},"featured_media":334,"comment_status":"closed","ping_status":"closed","template":"","meta":{"_joinchat":[]},"product_brand":[],"product_cat":[55,61],"product_tag":[104],"class_list":{"0":"post-332","1":"product","2":"type-product","3":"status-publish","4":"has-post-thumbnail","6":"product_cat-palos-de-golf-ninos","7":"product_cat-putter-golf-ninos","8":"product_tag-lynx-golf","10":"first","11":"instock","12":"shipping-taxable","13":"purchasable","14":"product-type-simple"},"yoast_head":"<!-- This site is optimized with the Yoast SEO plugin v27.2 - https:\/\/yoast.com\/product\/yoast-seo-wordpress\/ -->\n<title>Putter Ai Green Junior 8-10 a\u00f1os (138cm \u2013 145cm) Lynx - Palos de Golf Personalizados<\/title>\n<meta name=\"description\" content=\"Putter Ai Green Lynx: gracias a su control y precisi\u00f3n en cada putt, es el palo de golf deal para j\u00f3venes golfistas de 8 a 10 a\u00f1os.\" \/>\n<meta name=\"robots\" content=\"index, follow, max-snippet:-1, max-image-preview:large, max-video-preview:-1\" \/>\n<link rel=\"canonical\" href=\"https:\/\/www.palosdegolfpersonalizados.com\/?product=putter-ai-green-junior-lynx-8-10-anos\" \/>\n<meta property=\"og:locale\" content=\"en_US\" \/>\n<meta property=\"og:type\" content=\"article\" \/>\n<meta property=\"og:title\" content=\"Putter Ai Green Junior 8-10 a\u00f1os (138cm \u2013 145cm) Lynx - Palos de Golf Personalizados\" \/>\n<meta property=\"og:description\" content=\"Putter Ai Green Lynx: gracias a su control y precisi\u00f3n en cada putt, es el palo de golf deal para j\u00f3venes golfistas de 8 a 10 a\u00f1os.\" \/>\n<meta property=\"og:url\" content=\"https:\/\/www.palosdegolfpersonalizados.com\/?product=putter-ai-green-junior-lynx-8-10-anos\" \/>\n<meta property=\"og:site_name\" content=\"Palos de Golf Personalizados\" \/>\n<meta property=\"article:modified_time\" content=\"2025-11-12T13:41:11+00:00\" \/>\n<meta property=\"og:image\" content=\"https:\/\/www.palosdegolfpersonalizados.com\/wp-content\/uploads\/2025\/10\/Junior-Ai-Putter-Green-Shopify_800x800.webp\" \/>\n\t<meta property=\"og:image:width\" content=\"800\" \/>\n\t<meta property=\"og:image:height\" content=\"800\" \/>\n\t<meta property=\"og:image:type\" content=\"image\/webp\" \/>\n<meta name=\"twitter:card\" content=\"summary_large_image\" \/>\n<meta name=\"twitter:label1\" content=\"Est. reading time\" \/>\n\t<meta name=\"twitter:data1\" content=\"1 minute\" \/>\n<script type=\"application\/ld+json\" class=\"yoast-schema-graph\">{\"@context\":\"https:\/\/schema.org\",\"@graph\":[{\"@type\":\"WebPage\",\"@id\":\"https:\/\/www.palosdegolfpersonalizados.com\/?product=putter-ai-green-junior-lynx-8-10-anos\",\"url\":\"https:\/\/www.palosdegolfpersonalizados.com\/?product=putter-ai-green-junior-lynx-8-10-anos\",\"name\":\"Putter Ai Green Junior 8-10 a\u00f1os (138cm \u2013 145cm) Lynx - Palos de Golf Personalizados\",\"isPartOf\":{\"@id\":\"https:\/\/www.palosdegolfpersonalizados.com\/#website\"},\"primaryImageOfPage\":{\"@id\":\"https:\/\/www.palosdegolfpersonalizados.com\/?product=putter-ai-green-junior-lynx-8-10-anos#primaryimage\"},\"image\":{\"@id\":\"https:\/\/www.palosdegolfpersonalizados.com\/?product=putter-ai-green-junior-lynx-8-10-anos#primaryimage\"},\"thumbnailUrl\":\"https:\/\/www.palosdegolfpersonalizados.com\/wp-content\/uploads\/2025\/10\/Junior-Ai-Putter-Green-Shopify_800x800.webp\",\"datePublished\":\"2025-10-03T09:53:02+00:00\",\"dateModified\":\"2025-11-12T13:41:11+00:00\",\"description\":\"Putter Ai Green Lynx: gracias a su control y precisi\u00f3n en cada putt, es el palo de golf deal para j\u00f3venes golfistas de 8 a 10 a\u00f1os.\",\"breadcrumb\":{\"@id\":\"https:\/\/www.palosdegolfpersonalizados.com\/?product=putter-ai-green-junior-lynx-8-10-anos#breadcrumb\"},\"inLanguage\":\"en-US\",\"potentialAction\":[{\"@type\":\"ReadAction\",\"target\":[\"https:\/\/www.palosdegolfpersonalizados.com\/?product=putter-ai-green-junior-lynx-8-10-anos\"]}]},{\"@type\":\"ImageObject\",\"inLanguage\":\"en-US\",\"@id\":\"https:\/\/www.palosdegolfpersonalizados.com\/?product=putter-ai-green-junior-lynx-8-10-anos#primaryimage\",\"url\":\"https:\/\/www.palosdegolfpersonalizados.com\/wp-content\/uploads\/2025\/10\/Junior-Ai-Putter-Green-Shopify_800x800.webp\",\"contentUrl\":\"https:\/\/www.palosdegolfpersonalizados.com\/wp-content\/uploads\/2025\/10\/Junior-Ai-Putter-Green-Shopify_800x800.webp\",\"width\":800,\"height\":800,\"caption\":\"Putter Ai Green Lynx, alineaci\u00f3n y estabilidad en cada putt.\"},{\"@type\":\"BreadcrumbList\",\"@id\":\"https:\/\/www.palosdegolfpersonalizados.com\/?product=putter-ai-green-junior-lynx-8-10-anos#breadcrumb\",\"itemListElement\":[{\"@type\":\"ListItem\",\"position\":1,\"name\":\"Portada\",\"item\":\"https:\/\/www.palosdegolfpersonalizados.com\/\"},{\"@type\":\"ListItem\",\"position\":2,\"name\":\"Tienda de Golf\",\"item\":\"https:\/\/www.palosdegolfpersonalizados.com\/?page_id=8\"},{\"@type\":\"ListItem\",\"position\":3,\"name\":\"Putter Ai Green Junior 8-10 a\u00f1os (138cm \u2013 145cm) Lynx\"}]},{\"@type\":\"WebSite\",\"@id\":\"https:\/\/www.palosdegolfpersonalizados.com\/#website\",\"url\":\"https:\/\/www.palosdegolfpersonalizados.com\/\",\"name\":\"Palos de Golf Personalizados\",\"description\":\"Palos de Golf Personalizados\",\"publisher\":{\"@id\":\"https:\/\/www.palosdegolfpersonalizados.com\/#organization\"},\"potentialAction\":[{\"@type\":\"SearchAction\",\"target\":{\"@type\":\"EntryPoint\",\"urlTemplate\":\"https:\/\/www.palosdegolfpersonalizados.com\/?s={search_term_string}\"},\"query-input\":{\"@type\":\"PropertyValueSpecification\",\"valueRequired\":true,\"valueName\":\"search_term_string\"}}],\"inLanguage\":\"en-US\"},{\"@type\":\"Organization\",\"@id\":\"https:\/\/www.palosdegolfpersonalizados.com\/#organization\",\"name\":\"Palos de Golf Personalizados\",\"url\":\"https:\/\/www.palosdegolfpersonalizados.com\/\",\"logo\":{\"@type\":\"ImageObject\",\"inLanguage\":\"en-US\",\"@id\":\"https:\/\/www.palosdegolfpersonalizados.com\/#\/schema\/logo\/image\/\",\"url\":\"https:\/\/www.palosdegolfpersonalizados.com\/wp-content\/uploads\/2025\/10\/Logo-Palos-Personalizados-1.png\",\"contentUrl\":\"https:\/\/www.palosdegolfpersonalizados.com\/wp-content\/uploads\/2025\/10\/Logo-Palos-Personalizados-1.png\",\"width\":443,\"height\":163,\"caption\":\"Palos de Golf Personalizados\"},\"image\":{\"@id\":\"https:\/\/www.palosdegolfpersonalizados.com\/#\/schema\/logo\/image\/\"}}]}<\/script>\n<!-- \/ Yoast SEO plugin. -->","yoast_head_json":{"title":"Putter Ai Green Junior 8-10 a\u00f1os (138cm \u2013 145cm) Lynx - Palos de Golf Personalizados","description":"Putter Ai Green Lynx: gracias a su control y precisi\u00f3n en cada putt, es el palo de golf deal para j\u00f3venes golfistas de 8 a 10 a\u00f1os.","robots":{"index":"index","follow":"follow","max-snippet":"max-snippet:-1","max-image-preview":"max-image-preview:large","max-video-preview":"max-video-preview:-1"},"canonical":"https:\/\/www.palosdegolfpersonalizados.com\/?product=putter-ai-green-junior-lynx-8-10-anos","og_locale":"en_US","og_type":"article","og_title":"Putter Ai Green Junior 8-10 a\u00f1os (138cm \u2013 145cm) Lynx - Palos de Golf Personalizados","og_description":"Putter Ai Green Lynx: gracias a su control y precisi\u00f3n en cada putt, es el palo de golf deal para j\u00f3venes golfistas de 8 a 10 a\u00f1os.","og_url":"https:\/\/www.palosdegolfpersonalizados.com\/?product=putter-ai-green-junior-lynx-8-10-anos","og_site_name":"Palos de Golf Personalizados","article_modified_time":"2025-11-12T13:41:11+00:00","og_image":[{"width":800,"height":800,"url":"https:\/\/www.palosdegolfpersonalizados.com\/wp-content\/uploads\/2025\/10\/Junior-Ai-Putter-Green-Shopify_800x800.webp","type":"image\/webp"}],"twitter_card":"summary_large_image","twitter_misc":{"Est. reading time":"1 minute"},"schema":{"@context":"https:\/\/schema.org","@graph":[{"@type":"WebPage","@id":"https:\/\/www.palosdegolfpersonalizados.com\/?product=putter-ai-green-junior-lynx-8-10-anos","url":"https:\/\/www.palosdegolfpersonalizados.com\/?product=putter-ai-green-junior-lynx-8-10-anos","name":"Putter Ai Green Junior 8-10 a\u00f1os (138cm \u2013 145cm) Lynx - Palos de Golf Personalizados","isPartOf":{"@id":"https:\/\/www.palosdegolfpersonalizados.com\/#website"},"primaryImageOfPage":{"@id":"https:\/\/www.palosdegolfpersonalizados.com\/?product=putter-ai-green-junior-lynx-8-10-anos#primaryimage"},"image":{"@id":"https:\/\/www.palosdegolfpersonalizados.com\/?product=putter-ai-green-junior-lynx-8-10-anos#primaryimage"},"thumbnailUrl":"https:\/\/www.palosdegolfpersonalizados.com\/wp-content\/uploads\/2025\/10\/Junior-Ai-Putter-Green-Shopify_800x800.webp","datePublished":"2025-10-03T09:53:02+00:00","dateModified":"2025-11-12T13:41:11+00:00","description":"Putter Ai Green Lynx: gracias a su control y precisi\u00f3n en cada putt, es el palo de golf deal para j\u00f3venes golfistas de 8 a 10 a\u00f1os.","breadcrumb":{"@id":"https:\/\/www.palosdegolfpersonalizados.com\/?product=putter-ai-green-junior-lynx-8-10-anos#breadcrumb"},"inLanguage":"en-US","potentialAction":[{"@type":"ReadAction","target":["https:\/\/www.palosdegolfpersonalizados.com\/?product=putter-ai-green-junior-lynx-8-10-anos"]}]},{"@type":"ImageObject","inLanguage":"en-US","@id":"https:\/\/www.palosdegolfpersonalizados.com\/?product=putter-ai-green-junior-lynx-8-10-anos#primaryimage","url":"https:\/\/www.palosdegolfpersonalizados.com\/wp-content\/uploads\/2025\/10\/Junior-Ai-Putter-Green-Shopify_800x800.webp","contentUrl":"https:\/\/www.palosdegolfpersonalizados.com\/wp-content\/uploads\/2025\/10\/Junior-Ai-Putter-Green-Shopify_800x800.webp","width":800,"height":800,"caption":"Putter Ai Green Lynx, alineaci\u00f3n y estabilidad en cada putt."},{"@type":"BreadcrumbList","@id":"https:\/\/www.palosdegolfpersonalizados.com\/?product=putter-ai-green-junior-lynx-8-10-anos#breadcrumb","itemListElement":[{"@type":"ListItem","position":1,"name":"Portada","item":"https:\/\/www.palosdegolfpersonalizados.com\/"},{"@type":"ListItem","position":2,"name":"Tienda de Golf","item":"https:\/\/www.palosdegolfpersonalizados.com\/?page_id=8"},{"@type":"ListItem","position":3,"name":"Putter Ai Green Junior 8-10 a\u00f1os (138cm \u2013 145cm) Lynx"}]},{"@type":"WebSite","@id":"https:\/\/www.palosdegolfpersonalizados.com\/#website","url":"https:\/\/www.palosdegolfpersonalizados.com\/","name":"Palos de Golf Personalizados","description":"Palos de Golf Personalizados","publisher":{"@id":"https:\/\/www.palosdegolfpersonalizados.com\/#organization"},"potentialAction":[{"@type":"SearchAction","target":{"@type":"EntryPoint","urlTemplate":"https:\/\/www.palosdegolfpersonalizados.com\/?s={search_term_string}"},"query-input":{"@type":"PropertyValueSpecification","valueRequired":true,"valueName":"search_term_string"}}],"inLanguage":"en-US"},{"@type":"Organization","@id":"https:\/\/www.palosdegolfpersonalizados.com\/#organization","name":"Palos de Golf Personalizados","url":"https:\/\/www.palosdegolfpersonalizados.com\/","logo":{"@type":"ImageObject","inLanguage":"en-US","@id":"https:\/\/www.palosdegolfpersonalizados.com\/#\/schema\/logo\/image\/","url":"https:\/\/www.palosdegolfpersonalizados.com\/wp-content\/uploads\/2025\/10\/Logo-Palos-Personalizados-1.png","contentUrl":"https:\/\/www.palosdegolfpersonalizados.com\/wp-content\/uploads\/2025\/10\/Logo-Palos-Personalizados-1.png","width":443,"height":163,"caption":"Palos de Golf Personalizados"},"image":{"@id":"https:\/\/www.palosdegolfpersonalizados.com\/#\/schema\/logo\/image\/"}}]}},"_links":{"self":[{"href":"https:\/\/www.palosdegolfpersonalizados.com\/index.php?rest_route=\/wp\/v2\/product\/332","targetHints":{"allow":["GET"]}}],"collection":[{"href":"https:\/\/www.palosdegolfpersonalizados.com\/index.php?rest_route=\/wp\/v2\/product"}],"about":[{"href":"https:\/\/www.palosdegolfpersonalizados.com\/index.php?rest_route=\/wp\/v2\/types\/product"}],"replies":[{"embeddable":true,"href":"https:\/\/www.palosdegolfpersonalizados.com\/index.php?rest_route=%2Fwp%2Fv2%2Fcomments&post=332"}],"wp:featuredmedia":[{"embeddable":true,"href":"https:\/\/www.palosdegolfpersonalizados.com\/index.php?rest_route=\/wp\/v2\/media\/334"}],"wp:attachment":[{"href":"https:\/\/www.palosdegolfpersonalizados.com\/index.php?rest_route=%2Fwp%2Fv2%2Fmedia&parent=332"}],"wp:term":[{"taxonomy":"product_brand","embeddable":true,"href":"https:\/\/www.palosdegolfpersonalizados.com\/index.php?rest_route=%2Fwp%2Fv2%2Fproduct_brand&post=332"},{"taxonomy":"product_cat","embeddable":true,"href":"https:\/\/www.palosdegolfpersonalizados.com\/index.php?rest_route=%2Fwp%2Fv2%2Fproduct_cat&post=332"},{"taxonomy":"product_tag","embeddable":true,"href":"https:\/\/www.palosdegolfpersonalizados.com\/index.php?rest_route=%2Fwp%2Fv2%2Fproduct_tag&post=332"}],"curies":[{"name":"wp","href":"https:\/\/api.w.org\/{rel}","templated":true}]}}