{"id":360,"date":"2025-10-03T10:27:04","date_gmt":"2025-10-03T10:27:04","guid":{"rendered":"https:\/\/www.palosdegolfpersonalizados.com\/?post_type=product&#038;p=360"},"modified":"2025-11-12T13:32:37","modified_gmt":"2025-11-12T13:32:37","slug":"driver-ai-silver-junior-lynx-12-15-anos","status":"publish","type":"product","link":"https:\/\/www.palosdegolfpersonalizados.com\/?product=driver-ai-silver-junior-lynx-12-15-anos","title":{"rendered":"Driver Ai Silver Junior 12-15 a\u00f1os (152cm \u2013 160cm) Lynx"},"content":{"rendered":"<article class=\"text-token-text-primary w-full focus:outline-none scroll-mt-[calc(var(--header-height)+min(200px,max(70px,20svh)))]\" dir=\"auto\" tabindex=\"-1\" data-turn-id=\"request-68de62b9-9378-8328-b590-6dd89b6f0820-33\" data-testid=\"conversation-turn-114\" data-scroll-anchor=\"true\" data-turn=\"assistant\">\n<div class=\"text-base my-auto mx-auto pb-10 [--thread-content-margin:--spacing(4)] thread-sm:[--thread-content-margin:--spacing(6)] thread-lg:[--thread-content-margin:--spacing(16)] px-(--thread-content-margin)\">\n<div class=\"[--thread-content-max-width:40rem] thread-lg:[--thread-content-max-width:48rem] mx-auto max-w-(--thread-content-max-width) flex-1 group\/turn-messages focus-visible:outline-hidden relative flex w-full min-w-0 flex-col agent-turn\" tabindex=\"-1\">\n<div class=\"flex max-w-full flex-col grow\">\n<div class=\"min-h-8 text-message relative flex w-full flex-col items-end gap-2 text-start break-words whitespace-normal [.text-message+&amp;]:mt-5\" dir=\"auto\" data-message-author-role=\"assistant\" data-message-id=\"a13f06c2-bf60-4b21-9216-a948419c3d80\" data-message-model-slug=\"gpt-5\">\n<div class=\"flex w-full flex-col gap-1 empty:hidden first:pt-[1px]\">\n<div class=\"markdown prose dark:prose-invert w-full break-words light markdown-new-styling\">\n<p data-start=\"46\" data-end=\"567\">Descubre el futuro del golf juvenil con el <strong data-start=\"247\" data-end=\"272\" data-is-only-node=\"\">Lynx Junior Ai Driver<\/strong>. Dise\u00f1ado para apoyar a los j\u00f3venes golfistas en sus a\u00f1os de formaci\u00f3n, este driver combina tecnolog\u00eda de vanguardia con un dise\u00f1o intuitivo para mejorar las habilidades y el disfrute en el campo. \u00a1Mira c\u00f3mo tu joven golfista prospera con las mejores herramientas adaptadas a sus necesidades!<\/p>\n<p data-start=\"569\" data-end=\"1287\" data-is-last-node=\"\" data-is-only-node=\"\">\u2022 <strong data-start=\"571\" data-end=\"601\">Cabeza de titanio forjado:<\/strong> Ofrece una potencia excepcional y gran durabilidad para golpes m\u00e1s largos.<br data-start=\"676\" data-end=\"679\" \/>\u2022 <strong data-start=\"681\" data-end=\"711\" data-is-only-node=\"\">Cabeza grande y tolerante:<\/strong> Ayuda en los golpes descentrados, asegurando mayor consistencia y precisi\u00f3n.<br data-start=\"788\" data-end=\"791\" \/>\u2022 <strong data-start=\"793\" data-end=\"821\">Optimizado para juniors:<\/strong> Especialmente adaptado a las necesidades de los j\u00f3venes jugadores, favoreciendo un mejor rendimiento.<br data-start=\"923\" data-end=\"926\" \/>\u2022 <strong data-start=\"928\" data-end=\"946\">Dise\u00f1o ligero:<\/strong> Facilita el swing y el control del palo para los golfistas m\u00e1s peque\u00f1os.<br data-start=\"1019\" data-end=\"1022\" \/>\u2022 <strong data-start=\"1024\" data-end=\"1075\">Tama\u00f1os de grip y pesos de varilla optimizados:<\/strong> Adaptados para juniors, garantizando el ajuste perfecto para cada edad y nivel de habilidad.<br data-start=\"1168\" data-end=\"1171\" \/>\u2022 <strong data-start=\"1173\" data-end=\"1211\">Disponible para diestros y zurdos:<\/strong> Pensado para todos los j\u00f3venes golfistas, sin importar su mano dominante.<\/p>\n<\/div>\n<\/div>\n<\/div>\n<\/div>\n<\/div>\n<\/div>\n<\/article>\n","protected":false},"excerpt":{"rendered":"<p>Perfecto para j\u00f3venes golfistas, el <strong data-start=\"82\" data-end=\"102\">Junior Ai Driver<\/strong> est\u00e1 dise\u00f1ado para aumentar la confianza, maximizar la distancia y hacer cada swing m\u00e1s divertido.<\/p>\n<p><img decoding=\"async\" class=\"alignnone size-medium wp-image-1442\" src=\"https:\/\/www.palosdegolfpersonalizados.com\/wp-content\/uploads\/2025\/10\/Ventajas-Golf-300x49.png\" alt=\"\" width=\"300\" height=\"49\" srcset=\"https:\/\/www.palosdegolfpersonalizados.com\/wp-content\/uploads\/2025\/10\/Ventajas-Golf-300x49.png 300w, https:\/\/www.palosdegolfpersonalizados.com\/wp-content\/uploads\/2025\/10\/Ventajas-Golf-1024x167.png 1024w, https:\/\/www.palosdegolfpersonalizados.com\/wp-content\/uploads\/2025\/10\/Ventajas-Golf-768x125.png 768w, https:\/\/www.palosdegolfpersonalizados.com\/wp-content\/uploads\/2025\/10\/Ventajas-Golf-1536x251.png 1536w, https:\/\/www.palosdegolfpersonalizados.com\/wp-content\/uploads\/2025\/10\/Ventajas-Golf-2048x335.png 2048w, https:\/\/www.palosdegolfpersonalizados.com\/wp-content\/uploads\/2025\/10\/Ventajas-Golf-600x98.png 600w\" sizes=\"(max-width: 300px) 100vw, 300px\" \/><\/p>\n<p><img fetchpriority=\"high\" decoding=\"async\" class=\"alignnone size-medium wp-image-1441\" src=\"https:\/\/www.palosdegolfpersonalizados.com\/wp-content\/uploads\/2025\/10\/Etiqueta-nueva-min-3-1-300x200.png\" alt=\"\" width=\"300\" height=\"200\" \/><\/p>\n","protected":false},"featured_media":363,"comment_status":"closed","ping_status":"closed","template":"","meta":{"_joinchat":[]},"product_brand":[],"product_cat":[56,55],"product_tag":[104],"class_list":{"0":"post-360","1":"product","2":"type-product","3":"status-publish","4":"has-post-thumbnail","6":"product_cat-drivers-golf-ninos","7":"product_cat-palos-de-golf-ninos","8":"product_tag-lynx-golf","10":"first","11":"instock","12":"shipping-taxable","13":"purchasable","14":"product-type-simple"},"yoast_head":"<!-- This site is optimized with the Yoast SEO plugin v27.2 - https:\/\/yoast.com\/product\/yoast-seo-wordpress\/ -->\n<title>Driver Ai Silver Junior 12-15 a\u00f1os (152cm \u2013 160cm) Lynx - Palos de Golf Personalizados<\/title>\n<meta name=\"description\" content=\"Driver Ai Silver Lynx: podr\u00e1s conseguir el m\u00e1ximo rendimiento, distancia y control con este palo de golf. Ideal para golfistas junior en crecimiento.\" \/>\n<meta name=\"robots\" content=\"index, follow, max-snippet:-1, max-image-preview:large, max-video-preview:-1\" \/>\n<link rel=\"canonical\" href=\"https:\/\/www.palosdegolfpersonalizados.com\/?product=driver-ai-silver-junior-lynx-12-15-anos\" \/>\n<meta property=\"og:locale\" content=\"en_US\" \/>\n<meta property=\"og:type\" content=\"article\" \/>\n<meta property=\"og:title\" content=\"Driver Ai Silver Junior 12-15 a\u00f1os (152cm \u2013 160cm) Lynx - Palos de Golf Personalizados\" \/>\n<meta property=\"og:description\" content=\"Driver Ai Silver Lynx: podr\u00e1s conseguir el m\u00e1ximo rendimiento, distancia y control con este palo de golf. Ideal para golfistas junior en crecimiento.\" \/>\n<meta property=\"og:url\" content=\"https:\/\/www.palosdegolfpersonalizados.com\/?product=driver-ai-silver-junior-lynx-12-15-anos\" \/>\n<meta property=\"og:site_name\" content=\"Palos de Golf Personalizados\" \/>\n<meta property=\"article:modified_time\" content=\"2025-11-12T13:32:37+00:00\" \/>\n<meta property=\"og:image\" content=\"https:\/\/www.palosdegolfpersonalizados.com\/wp-content\/uploads\/2025\/10\/Junior-Ai-A-Driver-Silver-Shopify_400x400.webp\" \/>\n\t<meta property=\"og:image:width\" content=\"400\" \/>\n\t<meta property=\"og:image:height\" content=\"400\" \/>\n\t<meta property=\"og:image:type\" content=\"image\/webp\" \/>\n<meta name=\"twitter:card\" content=\"summary_large_image\" \/>\n<meta name=\"twitter:label1\" content=\"Est. reading time\" \/>\n\t<meta name=\"twitter:data1\" content=\"1 minute\" \/>\n<script type=\"application\/ld+json\" class=\"yoast-schema-graph\">{\"@context\":\"https:\/\/schema.org\",\"@graph\":[{\"@type\":\"WebPage\",\"@id\":\"https:\/\/www.palosdegolfpersonalizados.com\/?product=driver-ai-silver-junior-lynx-12-15-anos\",\"url\":\"https:\/\/www.palosdegolfpersonalizados.com\/?product=driver-ai-silver-junior-lynx-12-15-anos\",\"name\":\"Driver Ai Silver Junior 12-15 a\u00f1os (152cm \u2013 160cm) Lynx - Palos de Golf Personalizados\",\"isPartOf\":{\"@id\":\"https:\/\/www.palosdegolfpersonalizados.com\/#website\"},\"primaryImageOfPage\":{\"@id\":\"https:\/\/www.palosdegolfpersonalizados.com\/?product=driver-ai-silver-junior-lynx-12-15-anos#primaryimage\"},\"image\":{\"@id\":\"https:\/\/www.palosdegolfpersonalizados.com\/?product=driver-ai-silver-junior-lynx-12-15-anos#primaryimage\"},\"thumbnailUrl\":\"https:\/\/www.palosdegolfpersonalizados.com\/wp-content\/uploads\/2025\/10\/Junior-Ai-A-Driver-Silver-Shopify_400x400.webp\",\"datePublished\":\"2025-10-03T10:27:04+00:00\",\"dateModified\":\"2025-11-12T13:32:37+00:00\",\"description\":\"Driver Ai Silver Lynx: podr\u00e1s conseguir el m\u00e1ximo rendimiento, distancia y control con este palo de golf. Ideal para golfistas junior en crecimiento.\",\"breadcrumb\":{\"@id\":\"https:\/\/www.palosdegolfpersonalizados.com\/?product=driver-ai-silver-junior-lynx-12-15-anos#breadcrumb\"},\"inLanguage\":\"en-US\",\"potentialAction\":[{\"@type\":\"ReadAction\",\"target\":[\"https:\/\/www.palosdegolfpersonalizados.com\/?product=driver-ai-silver-junior-lynx-12-15-anos\"]}]},{\"@type\":\"ImageObject\",\"inLanguage\":\"en-US\",\"@id\":\"https:\/\/www.palosdegolfpersonalizados.com\/?product=driver-ai-silver-junior-lynx-12-15-anos#primaryimage\",\"url\":\"https:\/\/www.palosdegolfpersonalizados.com\/wp-content\/uploads\/2025\/10\/Junior-Ai-A-Driver-Silver-Shopify_400x400.webp\",\"contentUrl\":\"https:\/\/www.palosdegolfpersonalizados.com\/wp-content\/uploads\/2025\/10\/Junior-Ai-A-Driver-Silver-Shopify_400x400.webp\",\"width\":400,\"height\":400,\"caption\":\"Driver Alloy Ai Silver Lynx, potencia y control en cada golpe.\"},{\"@type\":\"BreadcrumbList\",\"@id\":\"https:\/\/www.palosdegolfpersonalizados.com\/?product=driver-ai-silver-junior-lynx-12-15-anos#breadcrumb\",\"itemListElement\":[{\"@type\":\"ListItem\",\"position\":1,\"name\":\"Portada\",\"item\":\"https:\/\/www.palosdegolfpersonalizados.com\/\"},{\"@type\":\"ListItem\",\"position\":2,\"name\":\"Tienda de Golf\",\"item\":\"https:\/\/www.palosdegolfpersonalizados.com\/?page_id=8\"},{\"@type\":\"ListItem\",\"position\":3,\"name\":\"Driver Ai Silver Junior 12-15 a\u00f1os (152cm \u2013 160cm) Lynx\"}]},{\"@type\":\"WebSite\",\"@id\":\"https:\/\/www.palosdegolfpersonalizados.com\/#website\",\"url\":\"https:\/\/www.palosdegolfpersonalizados.com\/\",\"name\":\"Palos de Golf Personalizados\",\"description\":\"Palos de Golf Personalizados\",\"publisher\":{\"@id\":\"https:\/\/www.palosdegolfpersonalizados.com\/#organization\"},\"potentialAction\":[{\"@type\":\"SearchAction\",\"target\":{\"@type\":\"EntryPoint\",\"urlTemplate\":\"https:\/\/www.palosdegolfpersonalizados.com\/?s={search_term_string}\"},\"query-input\":{\"@type\":\"PropertyValueSpecification\",\"valueRequired\":true,\"valueName\":\"search_term_string\"}}],\"inLanguage\":\"en-US\"},{\"@type\":\"Organization\",\"@id\":\"https:\/\/www.palosdegolfpersonalizados.com\/#organization\",\"name\":\"Palos de Golf Personalizados\",\"url\":\"https:\/\/www.palosdegolfpersonalizados.com\/\",\"logo\":{\"@type\":\"ImageObject\",\"inLanguage\":\"en-US\",\"@id\":\"https:\/\/www.palosdegolfpersonalizados.com\/#\/schema\/logo\/image\/\",\"url\":\"https:\/\/www.palosdegolfpersonalizados.com\/wp-content\/uploads\/2025\/10\/Logo-Palos-Personalizados-1.png\",\"contentUrl\":\"https:\/\/www.palosdegolfpersonalizados.com\/wp-content\/uploads\/2025\/10\/Logo-Palos-Personalizados-1.png\",\"width\":443,\"height\":163,\"caption\":\"Palos de Golf Personalizados\"},\"image\":{\"@id\":\"https:\/\/www.palosdegolfpersonalizados.com\/#\/schema\/logo\/image\/\"}}]}<\/script>\n<!-- \/ Yoast SEO plugin. -->","yoast_head_json":{"title":"Driver Ai Silver Junior 12-15 a\u00f1os (152cm \u2013 160cm) Lynx - Palos de Golf Personalizados","description":"Driver Ai Silver Lynx: podr\u00e1s conseguir el m\u00e1ximo rendimiento, distancia y control con este palo de golf. Ideal para golfistas junior en crecimiento.","robots":{"index":"index","follow":"follow","max-snippet":"max-snippet:-1","max-image-preview":"max-image-preview:large","max-video-preview":"max-video-preview:-1"},"canonical":"https:\/\/www.palosdegolfpersonalizados.com\/?product=driver-ai-silver-junior-lynx-12-15-anos","og_locale":"en_US","og_type":"article","og_title":"Driver Ai Silver Junior 12-15 a\u00f1os (152cm \u2013 160cm) Lynx - Palos de Golf Personalizados","og_description":"Driver Ai Silver Lynx: podr\u00e1s conseguir el m\u00e1ximo rendimiento, distancia y control con este palo de golf. Ideal para golfistas junior en crecimiento.","og_url":"https:\/\/www.palosdegolfpersonalizados.com\/?product=driver-ai-silver-junior-lynx-12-15-anos","og_site_name":"Palos de Golf Personalizados","article_modified_time":"2025-11-12T13:32:37+00:00","og_image":[{"width":400,"height":400,"url":"https:\/\/www.palosdegolfpersonalizados.com\/wp-content\/uploads\/2025\/10\/Junior-Ai-A-Driver-Silver-Shopify_400x400.webp","type":"image\/webp"}],"twitter_card":"summary_large_image","twitter_misc":{"Est. reading time":"1 minute"},"schema":{"@context":"https:\/\/schema.org","@graph":[{"@type":"WebPage","@id":"https:\/\/www.palosdegolfpersonalizados.com\/?product=driver-ai-silver-junior-lynx-12-15-anos","url":"https:\/\/www.palosdegolfpersonalizados.com\/?product=driver-ai-silver-junior-lynx-12-15-anos","name":"Driver Ai Silver Junior 12-15 a\u00f1os (152cm \u2013 160cm) Lynx - Palos de Golf Personalizados","isPartOf":{"@id":"https:\/\/www.palosdegolfpersonalizados.com\/#website"},"primaryImageOfPage":{"@id":"https:\/\/www.palosdegolfpersonalizados.com\/?product=driver-ai-silver-junior-lynx-12-15-anos#primaryimage"},"image":{"@id":"https:\/\/www.palosdegolfpersonalizados.com\/?product=driver-ai-silver-junior-lynx-12-15-anos#primaryimage"},"thumbnailUrl":"https:\/\/www.palosdegolfpersonalizados.com\/wp-content\/uploads\/2025\/10\/Junior-Ai-A-Driver-Silver-Shopify_400x400.webp","datePublished":"2025-10-03T10:27:04+00:00","dateModified":"2025-11-12T13:32:37+00:00","description":"Driver Ai Silver Lynx: podr\u00e1s conseguir el m\u00e1ximo rendimiento, distancia y control con este palo de golf. Ideal para golfistas junior en crecimiento.","breadcrumb":{"@id":"https:\/\/www.palosdegolfpersonalizados.com\/?product=driver-ai-silver-junior-lynx-12-15-anos#breadcrumb"},"inLanguage":"en-US","potentialAction":[{"@type":"ReadAction","target":["https:\/\/www.palosdegolfpersonalizados.com\/?product=driver-ai-silver-junior-lynx-12-15-anos"]}]},{"@type":"ImageObject","inLanguage":"en-US","@id":"https:\/\/www.palosdegolfpersonalizados.com\/?product=driver-ai-silver-junior-lynx-12-15-anos#primaryimage","url":"https:\/\/www.palosdegolfpersonalizados.com\/wp-content\/uploads\/2025\/10\/Junior-Ai-A-Driver-Silver-Shopify_400x400.webp","contentUrl":"https:\/\/www.palosdegolfpersonalizados.com\/wp-content\/uploads\/2025\/10\/Junior-Ai-A-Driver-Silver-Shopify_400x400.webp","width":400,"height":400,"caption":"Driver Alloy Ai Silver Lynx, potencia y control en cada golpe."},{"@type":"BreadcrumbList","@id":"https:\/\/www.palosdegolfpersonalizados.com\/?product=driver-ai-silver-junior-lynx-12-15-anos#breadcrumb","itemListElement":[{"@type":"ListItem","position":1,"name":"Portada","item":"https:\/\/www.palosdegolfpersonalizados.com\/"},{"@type":"ListItem","position":2,"name":"Tienda de Golf","item":"https:\/\/www.palosdegolfpersonalizados.com\/?page_id=8"},{"@type":"ListItem","position":3,"name":"Driver Ai Silver Junior 12-15 a\u00f1os (152cm \u2013 160cm) Lynx"}]},{"@type":"WebSite","@id":"https:\/\/www.palosdegolfpersonalizados.com\/#website","url":"https:\/\/www.palosdegolfpersonalizados.com\/","name":"Palos de Golf Personalizados","description":"Palos de Golf Personalizados","publisher":{"@id":"https:\/\/www.palosdegolfpersonalizados.com\/#organization"},"potentialAction":[{"@type":"SearchAction","target":{"@type":"EntryPoint","urlTemplate":"https:\/\/www.palosdegolfpersonalizados.com\/?s={search_term_string}"},"query-input":{"@type":"PropertyValueSpecification","valueRequired":true,"valueName":"search_term_string"}}],"inLanguage":"en-US"},{"@type":"Organization","@id":"https:\/\/www.palosdegolfpersonalizados.com\/#organization","name":"Palos de Golf Personalizados","url":"https:\/\/www.palosdegolfpersonalizados.com\/","logo":{"@type":"ImageObject","inLanguage":"en-US","@id":"https:\/\/www.palosdegolfpersonalizados.com\/#\/schema\/logo\/image\/","url":"https:\/\/www.palosdegolfpersonalizados.com\/wp-content\/uploads\/2025\/10\/Logo-Palos-Personalizados-1.png","contentUrl":"https:\/\/www.palosdegolfpersonalizados.com\/wp-content\/uploads\/2025\/10\/Logo-Palos-Personalizados-1.png","width":443,"height":163,"caption":"Palos de Golf Personalizados"},"image":{"@id":"https:\/\/www.palosdegolfpersonalizados.com\/#\/schema\/logo\/image\/"}}]}},"_links":{"self":[{"href":"https:\/\/www.palosdegolfpersonalizados.com\/index.php?rest_route=\/wp\/v2\/product\/360","targetHints":{"allow":["GET"]}}],"collection":[{"href":"https:\/\/www.palosdegolfpersonalizados.com\/index.php?rest_route=\/wp\/v2\/product"}],"about":[{"href":"https:\/\/www.palosdegolfpersonalizados.com\/index.php?rest_route=\/wp\/v2\/types\/product"}],"replies":[{"embeddable":true,"href":"https:\/\/www.palosdegolfpersonalizados.com\/index.php?rest_route=%2Fwp%2Fv2%2Fcomments&post=360"}],"wp:featuredmedia":[{"embeddable":true,"href":"https:\/\/www.palosdegolfpersonalizados.com\/index.php?rest_route=\/wp\/v2\/media\/363"}],"wp:attachment":[{"href":"https:\/\/www.palosdegolfpersonalizados.com\/index.php?rest_route=%2Fwp%2Fv2%2Fmedia&parent=360"}],"wp:term":[{"taxonomy":"product_brand","embeddable":true,"href":"https:\/\/www.palosdegolfpersonalizados.com\/index.php?rest_route=%2Fwp%2Fv2%2Fproduct_brand&post=360"},{"taxonomy":"product_cat","embeddable":true,"href":"https:\/\/www.palosdegolfpersonalizados.com\/index.php?rest_route=%2Fwp%2Fv2%2Fproduct_cat&post=360"},{"taxonomy":"product_tag","embeddable":true,"href":"https:\/\/www.palosdegolfpersonalizados.com\/index.php?rest_route=%2Fwp%2Fv2%2Fproduct_tag&post=360"}],"curies":[{"name":"wp","href":"https:\/\/api.w.org\/{rel}","templated":true}]}}