{"id":373,"date":"2025-10-03T10:38:15","date_gmt":"2025-10-03T10:38:15","guid":{"rendered":"https:\/\/www.palosdegolfpersonalizados.com\/?post_type=product&#038;p=373"},"modified":"2025-11-12T13:04:48","modified_gmt":"2025-11-12T13:04:48","slug":"hierro-9-ai-silver-junior-lynx-12-15-anos","status":"publish","type":"product","link":"https:\/\/www.palosdegolfpersonalizados.com\/?product=hierro-9-ai-silver-junior-lynx-12-15-anos","title":{"rendered":"Hierro 9 Ai Silver Junior 12-15 a\u00f1os (152cm \u2013 160cm) Lynx"},"content":{"rendered":"<p data-start=\"46\" data-end=\"505\">Descubre el futuro del golf junior con nuestros <strong data-start=\"216\" data-end=\"235\" data-is-only-node=\"\">Junior Ai Irons<\/strong>\u00a0creados para ayudar a los j\u00f3venes golfistas a realizar golpes consistentes y precisos con facilidad. Con un acabado pulido y elegante, fabricados en acero inoxidable duradero, estos hierros est\u00e1n pensados para un rendimiento duradero y una jugabilidad sencilla.<\/p>\n<p data-start=\"507\" data-end=\"1206\" data-is-last-node=\"\" data-is-only-node=\"\">\u2022 <strong data-start=\"509\" data-end=\"555\">Construcci\u00f3n en acero inoxidable duradero:<\/strong> Garantiza una larga vida \u00fatil y una sensaci\u00f3n s\u00f3lida en el impacto.<br data-start=\"623\" data-end=\"626\" \/>\u2022 <strong data-start=\"628\" data-end=\"658\" data-is-only-node=\"\">Acabado pulido y elegante:<\/strong> Proporciona un aspecto premium y reduce los reflejos en d\u00edas soleados.<br data-start=\"729\" data-end=\"732\" \/>\u2022 <strong data-start=\"734\" data-end=\"770\">Distribuci\u00f3n de peso optimizada:<\/strong> Mejora el equilibrio y el control durante todo el swing, favoreciendo una mayor precisi\u00f3n.<br data-start=\"861\" data-end=\"864\" \/>\u2022 <strong data-start=\"866\" data-end=\"891\">Dise\u00f1o f\u00e1cil de usar:<\/strong> Facilita a los juniors la realizaci\u00f3n de golpes consistentes y fiables.<br data-start=\"963\" data-end=\"966\" \/>\u2022 <strong data-start=\"968\" data-end=\"1032\">Tama\u00f1os de grip y pesos de varilla espec\u00edficos para juniors:<\/strong> Adaptados a las necesidades de los j\u00f3venes golfistas.<br data-start=\"1086\" data-end=\"1089\" \/>\u2022 <strong data-start=\"1091\" data-end=\"1129\">Disponible para diestros y zurdos:<\/strong> Dise\u00f1ado para todos los j\u00f3venes golfistas, sin importar su mano dominante.<\/p>\n","protected":false},"excerpt":{"rendered":"<p>Dise\u00f1ados especialmente para j\u00f3venes golfistas, los <strong data-start=\"98\" data-end=\"117\">Junior Ai Irons<\/strong> ofrecen precisi\u00f3n y control para mejorar su juego y aumentar la confianza en el campo.<\/p>\n<p><img decoding=\"async\" class=\"alignnone size-medium wp-image-1442\" src=\"https:\/\/www.palosdegolfpersonalizados.com\/wp-content\/uploads\/2025\/10\/Ventajas-Golf-300x49.png\" alt=\"\" width=\"300\" height=\"49\" srcset=\"https:\/\/www.palosdegolfpersonalizados.com\/wp-content\/uploads\/2025\/10\/Ventajas-Golf-300x49.png 300w, https:\/\/www.palosdegolfpersonalizados.com\/wp-content\/uploads\/2025\/10\/Ventajas-Golf-1024x167.png 1024w, https:\/\/www.palosdegolfpersonalizados.com\/wp-content\/uploads\/2025\/10\/Ventajas-Golf-768x125.png 768w, https:\/\/www.palosdegolfpersonalizados.com\/wp-content\/uploads\/2025\/10\/Ventajas-Golf-1536x251.png 1536w, https:\/\/www.palosdegolfpersonalizados.com\/wp-content\/uploads\/2025\/10\/Ventajas-Golf-2048x335.png 2048w, https:\/\/www.palosdegolfpersonalizados.com\/wp-content\/uploads\/2025\/10\/Ventajas-Golf-600x98.png 600w\" sizes=\"(max-width: 300px) 100vw, 300px\" \/><\/p>\n<p><img fetchpriority=\"high\" decoding=\"async\" class=\"alignnone size-medium wp-image-1441\" src=\"https:\/\/www.palosdegolfpersonalizados.com\/wp-content\/uploads\/2025\/10\/Etiqueta-nueva-min-3-1-300x200.png\" alt=\"\" width=\"300\" height=\"200\" \/><\/p>\n","protected":false},"featured_media":369,"comment_status":"closed","ping_status":"closed","template":"","meta":{"_joinchat":[]},"product_brand":[],"product_cat":[72,58,55],"product_tag":[104],"class_list":{"0":"post-373","1":"product","2":"type-product","3":"status-publish","4":"has-post-thumbnail","6":"product_cat-hierro-9-golf-ninos","7":"product_cat-hierros-golf-ninos","8":"product_cat-palos-de-golf-ninos","9":"product_tag-lynx-golf","11":"first","12":"instock","13":"shipping-taxable","14":"purchasable","15":"product-type-simple"},"yoast_head":"<!-- This site is optimized with the Yoast SEO plugin v27.2 - https:\/\/yoast.com\/product\/yoast-seo-wordpress\/ -->\n<title>Hierro 9 Ai Silver Junior 12-15 a\u00f1os (152cm \u2013 160cm) Lynx - Palos de Golf Personalizados<\/title>\n<meta name=\"description\" content=\"Hierro 9 Ai Silver Lynx: palo de golf con trayectoria alta y control excepcional para aquellos j\u00f3venes golfistas de 12 a 15 a\u00f1os.\" \/>\n<meta name=\"robots\" content=\"index, follow, max-snippet:-1, max-image-preview:large, max-video-preview:-1\" \/>\n<link rel=\"canonical\" href=\"https:\/\/www.palosdegolfpersonalizados.com\/?product=hierro-9-ai-silver-junior-lynx-12-15-anos\" \/>\n<meta property=\"og:locale\" content=\"en_US\" \/>\n<meta property=\"og:type\" content=\"article\" \/>\n<meta property=\"og:title\" content=\"Hierro 9 Ai Silver Junior 12-15 a\u00f1os (152cm \u2013 160cm) Lynx - Palos de Golf Personalizados\" \/>\n<meta property=\"og:description\" content=\"Hierro 9 Ai Silver Lynx: palo de golf con trayectoria alta y control excepcional para aquellos j\u00f3venes golfistas de 12 a 15 a\u00f1os.\" \/>\n<meta property=\"og:url\" content=\"https:\/\/www.palosdegolfpersonalizados.com\/?product=hierro-9-ai-silver-junior-lynx-12-15-anos\" \/>\n<meta property=\"og:site_name\" content=\"Palos de Golf Personalizados\" \/>\n<meta property=\"article:modified_time\" content=\"2025-11-12T13:04:48+00:00\" \/>\n<meta property=\"og:image\" content=\"https:\/\/www.palosdegolfpersonalizados.com\/wp-content\/uploads\/2025\/10\/Junior-Ai-Iron-Silver-Shopify_812d71f1-e71d-4ecc-9554-813560b0d79c_400x400.webp\" \/>\n\t<meta property=\"og:image:width\" content=\"400\" \/>\n\t<meta property=\"og:image:height\" content=\"400\" \/>\n\t<meta property=\"og:image:type\" content=\"image\/webp\" \/>\n<meta name=\"twitter:card\" content=\"summary_large_image\" \/>\n<meta name=\"twitter:label1\" content=\"Est. reading time\" \/>\n\t<meta name=\"twitter:data1\" content=\"1 minute\" \/>\n<script type=\"application\/ld+json\" class=\"yoast-schema-graph\">{\"@context\":\"https:\/\/schema.org\",\"@graph\":[{\"@type\":\"WebPage\",\"@id\":\"https:\/\/www.palosdegolfpersonalizados.com\/?product=hierro-9-ai-silver-junior-lynx-12-15-anos\",\"url\":\"https:\/\/www.palosdegolfpersonalizados.com\/?product=hierro-9-ai-silver-junior-lynx-12-15-anos\",\"name\":\"Hierro 9 Ai Silver Junior 12-15 a\u00f1os (152cm \u2013 160cm) Lynx - Palos de Golf Personalizados\",\"isPartOf\":{\"@id\":\"https:\/\/www.palosdegolfpersonalizados.com\/#website\"},\"primaryImageOfPage\":{\"@id\":\"https:\/\/www.palosdegolfpersonalizados.com\/?product=hierro-9-ai-silver-junior-lynx-12-15-anos#primaryimage\"},\"image\":{\"@id\":\"https:\/\/www.palosdegolfpersonalizados.com\/?product=hierro-9-ai-silver-junior-lynx-12-15-anos#primaryimage\"},\"thumbnailUrl\":\"https:\/\/www.palosdegolfpersonalizados.com\/wp-content\/uploads\/2025\/10\/Junior-Ai-Iron-Silver-Shopify_812d71f1-e71d-4ecc-9554-813560b0d79c_400x400.webp\",\"datePublished\":\"2025-10-03T10:38:15+00:00\",\"dateModified\":\"2025-11-12T13:04:48+00:00\",\"description\":\"Hierro 9 Ai Silver Lynx: palo de golf con trayectoria alta y control excepcional para aquellos j\u00f3venes golfistas de 12 a 15 a\u00f1os.\",\"breadcrumb\":{\"@id\":\"https:\/\/www.palosdegolfpersonalizados.com\/?product=hierro-9-ai-silver-junior-lynx-12-15-anos#breadcrumb\"},\"inLanguage\":\"en-US\",\"potentialAction\":[{\"@type\":\"ReadAction\",\"target\":[\"https:\/\/www.palosdegolfpersonalizados.com\/?product=hierro-9-ai-silver-junior-lynx-12-15-anos\"]}]},{\"@type\":\"ImageObject\",\"inLanguage\":\"en-US\",\"@id\":\"https:\/\/www.palosdegolfpersonalizados.com\/?product=hierro-9-ai-silver-junior-lynx-12-15-anos#primaryimage\",\"url\":\"https:\/\/www.palosdegolfpersonalizados.com\/wp-content\/uploads\/2025\/10\/Junior-Ai-Iron-Silver-Shopify_812d71f1-e71d-4ecc-9554-813560b0d79c_400x400.webp\",\"contentUrl\":\"https:\/\/www.palosdegolfpersonalizados.com\/wp-content\/uploads\/2025\/10\/Junior-Ai-Iron-Silver-Shopify_812d71f1-e71d-4ecc-9554-813560b0d79c_400x400.webp\",\"width\":400,\"height\":400,\"caption\":\"Wedge PW Ai Silver Lynx, precisi\u00f3n en cada golpe corto.\"},{\"@type\":\"BreadcrumbList\",\"@id\":\"https:\/\/www.palosdegolfpersonalizados.com\/?product=hierro-9-ai-silver-junior-lynx-12-15-anos#breadcrumb\",\"itemListElement\":[{\"@type\":\"ListItem\",\"position\":1,\"name\":\"Portada\",\"item\":\"https:\/\/www.palosdegolfpersonalizados.com\/\"},{\"@type\":\"ListItem\",\"position\":2,\"name\":\"Tienda de Golf\",\"item\":\"https:\/\/www.palosdegolfpersonalizados.com\/?page_id=8\"},{\"@type\":\"ListItem\",\"position\":3,\"name\":\"Hierro 9 Ai Silver Junior 12-15 a\u00f1os (152cm \u2013 160cm) Lynx\"}]},{\"@type\":\"WebSite\",\"@id\":\"https:\/\/www.palosdegolfpersonalizados.com\/#website\",\"url\":\"https:\/\/www.palosdegolfpersonalizados.com\/\",\"name\":\"Palos de Golf Personalizados\",\"description\":\"Palos de Golf Personalizados\",\"publisher\":{\"@id\":\"https:\/\/www.palosdegolfpersonalizados.com\/#organization\"},\"potentialAction\":[{\"@type\":\"SearchAction\",\"target\":{\"@type\":\"EntryPoint\",\"urlTemplate\":\"https:\/\/www.palosdegolfpersonalizados.com\/?s={search_term_string}\"},\"query-input\":{\"@type\":\"PropertyValueSpecification\",\"valueRequired\":true,\"valueName\":\"search_term_string\"}}],\"inLanguage\":\"en-US\"},{\"@type\":\"Organization\",\"@id\":\"https:\/\/www.palosdegolfpersonalizados.com\/#organization\",\"name\":\"Palos de Golf Personalizados\",\"url\":\"https:\/\/www.palosdegolfpersonalizados.com\/\",\"logo\":{\"@type\":\"ImageObject\",\"inLanguage\":\"en-US\",\"@id\":\"https:\/\/www.palosdegolfpersonalizados.com\/#\/schema\/logo\/image\/\",\"url\":\"https:\/\/www.palosdegolfpersonalizados.com\/wp-content\/uploads\/2025\/10\/Logo-Palos-Personalizados-1.png\",\"contentUrl\":\"https:\/\/www.palosdegolfpersonalizados.com\/wp-content\/uploads\/2025\/10\/Logo-Palos-Personalizados-1.png\",\"width\":443,\"height\":163,\"caption\":\"Palos de Golf Personalizados\"},\"image\":{\"@id\":\"https:\/\/www.palosdegolfpersonalizados.com\/#\/schema\/logo\/image\/\"}}]}<\/script>\n<!-- \/ Yoast SEO plugin. -->","yoast_head_json":{"title":"Hierro 9 Ai Silver Junior 12-15 a\u00f1os (152cm \u2013 160cm) Lynx - Palos de Golf Personalizados","description":"Hierro 9 Ai Silver Lynx: palo de golf con trayectoria alta y control excepcional para aquellos j\u00f3venes golfistas de 12 a 15 a\u00f1os.","robots":{"index":"index","follow":"follow","max-snippet":"max-snippet:-1","max-image-preview":"max-image-preview:large","max-video-preview":"max-video-preview:-1"},"canonical":"https:\/\/www.palosdegolfpersonalizados.com\/?product=hierro-9-ai-silver-junior-lynx-12-15-anos","og_locale":"en_US","og_type":"article","og_title":"Hierro 9 Ai Silver Junior 12-15 a\u00f1os (152cm \u2013 160cm) Lynx - Palos de Golf Personalizados","og_description":"Hierro 9 Ai Silver Lynx: palo de golf con trayectoria alta y control excepcional para aquellos j\u00f3venes golfistas de 12 a 15 a\u00f1os.","og_url":"https:\/\/www.palosdegolfpersonalizados.com\/?product=hierro-9-ai-silver-junior-lynx-12-15-anos","og_site_name":"Palos de Golf Personalizados","article_modified_time":"2025-11-12T13:04:48+00:00","og_image":[{"width":400,"height":400,"url":"https:\/\/www.palosdegolfpersonalizados.com\/wp-content\/uploads\/2025\/10\/Junior-Ai-Iron-Silver-Shopify_812d71f1-e71d-4ecc-9554-813560b0d79c_400x400.webp","type":"image\/webp"}],"twitter_card":"summary_large_image","twitter_misc":{"Est. reading time":"1 minute"},"schema":{"@context":"https:\/\/schema.org","@graph":[{"@type":"WebPage","@id":"https:\/\/www.palosdegolfpersonalizados.com\/?product=hierro-9-ai-silver-junior-lynx-12-15-anos","url":"https:\/\/www.palosdegolfpersonalizados.com\/?product=hierro-9-ai-silver-junior-lynx-12-15-anos","name":"Hierro 9 Ai Silver Junior 12-15 a\u00f1os (152cm \u2013 160cm) Lynx - Palos de Golf Personalizados","isPartOf":{"@id":"https:\/\/www.palosdegolfpersonalizados.com\/#website"},"primaryImageOfPage":{"@id":"https:\/\/www.palosdegolfpersonalizados.com\/?product=hierro-9-ai-silver-junior-lynx-12-15-anos#primaryimage"},"image":{"@id":"https:\/\/www.palosdegolfpersonalizados.com\/?product=hierro-9-ai-silver-junior-lynx-12-15-anos#primaryimage"},"thumbnailUrl":"https:\/\/www.palosdegolfpersonalizados.com\/wp-content\/uploads\/2025\/10\/Junior-Ai-Iron-Silver-Shopify_812d71f1-e71d-4ecc-9554-813560b0d79c_400x400.webp","datePublished":"2025-10-03T10:38:15+00:00","dateModified":"2025-11-12T13:04:48+00:00","description":"Hierro 9 Ai Silver Lynx: palo de golf con trayectoria alta y control excepcional para aquellos j\u00f3venes golfistas de 12 a 15 a\u00f1os.","breadcrumb":{"@id":"https:\/\/www.palosdegolfpersonalizados.com\/?product=hierro-9-ai-silver-junior-lynx-12-15-anos#breadcrumb"},"inLanguage":"en-US","potentialAction":[{"@type":"ReadAction","target":["https:\/\/www.palosdegolfpersonalizados.com\/?product=hierro-9-ai-silver-junior-lynx-12-15-anos"]}]},{"@type":"ImageObject","inLanguage":"en-US","@id":"https:\/\/www.palosdegolfpersonalizados.com\/?product=hierro-9-ai-silver-junior-lynx-12-15-anos#primaryimage","url":"https:\/\/www.palosdegolfpersonalizados.com\/wp-content\/uploads\/2025\/10\/Junior-Ai-Iron-Silver-Shopify_812d71f1-e71d-4ecc-9554-813560b0d79c_400x400.webp","contentUrl":"https:\/\/www.palosdegolfpersonalizados.com\/wp-content\/uploads\/2025\/10\/Junior-Ai-Iron-Silver-Shopify_812d71f1-e71d-4ecc-9554-813560b0d79c_400x400.webp","width":400,"height":400,"caption":"Wedge PW Ai Silver Lynx, precisi\u00f3n en cada golpe corto."},{"@type":"BreadcrumbList","@id":"https:\/\/www.palosdegolfpersonalizados.com\/?product=hierro-9-ai-silver-junior-lynx-12-15-anos#breadcrumb","itemListElement":[{"@type":"ListItem","position":1,"name":"Portada","item":"https:\/\/www.palosdegolfpersonalizados.com\/"},{"@type":"ListItem","position":2,"name":"Tienda de Golf","item":"https:\/\/www.palosdegolfpersonalizados.com\/?page_id=8"},{"@type":"ListItem","position":3,"name":"Hierro 9 Ai Silver Junior 12-15 a\u00f1os (152cm \u2013 160cm) Lynx"}]},{"@type":"WebSite","@id":"https:\/\/www.palosdegolfpersonalizados.com\/#website","url":"https:\/\/www.palosdegolfpersonalizados.com\/","name":"Palos de Golf Personalizados","description":"Palos de Golf Personalizados","publisher":{"@id":"https:\/\/www.palosdegolfpersonalizados.com\/#organization"},"potentialAction":[{"@type":"SearchAction","target":{"@type":"EntryPoint","urlTemplate":"https:\/\/www.palosdegolfpersonalizados.com\/?s={search_term_string}"},"query-input":{"@type":"PropertyValueSpecification","valueRequired":true,"valueName":"search_term_string"}}],"inLanguage":"en-US"},{"@type":"Organization","@id":"https:\/\/www.palosdegolfpersonalizados.com\/#organization","name":"Palos de Golf Personalizados","url":"https:\/\/www.palosdegolfpersonalizados.com\/","logo":{"@type":"ImageObject","inLanguage":"en-US","@id":"https:\/\/www.palosdegolfpersonalizados.com\/#\/schema\/logo\/image\/","url":"https:\/\/www.palosdegolfpersonalizados.com\/wp-content\/uploads\/2025\/10\/Logo-Palos-Personalizados-1.png","contentUrl":"https:\/\/www.palosdegolfpersonalizados.com\/wp-content\/uploads\/2025\/10\/Logo-Palos-Personalizados-1.png","width":443,"height":163,"caption":"Palos de Golf Personalizados"},"image":{"@id":"https:\/\/www.palosdegolfpersonalizados.com\/#\/schema\/logo\/image\/"}}]}},"_links":{"self":[{"href":"https:\/\/www.palosdegolfpersonalizados.com\/index.php?rest_route=\/wp\/v2\/product\/373","targetHints":{"allow":["GET"]}}],"collection":[{"href":"https:\/\/www.palosdegolfpersonalizados.com\/index.php?rest_route=\/wp\/v2\/product"}],"about":[{"href":"https:\/\/www.palosdegolfpersonalizados.com\/index.php?rest_route=\/wp\/v2\/types\/product"}],"replies":[{"embeddable":true,"href":"https:\/\/www.palosdegolfpersonalizados.com\/index.php?rest_route=%2Fwp%2Fv2%2Fcomments&post=373"}],"wp:featuredmedia":[{"embeddable":true,"href":"https:\/\/www.palosdegolfpersonalizados.com\/index.php?rest_route=\/wp\/v2\/media\/369"}],"wp:attachment":[{"href":"https:\/\/www.palosdegolfpersonalizados.com\/index.php?rest_route=%2Fwp%2Fv2%2Fmedia&parent=373"}],"wp:term":[{"taxonomy":"product_brand","embeddable":true,"href":"https:\/\/www.palosdegolfpersonalizados.com\/index.php?rest_route=%2Fwp%2Fv2%2Fproduct_brand&post=373"},{"taxonomy":"product_cat","embeddable":true,"href":"https:\/\/www.palosdegolfpersonalizados.com\/index.php?rest_route=%2Fwp%2Fv2%2Fproduct_cat&post=373"},{"taxonomy":"product_tag","embeddable":true,"href":"https:\/\/www.palosdegolfpersonalizados.com\/index.php?rest_route=%2Fwp%2Fv2%2Fproduct_tag&post=373"}],"curies":[{"name":"wp","href":"https:\/\/api.w.org\/{rel}","templated":true}]}}