{"id":380,"date":"2025-10-03T10:44:56","date_gmt":"2025-10-03T10:44:56","guid":{"rendered":"https:\/\/www.palosdegolfpersonalizados.com\/?post_type=product&#038;p=380"},"modified":"2025-11-12T13:01:03","modified_gmt":"2025-11-12T13:01:03","slug":"wedge-56-ai-silver-junior-lynx-12-15-anos","status":"publish","type":"product","link":"https:\/\/www.palosdegolfpersonalizados.com\/?product=wedge-56-ai-silver-junior-lynx-12-15-anos","title":{"rendered":"Wedge 56 Ai Silver Junior 12-15 a\u00f1os (152cm \u2013 160cm) Lynx"},"content":{"rendered":"<p data-start=\"46\" data-end=\"613\">Descubre el futuro del golf junior con nuestros <strong data-start=\"208\" data-end=\"228\" data-is-only-node=\"\">Junior Ai Wedges<\/strong>\u00a0dise\u00f1ados para brindar precisi\u00f3n y control, ideales para los j\u00f3venes golfistas que est\u00e1n perfeccionando sus habilidades en el juego corto. Disponibles en lofts de 52\u00b0, 56\u00b0 y 60\u00b0, estos wedges son perfectos para una variedad de golpes alrededor del green. Fabricados en acero inoxidable duradero con un elegante acabado satinado, ofrecen una excelente jugabilidad y fiabilidad.<\/p>\n<p data-start=\"615\" data-end=\"1164\" data-is-last-node=\"\" data-is-only-node=\"\">\u2022 <strong data-start=\"617\" data-end=\"654\">Construcci\u00f3n en acero inoxidable:<\/strong> Garantiza durabilidad y una sensaci\u00f3n s\u00f3lida en el impacto.<br data-start=\"714\" data-end=\"717\" \/>\u2022 <strong data-start=\"719\" data-end=\"746\" data-is-only-node=\"\">Acabado satinado suave:<\/strong> Reduce los reflejos y ofrece una apariencia elegante y profesional.<br data-start=\"814\" data-end=\"817\" \/>\u2022 <strong data-start=\"819\" data-end=\"855\">Distribuci\u00f3n de peso optimizada:<\/strong> Mejora el equilibrio y el control para golpes m\u00e1s precisos.<br data-start=\"915\" data-end=\"918\" \/>\u2022 <strong data-start=\"920\" data-end=\"955\">Dise\u00f1o espec\u00edfico para juniors:<\/strong> Tama\u00f1os de grip y pesos de varilla adaptados a las necesidades de los j\u00f3venes golfistas.<br data-start=\"1044\" data-end=\"1047\" \/>\u2022 <strong data-start=\"1049\" data-end=\"1087\">Disponible para diestros y zurdos:<\/strong> Dise\u00f1ado para todos los j\u00f3venes golfistas, sin importar su mano dominante.<\/p>\n","protected":false},"excerpt":{"rendered":"<p>Perfectos para j\u00f3venes golfistas, los <strong data-start=\"84\" data-end=\"104\">Junior Ai Wedges<\/strong> ofrecen mayor control y precisi\u00f3n alrededor del green para ayudar a mejorar el juego corto.<\/p>\n<p><img decoding=\"async\" class=\"alignnone size-medium wp-image-1442\" src=\"https:\/\/www.palosdegolfpersonalizados.com\/wp-content\/uploads\/2025\/10\/Ventajas-Golf-300x49.png\" alt=\"\" width=\"300\" height=\"49\" srcset=\"https:\/\/www.palosdegolfpersonalizados.com\/wp-content\/uploads\/2025\/10\/Ventajas-Golf-300x49.png 300w, https:\/\/www.palosdegolfpersonalizados.com\/wp-content\/uploads\/2025\/10\/Ventajas-Golf-1024x167.png 1024w, https:\/\/www.palosdegolfpersonalizados.com\/wp-content\/uploads\/2025\/10\/Ventajas-Golf-768x125.png 768w, https:\/\/www.palosdegolfpersonalizados.com\/wp-content\/uploads\/2025\/10\/Ventajas-Golf-1536x251.png 1536w, https:\/\/www.palosdegolfpersonalizados.com\/wp-content\/uploads\/2025\/10\/Ventajas-Golf-2048x335.png 2048w, https:\/\/www.palosdegolfpersonalizados.com\/wp-content\/uploads\/2025\/10\/Ventajas-Golf-600x98.png 600w\" sizes=\"(max-width: 300px) 100vw, 300px\" \/><\/p>\n<p><img fetchpriority=\"high\" decoding=\"async\" class=\"alignnone size-medium wp-image-1441\" src=\"https:\/\/www.palosdegolfpersonalizados.com\/wp-content\/uploads\/2025\/10\/Etiqueta-nueva-min-3-1-300x200.png\" alt=\"\" width=\"300\" height=\"200\" \/><\/p>\n","protected":false},"featured_media":378,"comment_status":"closed","ping_status":"closed","template":"","meta":{"_joinchat":[]},"product_brand":[],"product_cat":[63,55,59],"product_tag":[104],"class_list":{"0":"post-380","1":"product","2":"type-product","3":"status-publish","4":"has-post-thumbnail","6":"product_cat-wedge-g56-golf-ninos","7":"product_cat-palos-de-golf-ninos","8":"product_cat-wedge-golf-ninos","9":"product_tag-lynx-golf","11":"first","12":"instock","13":"shipping-taxable","14":"purchasable","15":"product-type-simple"},"yoast_head":"<!-- This site is optimized with the Yoast SEO plugin v27.2 - https:\/\/yoast.com\/product\/yoast-seo-wordpress\/ -->\n<title>Wedge 56 Ai Silver Junior 12-15 a\u00f1os (152cm \u2013 160cm) Lynx - Palos de Golf Personalizados<\/title>\n<meta name=\"description\" content=\"Wedge 56 Ai Silver Lynx: palo de golf con control y precisi\u00f3n total para j\u00f3venes golfistas. Ideal para golpes cortos y consistentes.\" \/>\n<meta name=\"robots\" content=\"index, follow, max-snippet:-1, max-image-preview:large, max-video-preview:-1\" \/>\n<link rel=\"canonical\" href=\"https:\/\/www.palosdegolfpersonalizados.com\/?product=wedge-56-ai-silver-junior-lynx-12-15-anos\" \/>\n<meta property=\"og:locale\" content=\"en_US\" \/>\n<meta property=\"og:type\" content=\"article\" \/>\n<meta property=\"og:title\" content=\"Wedge 56 Ai Silver Junior 12-15 a\u00f1os (152cm \u2013 160cm) Lynx - Palos de Golf Personalizados\" \/>\n<meta property=\"og:description\" content=\"Wedge 56 Ai Silver Lynx: palo de golf con control y precisi\u00f3n total para j\u00f3venes golfistas. Ideal para golpes cortos y consistentes.\" \/>\n<meta property=\"og:url\" content=\"https:\/\/www.palosdegolfpersonalizados.com\/?product=wedge-56-ai-silver-junior-lynx-12-15-anos\" \/>\n<meta property=\"og:site_name\" content=\"Palos de Golf Personalizados\" \/>\n<meta property=\"article:modified_time\" content=\"2025-11-12T13:01:03+00:00\" \/>\n<meta property=\"og:image\" content=\"https:\/\/www.palosdegolfpersonalizados.com\/wp-content\/uploads\/2025\/10\/Junior-Ai-Silver-Wedge-Shopify_25452cab-e067-4cc2-96b0-14af4075366d_400x400.webp\" \/>\n\t<meta property=\"og:image:width\" content=\"400\" \/>\n\t<meta property=\"og:image:height\" content=\"400\" \/>\n\t<meta property=\"og:image:type\" content=\"image\/webp\" \/>\n<meta name=\"twitter:card\" content=\"summary_large_image\" \/>\n<meta name=\"twitter:label1\" content=\"Est. reading time\" \/>\n\t<meta name=\"twitter:data1\" content=\"1 minute\" \/>\n<script type=\"application\/ld+json\" class=\"yoast-schema-graph\">{\"@context\":\"https:\/\/schema.org\",\"@graph\":[{\"@type\":\"WebPage\",\"@id\":\"https:\/\/www.palosdegolfpersonalizados.com\/?product=wedge-56-ai-silver-junior-lynx-12-15-anos\",\"url\":\"https:\/\/www.palosdegolfpersonalizados.com\/?product=wedge-56-ai-silver-junior-lynx-12-15-anos\",\"name\":\"Wedge 56 Ai Silver Junior 12-15 a\u00f1os (152cm \u2013 160cm) Lynx - Palos de Golf Personalizados\",\"isPartOf\":{\"@id\":\"https:\/\/www.palosdegolfpersonalizados.com\/#website\"},\"primaryImageOfPage\":{\"@id\":\"https:\/\/www.palosdegolfpersonalizados.com\/?product=wedge-56-ai-silver-junior-lynx-12-15-anos#primaryimage\"},\"image\":{\"@id\":\"https:\/\/www.palosdegolfpersonalizados.com\/?product=wedge-56-ai-silver-junior-lynx-12-15-anos#primaryimage\"},\"thumbnailUrl\":\"https:\/\/www.palosdegolfpersonalizados.com\/wp-content\/uploads\/2025\/10\/Junior-Ai-Silver-Wedge-Shopify_25452cab-e067-4cc2-96b0-14af4075366d_400x400.webp\",\"datePublished\":\"2025-10-03T10:44:56+00:00\",\"dateModified\":\"2025-11-12T13:01:03+00:00\",\"description\":\"Wedge 56 Ai Silver Lynx: palo de golf con control y precisi\u00f3n total para j\u00f3venes golfistas. Ideal para golpes cortos y consistentes.\",\"breadcrumb\":{\"@id\":\"https:\/\/www.palosdegolfpersonalizados.com\/?product=wedge-56-ai-silver-junior-lynx-12-15-anos#breadcrumb\"},\"inLanguage\":\"en-US\",\"potentialAction\":[{\"@type\":\"ReadAction\",\"target\":[\"https:\/\/www.palosdegolfpersonalizados.com\/?product=wedge-56-ai-silver-junior-lynx-12-15-anos\"]}]},{\"@type\":\"ImageObject\",\"inLanguage\":\"en-US\",\"@id\":\"https:\/\/www.palosdegolfpersonalizados.com\/?product=wedge-56-ai-silver-junior-lynx-12-15-anos#primaryimage\",\"url\":\"https:\/\/www.palosdegolfpersonalizados.com\/wp-content\/uploads\/2025\/10\/Junior-Ai-Silver-Wedge-Shopify_25452cab-e067-4cc2-96b0-14af4075366d_400x400.webp\",\"contentUrl\":\"https:\/\/www.palosdegolfpersonalizados.com\/wp-content\/uploads\/2025\/10\/Junior-Ai-Silver-Wedge-Shopify_25452cab-e067-4cc2-96b0-14af4075366d_400x400.webp\",\"width\":400,\"height\":400,\"caption\":\"Wedge 56 Ai Silver Lynx, control y spin para golfistas j\u00f3venes.\"},{\"@type\":\"BreadcrumbList\",\"@id\":\"https:\/\/www.palosdegolfpersonalizados.com\/?product=wedge-56-ai-silver-junior-lynx-12-15-anos#breadcrumb\",\"itemListElement\":[{\"@type\":\"ListItem\",\"position\":1,\"name\":\"Portada\",\"item\":\"https:\/\/www.palosdegolfpersonalizados.com\/\"},{\"@type\":\"ListItem\",\"position\":2,\"name\":\"Tienda de Golf\",\"item\":\"https:\/\/www.palosdegolfpersonalizados.com\/?page_id=8\"},{\"@type\":\"ListItem\",\"position\":3,\"name\":\"Wedge 56 Ai Silver Junior 12-15 a\u00f1os (152cm \u2013 160cm) Lynx\"}]},{\"@type\":\"WebSite\",\"@id\":\"https:\/\/www.palosdegolfpersonalizados.com\/#website\",\"url\":\"https:\/\/www.palosdegolfpersonalizados.com\/\",\"name\":\"Palos de Golf Personalizados\",\"description\":\"Palos de Golf Personalizados\",\"publisher\":{\"@id\":\"https:\/\/www.palosdegolfpersonalizados.com\/#organization\"},\"potentialAction\":[{\"@type\":\"SearchAction\",\"target\":{\"@type\":\"EntryPoint\",\"urlTemplate\":\"https:\/\/www.palosdegolfpersonalizados.com\/?s={search_term_string}\"},\"query-input\":{\"@type\":\"PropertyValueSpecification\",\"valueRequired\":true,\"valueName\":\"search_term_string\"}}],\"inLanguage\":\"en-US\"},{\"@type\":\"Organization\",\"@id\":\"https:\/\/www.palosdegolfpersonalizados.com\/#organization\",\"name\":\"Palos de Golf Personalizados\",\"url\":\"https:\/\/www.palosdegolfpersonalizados.com\/\",\"logo\":{\"@type\":\"ImageObject\",\"inLanguage\":\"en-US\",\"@id\":\"https:\/\/www.palosdegolfpersonalizados.com\/#\/schema\/logo\/image\/\",\"url\":\"https:\/\/www.palosdegolfpersonalizados.com\/wp-content\/uploads\/2025\/10\/Logo-Palos-Personalizados-1.png\",\"contentUrl\":\"https:\/\/www.palosdegolfpersonalizados.com\/wp-content\/uploads\/2025\/10\/Logo-Palos-Personalizados-1.png\",\"width\":443,\"height\":163,\"caption\":\"Palos de Golf Personalizados\"},\"image\":{\"@id\":\"https:\/\/www.palosdegolfpersonalizados.com\/#\/schema\/logo\/image\/\"}}]}<\/script>\n<!-- \/ Yoast SEO plugin. -->","yoast_head_json":{"title":"Wedge 56 Ai Silver Junior 12-15 a\u00f1os (152cm \u2013 160cm) Lynx - Palos de Golf Personalizados","description":"Wedge 56 Ai Silver Lynx: palo de golf con control y precisi\u00f3n total para j\u00f3venes golfistas. Ideal para golpes cortos y consistentes.","robots":{"index":"index","follow":"follow","max-snippet":"max-snippet:-1","max-image-preview":"max-image-preview:large","max-video-preview":"max-video-preview:-1"},"canonical":"https:\/\/www.palosdegolfpersonalizados.com\/?product=wedge-56-ai-silver-junior-lynx-12-15-anos","og_locale":"en_US","og_type":"article","og_title":"Wedge 56 Ai Silver Junior 12-15 a\u00f1os (152cm \u2013 160cm) Lynx - Palos de Golf Personalizados","og_description":"Wedge 56 Ai Silver Lynx: palo de golf con control y precisi\u00f3n total para j\u00f3venes golfistas. Ideal para golpes cortos y consistentes.","og_url":"https:\/\/www.palosdegolfpersonalizados.com\/?product=wedge-56-ai-silver-junior-lynx-12-15-anos","og_site_name":"Palos de Golf Personalizados","article_modified_time":"2025-11-12T13:01:03+00:00","og_image":[{"width":400,"height":400,"url":"https:\/\/www.palosdegolfpersonalizados.com\/wp-content\/uploads\/2025\/10\/Junior-Ai-Silver-Wedge-Shopify_25452cab-e067-4cc2-96b0-14af4075366d_400x400.webp","type":"image\/webp"}],"twitter_card":"summary_large_image","twitter_misc":{"Est. reading time":"1 minute"},"schema":{"@context":"https:\/\/schema.org","@graph":[{"@type":"WebPage","@id":"https:\/\/www.palosdegolfpersonalizados.com\/?product=wedge-56-ai-silver-junior-lynx-12-15-anos","url":"https:\/\/www.palosdegolfpersonalizados.com\/?product=wedge-56-ai-silver-junior-lynx-12-15-anos","name":"Wedge 56 Ai Silver Junior 12-15 a\u00f1os (152cm \u2013 160cm) Lynx - Palos de Golf Personalizados","isPartOf":{"@id":"https:\/\/www.palosdegolfpersonalizados.com\/#website"},"primaryImageOfPage":{"@id":"https:\/\/www.palosdegolfpersonalizados.com\/?product=wedge-56-ai-silver-junior-lynx-12-15-anos#primaryimage"},"image":{"@id":"https:\/\/www.palosdegolfpersonalizados.com\/?product=wedge-56-ai-silver-junior-lynx-12-15-anos#primaryimage"},"thumbnailUrl":"https:\/\/www.palosdegolfpersonalizados.com\/wp-content\/uploads\/2025\/10\/Junior-Ai-Silver-Wedge-Shopify_25452cab-e067-4cc2-96b0-14af4075366d_400x400.webp","datePublished":"2025-10-03T10:44:56+00:00","dateModified":"2025-11-12T13:01:03+00:00","description":"Wedge 56 Ai Silver Lynx: palo de golf con control y precisi\u00f3n total para j\u00f3venes golfistas. Ideal para golpes cortos y consistentes.","breadcrumb":{"@id":"https:\/\/www.palosdegolfpersonalizados.com\/?product=wedge-56-ai-silver-junior-lynx-12-15-anos#breadcrumb"},"inLanguage":"en-US","potentialAction":[{"@type":"ReadAction","target":["https:\/\/www.palosdegolfpersonalizados.com\/?product=wedge-56-ai-silver-junior-lynx-12-15-anos"]}]},{"@type":"ImageObject","inLanguage":"en-US","@id":"https:\/\/www.palosdegolfpersonalizados.com\/?product=wedge-56-ai-silver-junior-lynx-12-15-anos#primaryimage","url":"https:\/\/www.palosdegolfpersonalizados.com\/wp-content\/uploads\/2025\/10\/Junior-Ai-Silver-Wedge-Shopify_25452cab-e067-4cc2-96b0-14af4075366d_400x400.webp","contentUrl":"https:\/\/www.palosdegolfpersonalizados.com\/wp-content\/uploads\/2025\/10\/Junior-Ai-Silver-Wedge-Shopify_25452cab-e067-4cc2-96b0-14af4075366d_400x400.webp","width":400,"height":400,"caption":"Wedge 56 Ai Silver Lynx, control y spin para golfistas j\u00f3venes."},{"@type":"BreadcrumbList","@id":"https:\/\/www.palosdegolfpersonalizados.com\/?product=wedge-56-ai-silver-junior-lynx-12-15-anos#breadcrumb","itemListElement":[{"@type":"ListItem","position":1,"name":"Portada","item":"https:\/\/www.palosdegolfpersonalizados.com\/"},{"@type":"ListItem","position":2,"name":"Tienda de Golf","item":"https:\/\/www.palosdegolfpersonalizados.com\/?page_id=8"},{"@type":"ListItem","position":3,"name":"Wedge 56 Ai Silver Junior 12-15 a\u00f1os (152cm \u2013 160cm) Lynx"}]},{"@type":"WebSite","@id":"https:\/\/www.palosdegolfpersonalizados.com\/#website","url":"https:\/\/www.palosdegolfpersonalizados.com\/","name":"Palos de Golf Personalizados","description":"Palos de Golf Personalizados","publisher":{"@id":"https:\/\/www.palosdegolfpersonalizados.com\/#organization"},"potentialAction":[{"@type":"SearchAction","target":{"@type":"EntryPoint","urlTemplate":"https:\/\/www.palosdegolfpersonalizados.com\/?s={search_term_string}"},"query-input":{"@type":"PropertyValueSpecification","valueRequired":true,"valueName":"search_term_string"}}],"inLanguage":"en-US"},{"@type":"Organization","@id":"https:\/\/www.palosdegolfpersonalizados.com\/#organization","name":"Palos de Golf Personalizados","url":"https:\/\/www.palosdegolfpersonalizados.com\/","logo":{"@type":"ImageObject","inLanguage":"en-US","@id":"https:\/\/www.palosdegolfpersonalizados.com\/#\/schema\/logo\/image\/","url":"https:\/\/www.palosdegolfpersonalizados.com\/wp-content\/uploads\/2025\/10\/Logo-Palos-Personalizados-1.png","contentUrl":"https:\/\/www.palosdegolfpersonalizados.com\/wp-content\/uploads\/2025\/10\/Logo-Palos-Personalizados-1.png","width":443,"height":163,"caption":"Palos de Golf Personalizados"},"image":{"@id":"https:\/\/www.palosdegolfpersonalizados.com\/#\/schema\/logo\/image\/"}}]}},"_links":{"self":[{"href":"https:\/\/www.palosdegolfpersonalizados.com\/index.php?rest_route=\/wp\/v2\/product\/380","targetHints":{"allow":["GET"]}}],"collection":[{"href":"https:\/\/www.palosdegolfpersonalizados.com\/index.php?rest_route=\/wp\/v2\/product"}],"about":[{"href":"https:\/\/www.palosdegolfpersonalizados.com\/index.php?rest_route=\/wp\/v2\/types\/product"}],"replies":[{"embeddable":true,"href":"https:\/\/www.palosdegolfpersonalizados.com\/index.php?rest_route=%2Fwp%2Fv2%2Fcomments&post=380"}],"wp:featuredmedia":[{"embeddable":true,"href":"https:\/\/www.palosdegolfpersonalizados.com\/index.php?rest_route=\/wp\/v2\/media\/378"}],"wp:attachment":[{"href":"https:\/\/www.palosdegolfpersonalizados.com\/index.php?rest_route=%2Fwp%2Fv2%2Fmedia&parent=380"}],"wp:term":[{"taxonomy":"product_brand","embeddable":true,"href":"https:\/\/www.palosdegolfpersonalizados.com\/index.php?rest_route=%2Fwp%2Fv2%2Fproduct_brand&post=380"},{"taxonomy":"product_cat","embeddable":true,"href":"https:\/\/www.palosdegolfpersonalizados.com\/index.php?rest_route=%2Fwp%2Fv2%2Fproduct_cat&post=380"},{"taxonomy":"product_tag","embeddable":true,"href":"https:\/\/www.palosdegolfpersonalizados.com\/index.php?rest_route=%2Fwp%2Fv2%2Fproduct_tag&post=380"}],"curies":[{"name":"wp","href":"https:\/\/api.w.org\/{rel}","templated":true}]}}