{"id":433,"date":"2025-10-07T08:55:22","date_gmt":"2025-10-07T08:55:22","guid":{"rendered":"https:\/\/www.palosdegolfpersonalizados.com\/?post_type=product&#038;p=433"},"modified":"2025-11-11T12:41:11","modified_gmt":"2025-11-11T12:41:11","slug":"madera-3-ai-blue-junior-palo-de-golf-para-jovenes","status":"publish","type":"product","link":"https:\/\/www.palosdegolfpersonalizados.com\/?product=madera-3-ai-blue-junior-palo-de-golf-para-jovenes","title":{"rendered":"Madera 3 Ai Blue Junior 2-4 a\u00f1os (114cm \u2013 122cm) Lynx"},"content":{"rendered":"<p>Descubre el futuro del golf junior con el <strong>Junior Ai Blue Lynx<\/strong>. Ha tomado las medidas y alturas de 6 grupos de edades para dise\u00f1ar palos a medida de verdad con differentes pesos de cabeza, grosores de grip, longitud y grosor de varillas.<\/p>\n","protected":false},"excerpt":{"rendered":"<p>Wedge Lynx junior LXAI Por primera vez en la concepci\u00f3n de una gama junior, todos los componentes han sido \u00ab proporcionalmente redimensionados \u00bb usando la \u00faltima tecnologia para concebir palos que son m\u00e1s cortos, m\u00e1s l\u00edgeros y m\u00e1s finos de los que se hayan visto hasta ahora.<\/p>\n<p><img decoding=\"async\" class=\"alignnone size-medium wp-image-1442\" src=\"https:\/\/www.palosdegolfpersonalizados.com\/wp-content\/uploads\/2025\/10\/Ventajas-Golf-300x49.png\" alt=\"\" width=\"300\" height=\"49\" srcset=\"https:\/\/www.palosdegolfpersonalizados.com\/wp-content\/uploads\/2025\/10\/Ventajas-Golf-300x49.png 300w, https:\/\/www.palosdegolfpersonalizados.com\/wp-content\/uploads\/2025\/10\/Ventajas-Golf-1024x167.png 1024w, https:\/\/www.palosdegolfpersonalizados.com\/wp-content\/uploads\/2025\/10\/Ventajas-Golf-768x125.png 768w, https:\/\/www.palosdegolfpersonalizados.com\/wp-content\/uploads\/2025\/10\/Ventajas-Golf-1536x251.png 1536w, https:\/\/www.palosdegolfpersonalizados.com\/wp-content\/uploads\/2025\/10\/Ventajas-Golf-2048x335.png 2048w, https:\/\/www.palosdegolfpersonalizados.com\/wp-content\/uploads\/2025\/10\/Ventajas-Golf-600x98.png 600w\" sizes=\"(max-width: 300px) 100vw, 300px\" \/><\/p>\n<p><img fetchpriority=\"high\" decoding=\"async\" class=\"alignnone size-medium wp-image-1441\" src=\"https:\/\/www.palosdegolfpersonalizados.com\/wp-content\/uploads\/2025\/10\/Etiqueta-nueva-min-3-1-300x200.png\" alt=\"\" width=\"300\" height=\"200\" \/><\/p>\n","protected":false},"featured_media":434,"comment_status":"closed","ping_status":"closed","template":"","meta":{"_joinchat":[]},"product_brand":[],"product_cat":[86,81,55],"product_tag":[104],"class_list":{"0":"post-433","1":"product","2":"type-product","3":"status-publish","4":"has-post-thumbnail","6":"product_cat-madera-3-golf-ninos","7":"product_cat-maderas-golf-ninos","8":"product_cat-palos-de-golf-ninos","9":"product_tag-lynx-golf","11":"first","12":"instock","13":"shipping-taxable","14":"purchasable","15":"product-type-simple"},"yoast_head":"<!-- This site is optimized with the Yoast SEO plugin v27.2 - https:\/\/yoast.com\/product\/yoast-seo-wordpress\/ -->\n<title>Madera 3 Ai Blue Junior 2-4 a\u00f1os (114cm \u2013 122cm) Lynx - Palos de Golf Personalizados<\/title>\n<meta name=\"description\" content=\"La Madera 3 Ai Blue Junior ofrece potencia, control y ligereza para j\u00f3venes golfistas que quieren mejorar distancia y precisi\u00f3n en cada golpe.\" \/>\n<meta name=\"robots\" content=\"index, follow, max-snippet:-1, max-image-preview:large, max-video-preview:-1\" \/>\n<link rel=\"canonical\" href=\"https:\/\/www.palosdegolfpersonalizados.com\/?product=madera-3-ai-blue-junior-palo-de-golf-para-jovenes\" \/>\n<meta property=\"og:locale\" content=\"en_US\" \/>\n<meta property=\"og:type\" content=\"article\" \/>\n<meta property=\"og:title\" content=\"Madera 3 Ai Blue Junior 2-4 a\u00f1os (114cm \u2013 122cm) Lynx - Palos de Golf Personalizados\" \/>\n<meta property=\"og:description\" content=\"La Madera 3 Ai Blue Junior ofrece potencia, control y ligereza para j\u00f3venes golfistas que quieren mejorar distancia y precisi\u00f3n en cada golpe.\" \/>\n<meta property=\"og:url\" content=\"https:\/\/www.palosdegolfpersonalizados.com\/?product=madera-3-ai-blue-junior-palo-de-golf-para-jovenes\" \/>\n<meta property=\"og:site_name\" content=\"Palos de Golf Personalizados\" \/>\n<meta property=\"article:modified_time\" content=\"2025-11-11T12:41:11+00:00\" \/>\n<meta property=\"og:image\" content=\"https:\/\/www.palosdegolfpersonalizados.com\/wp-content\/uploads\/2025\/10\/Junior-Ai-Blue-fairway.jpg\" \/>\n\t<meta property=\"og:image:width\" content=\"800\" \/>\n\t<meta property=\"og:image:height\" content=\"800\" \/>\n\t<meta property=\"og:image:type\" content=\"image\/jpeg\" \/>\n<meta name=\"twitter:card\" content=\"summary_large_image\" \/>\n<meta name=\"twitter:label1\" content=\"Est. reading time\" \/>\n\t<meta name=\"twitter:data1\" content=\"1 minute\" \/>\n<script type=\"application\/ld+json\" class=\"yoast-schema-graph\">{\"@context\":\"https:\/\/schema.org\",\"@graph\":[{\"@type\":\"WebPage\",\"@id\":\"https:\/\/www.palosdegolfpersonalizados.com\/?product=madera-3-ai-blue-junior-palo-de-golf-para-jovenes\",\"url\":\"https:\/\/www.palosdegolfpersonalizados.com\/?product=madera-3-ai-blue-junior-palo-de-golf-para-jovenes\",\"name\":\"Madera 3 Ai Blue Junior 2-4 a\u00f1os (114cm \u2013 122cm) Lynx - Palos de Golf Personalizados\",\"isPartOf\":{\"@id\":\"https:\/\/www.palosdegolfpersonalizados.com\/#website\"},\"primaryImageOfPage\":{\"@id\":\"https:\/\/www.palosdegolfpersonalizados.com\/?product=madera-3-ai-blue-junior-palo-de-golf-para-jovenes#primaryimage\"},\"image\":{\"@id\":\"https:\/\/www.palosdegolfpersonalizados.com\/?product=madera-3-ai-blue-junior-palo-de-golf-para-jovenes#primaryimage\"},\"thumbnailUrl\":\"https:\/\/www.palosdegolfpersonalizados.com\/wp-content\/uploads\/2025\/10\/Junior-Ai-Blue-fairway.jpg\",\"datePublished\":\"2025-10-07T08:55:22+00:00\",\"dateModified\":\"2025-11-11T12:41:11+00:00\",\"description\":\"La Madera 3 Ai Blue Junior ofrece potencia, control y ligereza para j\u00f3venes golfistas que quieren mejorar distancia y precisi\u00f3n en cada golpe.\",\"breadcrumb\":{\"@id\":\"https:\/\/www.palosdegolfpersonalizados.com\/?product=madera-3-ai-blue-junior-palo-de-golf-para-jovenes#breadcrumb\"},\"inLanguage\":\"en-US\",\"potentialAction\":[{\"@type\":\"ReadAction\",\"target\":[\"https:\/\/www.palosdegolfpersonalizados.com\/?product=madera-3-ai-blue-junior-palo-de-golf-para-jovenes\"]}]},{\"@type\":\"ImageObject\",\"inLanguage\":\"en-US\",\"@id\":\"https:\/\/www.palosdegolfpersonalizados.com\/?product=madera-3-ai-blue-junior-palo-de-golf-para-jovenes#primaryimage\",\"url\":\"https:\/\/www.palosdegolfpersonalizados.com\/wp-content\/uploads\/2025\/10\/Junior-Ai-Blue-fairway.jpg\",\"contentUrl\":\"https:\/\/www.palosdegolfpersonalizados.com\/wp-content\/uploads\/2025\/10\/Junior-Ai-Blue-fairway.jpg\",\"width\":800,\"height\":800,\"caption\":\"Madera 5 Ai Blue Lynx, ideal para los m\u00e1s peque\u00f1os del golf.\"},{\"@type\":\"BreadcrumbList\",\"@id\":\"https:\/\/www.palosdegolfpersonalizados.com\/?product=madera-3-ai-blue-junior-palo-de-golf-para-jovenes#breadcrumb\",\"itemListElement\":[{\"@type\":\"ListItem\",\"position\":1,\"name\":\"Portada\",\"item\":\"https:\/\/www.palosdegolfpersonalizados.com\/\"},{\"@type\":\"ListItem\",\"position\":2,\"name\":\"Tienda de Golf\",\"item\":\"https:\/\/www.palosdegolfpersonalizados.com\/?page_id=8\"},{\"@type\":\"ListItem\",\"position\":3,\"name\":\"Madera 3 Ai Blue Junior 2-4 a\u00f1os (114cm \u2013 122cm) Lynx\"}]},{\"@type\":\"WebSite\",\"@id\":\"https:\/\/www.palosdegolfpersonalizados.com\/#website\",\"url\":\"https:\/\/www.palosdegolfpersonalizados.com\/\",\"name\":\"Palos de Golf Personalizados\",\"description\":\"Palos de Golf Personalizados\",\"publisher\":{\"@id\":\"https:\/\/www.palosdegolfpersonalizados.com\/#organization\"},\"potentialAction\":[{\"@type\":\"SearchAction\",\"target\":{\"@type\":\"EntryPoint\",\"urlTemplate\":\"https:\/\/www.palosdegolfpersonalizados.com\/?s={search_term_string}\"},\"query-input\":{\"@type\":\"PropertyValueSpecification\",\"valueRequired\":true,\"valueName\":\"search_term_string\"}}],\"inLanguage\":\"en-US\"},{\"@type\":\"Organization\",\"@id\":\"https:\/\/www.palosdegolfpersonalizados.com\/#organization\",\"name\":\"Palos de Golf Personalizados\",\"url\":\"https:\/\/www.palosdegolfpersonalizados.com\/\",\"logo\":{\"@type\":\"ImageObject\",\"inLanguage\":\"en-US\",\"@id\":\"https:\/\/www.palosdegolfpersonalizados.com\/#\/schema\/logo\/image\/\",\"url\":\"https:\/\/www.palosdegolfpersonalizados.com\/wp-content\/uploads\/2025\/10\/Logo-Palos-Personalizados-1.png\",\"contentUrl\":\"https:\/\/www.palosdegolfpersonalizados.com\/wp-content\/uploads\/2025\/10\/Logo-Palos-Personalizados-1.png\",\"width\":443,\"height\":163,\"caption\":\"Palos de Golf Personalizados\"},\"image\":{\"@id\":\"https:\/\/www.palosdegolfpersonalizados.com\/#\/schema\/logo\/image\/\"}}]}<\/script>\n<!-- \/ Yoast SEO plugin. -->","yoast_head_json":{"title":"Madera 3 Ai Blue Junior 2-4 a\u00f1os (114cm \u2013 122cm) Lynx - Palos de Golf Personalizados","description":"La Madera 3 Ai Blue Junior ofrece potencia, control y ligereza para j\u00f3venes golfistas que quieren mejorar distancia y precisi\u00f3n en cada golpe.","robots":{"index":"index","follow":"follow","max-snippet":"max-snippet:-1","max-image-preview":"max-image-preview:large","max-video-preview":"max-video-preview:-1"},"canonical":"https:\/\/www.palosdegolfpersonalizados.com\/?product=madera-3-ai-blue-junior-palo-de-golf-para-jovenes","og_locale":"en_US","og_type":"article","og_title":"Madera 3 Ai Blue Junior 2-4 a\u00f1os (114cm \u2013 122cm) Lynx - Palos de Golf Personalizados","og_description":"La Madera 3 Ai Blue Junior ofrece potencia, control y ligereza para j\u00f3venes golfistas que quieren mejorar distancia y precisi\u00f3n en cada golpe.","og_url":"https:\/\/www.palosdegolfpersonalizados.com\/?product=madera-3-ai-blue-junior-palo-de-golf-para-jovenes","og_site_name":"Palos de Golf Personalizados","article_modified_time":"2025-11-11T12:41:11+00:00","og_image":[{"width":800,"height":800,"url":"https:\/\/www.palosdegolfpersonalizados.com\/wp-content\/uploads\/2025\/10\/Junior-Ai-Blue-fairway.jpg","type":"image\/jpeg"}],"twitter_card":"summary_large_image","twitter_misc":{"Est. reading time":"1 minute"},"schema":{"@context":"https:\/\/schema.org","@graph":[{"@type":"WebPage","@id":"https:\/\/www.palosdegolfpersonalizados.com\/?product=madera-3-ai-blue-junior-palo-de-golf-para-jovenes","url":"https:\/\/www.palosdegolfpersonalizados.com\/?product=madera-3-ai-blue-junior-palo-de-golf-para-jovenes","name":"Madera 3 Ai Blue Junior 2-4 a\u00f1os (114cm \u2013 122cm) Lynx - Palos de Golf Personalizados","isPartOf":{"@id":"https:\/\/www.palosdegolfpersonalizados.com\/#website"},"primaryImageOfPage":{"@id":"https:\/\/www.palosdegolfpersonalizados.com\/?product=madera-3-ai-blue-junior-palo-de-golf-para-jovenes#primaryimage"},"image":{"@id":"https:\/\/www.palosdegolfpersonalizados.com\/?product=madera-3-ai-blue-junior-palo-de-golf-para-jovenes#primaryimage"},"thumbnailUrl":"https:\/\/www.palosdegolfpersonalizados.com\/wp-content\/uploads\/2025\/10\/Junior-Ai-Blue-fairway.jpg","datePublished":"2025-10-07T08:55:22+00:00","dateModified":"2025-11-11T12:41:11+00:00","description":"La Madera 3 Ai Blue Junior ofrece potencia, control y ligereza para j\u00f3venes golfistas que quieren mejorar distancia y precisi\u00f3n en cada golpe.","breadcrumb":{"@id":"https:\/\/www.palosdegolfpersonalizados.com\/?product=madera-3-ai-blue-junior-palo-de-golf-para-jovenes#breadcrumb"},"inLanguage":"en-US","potentialAction":[{"@type":"ReadAction","target":["https:\/\/www.palosdegolfpersonalizados.com\/?product=madera-3-ai-blue-junior-palo-de-golf-para-jovenes"]}]},{"@type":"ImageObject","inLanguage":"en-US","@id":"https:\/\/www.palosdegolfpersonalizados.com\/?product=madera-3-ai-blue-junior-palo-de-golf-para-jovenes#primaryimage","url":"https:\/\/www.palosdegolfpersonalizados.com\/wp-content\/uploads\/2025\/10\/Junior-Ai-Blue-fairway.jpg","contentUrl":"https:\/\/www.palosdegolfpersonalizados.com\/wp-content\/uploads\/2025\/10\/Junior-Ai-Blue-fairway.jpg","width":800,"height":800,"caption":"Madera 5 Ai Blue Lynx, ideal para los m\u00e1s peque\u00f1os del golf."},{"@type":"BreadcrumbList","@id":"https:\/\/www.palosdegolfpersonalizados.com\/?product=madera-3-ai-blue-junior-palo-de-golf-para-jovenes#breadcrumb","itemListElement":[{"@type":"ListItem","position":1,"name":"Portada","item":"https:\/\/www.palosdegolfpersonalizados.com\/"},{"@type":"ListItem","position":2,"name":"Tienda de Golf","item":"https:\/\/www.palosdegolfpersonalizados.com\/?page_id=8"},{"@type":"ListItem","position":3,"name":"Madera 3 Ai Blue Junior 2-4 a\u00f1os (114cm \u2013 122cm) Lynx"}]},{"@type":"WebSite","@id":"https:\/\/www.palosdegolfpersonalizados.com\/#website","url":"https:\/\/www.palosdegolfpersonalizados.com\/","name":"Palos de Golf Personalizados","description":"Palos de Golf Personalizados","publisher":{"@id":"https:\/\/www.palosdegolfpersonalizados.com\/#organization"},"potentialAction":[{"@type":"SearchAction","target":{"@type":"EntryPoint","urlTemplate":"https:\/\/www.palosdegolfpersonalizados.com\/?s={search_term_string}"},"query-input":{"@type":"PropertyValueSpecification","valueRequired":true,"valueName":"search_term_string"}}],"inLanguage":"en-US"},{"@type":"Organization","@id":"https:\/\/www.palosdegolfpersonalizados.com\/#organization","name":"Palos de Golf Personalizados","url":"https:\/\/www.palosdegolfpersonalizados.com\/","logo":{"@type":"ImageObject","inLanguage":"en-US","@id":"https:\/\/www.palosdegolfpersonalizados.com\/#\/schema\/logo\/image\/","url":"https:\/\/www.palosdegolfpersonalizados.com\/wp-content\/uploads\/2025\/10\/Logo-Palos-Personalizados-1.png","contentUrl":"https:\/\/www.palosdegolfpersonalizados.com\/wp-content\/uploads\/2025\/10\/Logo-Palos-Personalizados-1.png","width":443,"height":163,"caption":"Palos de Golf Personalizados"},"image":{"@id":"https:\/\/www.palosdegolfpersonalizados.com\/#\/schema\/logo\/image\/"}}]}},"_links":{"self":[{"href":"https:\/\/www.palosdegolfpersonalizados.com\/index.php?rest_route=\/wp\/v2\/product\/433","targetHints":{"allow":["GET"]}}],"collection":[{"href":"https:\/\/www.palosdegolfpersonalizados.com\/index.php?rest_route=\/wp\/v2\/product"}],"about":[{"href":"https:\/\/www.palosdegolfpersonalizados.com\/index.php?rest_route=\/wp\/v2\/types\/product"}],"replies":[{"embeddable":true,"href":"https:\/\/www.palosdegolfpersonalizados.com\/index.php?rest_route=%2Fwp%2Fv2%2Fcomments&post=433"}],"wp:featuredmedia":[{"embeddable":true,"href":"https:\/\/www.palosdegolfpersonalizados.com\/index.php?rest_route=\/wp\/v2\/media\/434"}],"wp:attachment":[{"href":"https:\/\/www.palosdegolfpersonalizados.com\/index.php?rest_route=%2Fwp%2Fv2%2Fmedia&parent=433"}],"wp:term":[{"taxonomy":"product_brand","embeddable":true,"href":"https:\/\/www.palosdegolfpersonalizados.com\/index.php?rest_route=%2Fwp%2Fv2%2Fproduct_brand&post=433"},{"taxonomy":"product_cat","embeddable":true,"href":"https:\/\/www.palosdegolfpersonalizados.com\/index.php?rest_route=%2Fwp%2Fv2%2Fproduct_cat&post=433"},{"taxonomy":"product_tag","embeddable":true,"href":"https:\/\/www.palosdegolfpersonalizados.com\/index.php?rest_route=%2Fwp%2Fv2%2Fproduct_tag&post=433"}],"curies":[{"name":"wp","href":"https:\/\/api.w.org\/{rel}","templated":true}]}}