{"id":448,"date":"2025-10-07T09:08:30","date_gmt":"2025-10-07T09:08:30","guid":{"rendered":"https:\/\/www.palosdegolfpersonalizados.com\/?post_type=product&#038;p=448"},"modified":"2025-11-11T12:40:00","modified_gmt":"2025-11-11T12:40:00","slug":"madera-5-ai-orange-potencia-y-precision-en-cada-golpe","status":"publish","type":"product","link":"https:\/\/www.palosdegolfpersonalizados.com\/?product=madera-5-ai-orange-potencia-y-precision-en-cada-golpe","title":{"rendered":"Madera 5 Ai Orange Junior 6-8 a\u00f1os (130cm \u2013 138cm) Lynx"},"content":{"rendered":"<p data-start=\"408\" data-end=\"855\">Descubre el futuro del golf junior con e<strong data-start=\"417\" data-end=\"444\">l Junior Ai Fairway Woods<\/strong>. Creadas para proporcionar <strong data-start=\"477\" data-end=\"519\">mayor tolerancia y facilidad de golpeo<\/strong>, gracias a un <strong data-start=\"534\" data-end=\"567\">centro de gravedad optimizado<\/strong> que facilita un <strong data-start=\"584\" data-end=\"628\">lanzamiento de bola m\u00e1s alto y eficiente<\/strong>.<br data-start=\"629\" data-end=\"632\" \/>Dise\u00f1adas con precisi\u00f3n para acompa\u00f1ar el desarrollo de los golfistas j\u00f3venes, estas maderas combinan <strong data-start=\"734\" data-end=\"757\">tecnolog\u00eda avanzada<\/strong> y un <strong data-start=\"763\" data-end=\"787\">dise\u00f1o f\u00e1cil de usar<\/strong>, ofreciendo una experiencia de golf equilibrada, c\u00f3moda y eficaz.<\/p>\n<h3 data-start=\"857\" data-end=\"898\"><strong data-start=\"864\" data-end=\"896\">Caracter\u00edsticas principales:<\/strong><\/h3>\n<ul data-start=\"899\" data-end=\"1614\">\n<li data-start=\"899\" data-end=\"1000\">\n<p data-start=\"901\" data-end=\"1000\"><strong data-start=\"901\" data-end=\"938\">Construcci\u00f3n en acero inoxidable:<\/strong> Garantiza durabilidad y una sensaci\u00f3n s\u00f3lida en el impacto.<\/p>\n<\/li>\n<li data-start=\"1001\" data-end=\"1123\">\n<p data-start=\"1003\" data-end=\"1123\"><strong data-start=\"1003\" data-end=\"1029\">Cabeza de perfil bajo:<\/strong> Facilita los golpes desde posiciones dif\u00edciles, mejorando la versatilidad y la jugabilidad.<\/p>\n<\/li>\n<li data-start=\"1124\" data-end=\"1264\">\n<p data-start=\"1126\" data-end=\"1264\"><strong data-start=\"1126\" data-end=\"1157\">Dise\u00f1o de alto lanzamiento:<\/strong> Aumenta la distancia y el control, ayudando a los j\u00f3venes golfistas a conseguir un vuelo de bola \u00f3ptimo.<\/p>\n<\/li>\n<li data-start=\"1265\" data-end=\"1366\">\n<p data-start=\"1267\" data-end=\"1366\"><strong data-start=\"1267\" data-end=\"1303\">Distribuci\u00f3n de peso optimizada:<\/strong> Mejora el equilibrio y la estabilidad durante todo el swing.<\/p>\n<\/li>\n<li data-start=\"1367\" data-end=\"1488\">\n<p data-start=\"1369\" data-end=\"1488\"><strong data-start=\"1369\" data-end=\"1404\">Dise\u00f1o espec\u00edfico para juniors:<\/strong> Empu\u00f1aduras y pesos del eje adaptados a las necesidades de los jugadores j\u00f3venes.<\/p>\n<\/li>\n<li data-start=\"1489\" data-end=\"1614\">\n<p data-start=\"1491\" data-end=\"1614\"><strong data-start=\"1491\" data-end=\"1529\">Disponible para diestros y zurdos:<\/strong> Adecuado para todos los golfistas junior, independientemente de su mano dominante.<\/p>\n<\/li>\n<\/ul>\n","protected":false},"excerpt":{"rendered":"<p data-start=\"226\" data-end=\"406\">Dise\u00f1adas para <strong data-start=\"241\" data-end=\"262\">j\u00f3venes golfistas<\/strong>, las <strong data-start=\"268\" data-end=\"295\">Junior Ai Fairway Woods<\/strong> mejoran la <strong data-start=\"307\" data-end=\"333\">distancia y el control<\/strong>, ofreciendo una <strong data-start=\"350\" data-end=\"403\">experiencia de juego m\u00e1s divertida y gratificante<\/strong>.<\/p>\n<p data-start=\"408\" data-end=\"855\"><img decoding=\"async\" class=\"alignnone size-medium wp-image-1442\" src=\"https:\/\/www.palosdegolfpersonalizados.com\/wp-content\/uploads\/2025\/10\/Ventajas-Golf-300x49.png\" alt=\"\" width=\"300\" height=\"49\" srcset=\"https:\/\/www.palosdegolfpersonalizados.com\/wp-content\/uploads\/2025\/10\/Ventajas-Golf-300x49.png 300w, https:\/\/www.palosdegolfpersonalizados.com\/wp-content\/uploads\/2025\/10\/Ventajas-Golf-1024x167.png 1024w, https:\/\/www.palosdegolfpersonalizados.com\/wp-content\/uploads\/2025\/10\/Ventajas-Golf-768x125.png 768w, https:\/\/www.palosdegolfpersonalizados.com\/wp-content\/uploads\/2025\/10\/Ventajas-Golf-1536x251.png 1536w, https:\/\/www.palosdegolfpersonalizados.com\/wp-content\/uploads\/2025\/10\/Ventajas-Golf-2048x335.png 2048w, https:\/\/www.palosdegolfpersonalizados.com\/wp-content\/uploads\/2025\/10\/Ventajas-Golf-600x98.png 600w\" sizes=\"(max-width: 300px) 100vw, 300px\" \/><\/p>\n<p data-start=\"408\" data-end=\"855\"><img fetchpriority=\"high\" decoding=\"async\" class=\"alignnone size-medium wp-image-1441\" src=\"https:\/\/www.palosdegolfpersonalizados.com\/wp-content\/uploads\/2025\/10\/Etiqueta-nueva-min-3-1-300x200.png\" alt=\"\" width=\"300\" height=\"200\" \/><\/p>\n","protected":false},"featured_media":446,"comment_status":"closed","ping_status":"closed","template":"","meta":{"_joinchat":[]},"product_brand":[],"product_cat":[87,81,55],"product_tag":[104],"class_list":{"0":"post-448","1":"product","2":"type-product","3":"status-publish","4":"has-post-thumbnail","6":"product_cat-madera-5-golf-ninos","7":"product_cat-maderas-golf-ninos","8":"product_cat-palos-de-golf-ninos","9":"product_tag-lynx-golf","11":"first","12":"instock","13":"shipping-taxable","14":"purchasable","15":"product-type-simple"},"yoast_head":"<!-- This site is optimized with the Yoast SEO plugin v27.2 - https:\/\/yoast.com\/product\/yoast-seo-wordpress\/ -->\n<title>Madera 5 Ai Orange Junior 6-8 a\u00f1os (130cm \u2013 138cm) Lynx - Palos de Golf Personalizados<\/title>\n<meta name=\"description\" content=\"Descubre la Madera 5 Ai Orange: dise\u00f1o innovador, m\u00e1ximo control y distancia. Mejora tu juego con potencia y estilo en cada swing.\" \/>\n<meta name=\"robots\" content=\"index, follow, max-snippet:-1, max-image-preview:large, max-video-preview:-1\" \/>\n<link rel=\"canonical\" href=\"https:\/\/www.palosdegolfpersonalizados.com\/?product=madera-5-ai-orange-potencia-y-precision-en-cada-golpe\" \/>\n<meta property=\"og:locale\" content=\"en_US\" \/>\n<meta property=\"og:type\" content=\"article\" \/>\n<meta property=\"og:title\" content=\"Madera 5 Ai Orange Junior 6-8 a\u00f1os (130cm \u2013 138cm) Lynx - Palos de Golf Personalizados\" \/>\n<meta property=\"og:description\" content=\"Descubre la Madera 5 Ai Orange: dise\u00f1o innovador, m\u00e1ximo control y distancia. Mejora tu juego con potencia y estilo en cada swing.\" \/>\n<meta property=\"og:url\" content=\"https:\/\/www.palosdegolfpersonalizados.com\/?product=madera-5-ai-orange-potencia-y-precision-en-cada-golpe\" \/>\n<meta property=\"og:site_name\" content=\"Palos de Golf Personalizados\" \/>\n<meta property=\"article:modified_time\" content=\"2025-11-11T12:40:00+00:00\" \/>\n<meta property=\"og:image\" content=\"https:\/\/www.palosdegolfpersonalizados.com\/wp-content\/uploads\/2025\/10\/Junior-Ai-Orange-FW-Shopify_d065f9d4-8581-4639-b7f1-fc464425b2c4_800x800.webp\" \/>\n\t<meta property=\"og:image:width\" content=\"800\" \/>\n\t<meta property=\"og:image:height\" content=\"800\" \/>\n\t<meta property=\"og:image:type\" content=\"image\/webp\" \/>\n<meta name=\"twitter:card\" content=\"summary_large_image\" \/>\n<meta name=\"twitter:label1\" content=\"Est. reading time\" \/>\n\t<meta name=\"twitter:data1\" content=\"1 minute\" \/>\n<script type=\"application\/ld+json\" class=\"yoast-schema-graph\">{\"@context\":\"https:\/\/schema.org\",\"@graph\":[{\"@type\":\"WebPage\",\"@id\":\"https:\/\/www.palosdegolfpersonalizados.com\/?product=madera-5-ai-orange-potencia-y-precision-en-cada-golpe\",\"url\":\"https:\/\/www.palosdegolfpersonalizados.com\/?product=madera-5-ai-orange-potencia-y-precision-en-cada-golpe\",\"name\":\"Madera 5 Ai Orange Junior 6-8 a\u00f1os (130cm \u2013 138cm) Lynx - Palos de Golf Personalizados\",\"isPartOf\":{\"@id\":\"https:\/\/www.palosdegolfpersonalizados.com\/#website\"},\"primaryImageOfPage\":{\"@id\":\"https:\/\/www.palosdegolfpersonalizados.com\/?product=madera-5-ai-orange-potencia-y-precision-en-cada-golpe#primaryimage\"},\"image\":{\"@id\":\"https:\/\/www.palosdegolfpersonalizados.com\/?product=madera-5-ai-orange-potencia-y-precision-en-cada-golpe#primaryimage\"},\"thumbnailUrl\":\"https:\/\/www.palosdegolfpersonalizados.com\/wp-content\/uploads\/2025\/10\/Junior-Ai-Orange-FW-Shopify_d065f9d4-8581-4639-b7f1-fc464425b2c4_800x800.webp\",\"datePublished\":\"2025-10-07T09:08:30+00:00\",\"dateModified\":\"2025-11-11T12:40:00+00:00\",\"description\":\"Descubre la Madera 5 Ai Orange: dise\u00f1o innovador, m\u00e1ximo control y distancia. Mejora tu juego con potencia y estilo en cada swing.\",\"breadcrumb\":{\"@id\":\"https:\/\/www.palosdegolfpersonalizados.com\/?product=madera-5-ai-orange-potencia-y-precision-en-cada-golpe#breadcrumb\"},\"inLanguage\":\"en-US\",\"potentialAction\":[{\"@type\":\"ReadAction\",\"target\":[\"https:\/\/www.palosdegolfpersonalizados.com\/?product=madera-5-ai-orange-potencia-y-precision-en-cada-golpe\"]}]},{\"@type\":\"ImageObject\",\"inLanguage\":\"en-US\",\"@id\":\"https:\/\/www.palosdegolfpersonalizados.com\/?product=madera-5-ai-orange-potencia-y-precision-en-cada-golpe#primaryimage\",\"url\":\"https:\/\/www.palosdegolfpersonalizados.com\/wp-content\/uploads\/2025\/10\/Junior-Ai-Orange-FW-Shopify_d065f9d4-8581-4639-b7f1-fc464425b2c4_800x800.webp\",\"contentUrl\":\"https:\/\/www.palosdegolfpersonalizados.com\/wp-content\/uploads\/2025\/10\/Junior-Ai-Orange-FW-Shopify_d065f9d4-8581-4639-b7f1-fc464425b2c4_800x800.webp\",\"width\":800,\"height\":800,\"caption\":\"Madera 5 Ai Orange Lynx, perfecta para peque\u00f1os golfistas.\"},{\"@type\":\"BreadcrumbList\",\"@id\":\"https:\/\/www.palosdegolfpersonalizados.com\/?product=madera-5-ai-orange-potencia-y-precision-en-cada-golpe#breadcrumb\",\"itemListElement\":[{\"@type\":\"ListItem\",\"position\":1,\"name\":\"Portada\",\"item\":\"https:\/\/www.palosdegolfpersonalizados.com\/\"},{\"@type\":\"ListItem\",\"position\":2,\"name\":\"Tienda de Golf\",\"item\":\"https:\/\/www.palosdegolfpersonalizados.com\/?page_id=8\"},{\"@type\":\"ListItem\",\"position\":3,\"name\":\"Madera 5 Ai Orange Junior 6-8 a\u00f1os (130cm \u2013 138cm) Lynx\"}]},{\"@type\":\"WebSite\",\"@id\":\"https:\/\/www.palosdegolfpersonalizados.com\/#website\",\"url\":\"https:\/\/www.palosdegolfpersonalizados.com\/\",\"name\":\"Palos de Golf Personalizados\",\"description\":\"Palos de Golf Personalizados\",\"publisher\":{\"@id\":\"https:\/\/www.palosdegolfpersonalizados.com\/#organization\"},\"potentialAction\":[{\"@type\":\"SearchAction\",\"target\":{\"@type\":\"EntryPoint\",\"urlTemplate\":\"https:\/\/www.palosdegolfpersonalizados.com\/?s={search_term_string}\"},\"query-input\":{\"@type\":\"PropertyValueSpecification\",\"valueRequired\":true,\"valueName\":\"search_term_string\"}}],\"inLanguage\":\"en-US\"},{\"@type\":\"Organization\",\"@id\":\"https:\/\/www.palosdegolfpersonalizados.com\/#organization\",\"name\":\"Palos de Golf Personalizados\",\"url\":\"https:\/\/www.palosdegolfpersonalizados.com\/\",\"logo\":{\"@type\":\"ImageObject\",\"inLanguage\":\"en-US\",\"@id\":\"https:\/\/www.palosdegolfpersonalizados.com\/#\/schema\/logo\/image\/\",\"url\":\"https:\/\/www.palosdegolfpersonalizados.com\/wp-content\/uploads\/2025\/10\/Logo-Palos-Personalizados-1.png\",\"contentUrl\":\"https:\/\/www.palosdegolfpersonalizados.com\/wp-content\/uploads\/2025\/10\/Logo-Palos-Personalizados-1.png\",\"width\":443,\"height\":163,\"caption\":\"Palos de Golf Personalizados\"},\"image\":{\"@id\":\"https:\/\/www.palosdegolfpersonalizados.com\/#\/schema\/logo\/image\/\"}}]}<\/script>\n<!-- \/ Yoast SEO plugin. -->","yoast_head_json":{"title":"Madera 5 Ai Orange Junior 6-8 a\u00f1os (130cm \u2013 138cm) Lynx - Palos de Golf Personalizados","description":"Descubre la Madera 5 Ai Orange: dise\u00f1o innovador, m\u00e1ximo control y distancia. Mejora tu juego con potencia y estilo en cada swing.","robots":{"index":"index","follow":"follow","max-snippet":"max-snippet:-1","max-image-preview":"max-image-preview:large","max-video-preview":"max-video-preview:-1"},"canonical":"https:\/\/www.palosdegolfpersonalizados.com\/?product=madera-5-ai-orange-potencia-y-precision-en-cada-golpe","og_locale":"en_US","og_type":"article","og_title":"Madera 5 Ai Orange Junior 6-8 a\u00f1os (130cm \u2013 138cm) Lynx - Palos de Golf Personalizados","og_description":"Descubre la Madera 5 Ai Orange: dise\u00f1o innovador, m\u00e1ximo control y distancia. Mejora tu juego con potencia y estilo en cada swing.","og_url":"https:\/\/www.palosdegolfpersonalizados.com\/?product=madera-5-ai-orange-potencia-y-precision-en-cada-golpe","og_site_name":"Palos de Golf Personalizados","article_modified_time":"2025-11-11T12:40:00+00:00","og_image":[{"width":800,"height":800,"url":"https:\/\/www.palosdegolfpersonalizados.com\/wp-content\/uploads\/2025\/10\/Junior-Ai-Orange-FW-Shopify_d065f9d4-8581-4639-b7f1-fc464425b2c4_800x800.webp","type":"image\/webp"}],"twitter_card":"summary_large_image","twitter_misc":{"Est. reading time":"1 minute"},"schema":{"@context":"https:\/\/schema.org","@graph":[{"@type":"WebPage","@id":"https:\/\/www.palosdegolfpersonalizados.com\/?product=madera-5-ai-orange-potencia-y-precision-en-cada-golpe","url":"https:\/\/www.palosdegolfpersonalizados.com\/?product=madera-5-ai-orange-potencia-y-precision-en-cada-golpe","name":"Madera 5 Ai Orange Junior 6-8 a\u00f1os (130cm \u2013 138cm) Lynx - Palos de Golf Personalizados","isPartOf":{"@id":"https:\/\/www.palosdegolfpersonalizados.com\/#website"},"primaryImageOfPage":{"@id":"https:\/\/www.palosdegolfpersonalizados.com\/?product=madera-5-ai-orange-potencia-y-precision-en-cada-golpe#primaryimage"},"image":{"@id":"https:\/\/www.palosdegolfpersonalizados.com\/?product=madera-5-ai-orange-potencia-y-precision-en-cada-golpe#primaryimage"},"thumbnailUrl":"https:\/\/www.palosdegolfpersonalizados.com\/wp-content\/uploads\/2025\/10\/Junior-Ai-Orange-FW-Shopify_d065f9d4-8581-4639-b7f1-fc464425b2c4_800x800.webp","datePublished":"2025-10-07T09:08:30+00:00","dateModified":"2025-11-11T12:40:00+00:00","description":"Descubre la Madera 5 Ai Orange: dise\u00f1o innovador, m\u00e1ximo control y distancia. Mejora tu juego con potencia y estilo en cada swing.","breadcrumb":{"@id":"https:\/\/www.palosdegolfpersonalizados.com\/?product=madera-5-ai-orange-potencia-y-precision-en-cada-golpe#breadcrumb"},"inLanguage":"en-US","potentialAction":[{"@type":"ReadAction","target":["https:\/\/www.palosdegolfpersonalizados.com\/?product=madera-5-ai-orange-potencia-y-precision-en-cada-golpe"]}]},{"@type":"ImageObject","inLanguage":"en-US","@id":"https:\/\/www.palosdegolfpersonalizados.com\/?product=madera-5-ai-orange-potencia-y-precision-en-cada-golpe#primaryimage","url":"https:\/\/www.palosdegolfpersonalizados.com\/wp-content\/uploads\/2025\/10\/Junior-Ai-Orange-FW-Shopify_d065f9d4-8581-4639-b7f1-fc464425b2c4_800x800.webp","contentUrl":"https:\/\/www.palosdegolfpersonalizados.com\/wp-content\/uploads\/2025\/10\/Junior-Ai-Orange-FW-Shopify_d065f9d4-8581-4639-b7f1-fc464425b2c4_800x800.webp","width":800,"height":800,"caption":"Madera 5 Ai Orange Lynx, perfecta para peque\u00f1os golfistas."},{"@type":"BreadcrumbList","@id":"https:\/\/www.palosdegolfpersonalizados.com\/?product=madera-5-ai-orange-potencia-y-precision-en-cada-golpe#breadcrumb","itemListElement":[{"@type":"ListItem","position":1,"name":"Portada","item":"https:\/\/www.palosdegolfpersonalizados.com\/"},{"@type":"ListItem","position":2,"name":"Tienda de Golf","item":"https:\/\/www.palosdegolfpersonalizados.com\/?page_id=8"},{"@type":"ListItem","position":3,"name":"Madera 5 Ai Orange Junior 6-8 a\u00f1os (130cm \u2013 138cm) Lynx"}]},{"@type":"WebSite","@id":"https:\/\/www.palosdegolfpersonalizados.com\/#website","url":"https:\/\/www.palosdegolfpersonalizados.com\/","name":"Palos de Golf Personalizados","description":"Palos de Golf Personalizados","publisher":{"@id":"https:\/\/www.palosdegolfpersonalizados.com\/#organization"},"potentialAction":[{"@type":"SearchAction","target":{"@type":"EntryPoint","urlTemplate":"https:\/\/www.palosdegolfpersonalizados.com\/?s={search_term_string}"},"query-input":{"@type":"PropertyValueSpecification","valueRequired":true,"valueName":"search_term_string"}}],"inLanguage":"en-US"},{"@type":"Organization","@id":"https:\/\/www.palosdegolfpersonalizados.com\/#organization","name":"Palos de Golf Personalizados","url":"https:\/\/www.palosdegolfpersonalizados.com\/","logo":{"@type":"ImageObject","inLanguage":"en-US","@id":"https:\/\/www.palosdegolfpersonalizados.com\/#\/schema\/logo\/image\/","url":"https:\/\/www.palosdegolfpersonalizados.com\/wp-content\/uploads\/2025\/10\/Logo-Palos-Personalizados-1.png","contentUrl":"https:\/\/www.palosdegolfpersonalizados.com\/wp-content\/uploads\/2025\/10\/Logo-Palos-Personalizados-1.png","width":443,"height":163,"caption":"Palos de Golf Personalizados"},"image":{"@id":"https:\/\/www.palosdegolfpersonalizados.com\/#\/schema\/logo\/image\/"}}]}},"_links":{"self":[{"href":"https:\/\/www.palosdegolfpersonalizados.com\/index.php?rest_route=\/wp\/v2\/product\/448","targetHints":{"allow":["GET"]}}],"collection":[{"href":"https:\/\/www.palosdegolfpersonalizados.com\/index.php?rest_route=\/wp\/v2\/product"}],"about":[{"href":"https:\/\/www.palosdegolfpersonalizados.com\/index.php?rest_route=\/wp\/v2\/types\/product"}],"replies":[{"embeddable":true,"href":"https:\/\/www.palosdegolfpersonalizados.com\/index.php?rest_route=%2Fwp%2Fv2%2Fcomments&post=448"}],"wp:featuredmedia":[{"embeddable":true,"href":"https:\/\/www.palosdegolfpersonalizados.com\/index.php?rest_route=\/wp\/v2\/media\/446"}],"wp:attachment":[{"href":"https:\/\/www.palosdegolfpersonalizados.com\/index.php?rest_route=%2Fwp%2Fv2%2Fmedia&parent=448"}],"wp:term":[{"taxonomy":"product_brand","embeddable":true,"href":"https:\/\/www.palosdegolfpersonalizados.com\/index.php?rest_route=%2Fwp%2Fv2%2Fproduct_brand&post=448"},{"taxonomy":"product_cat","embeddable":true,"href":"https:\/\/www.palosdegolfpersonalizados.com\/index.php?rest_route=%2Fwp%2Fv2%2Fproduct_cat&post=448"},{"taxonomy":"product_tag","embeddable":true,"href":"https:\/\/www.palosdegolfpersonalizados.com\/index.php?rest_route=%2Fwp%2Fv2%2Fproduct_tag&post=448"}],"curies":[{"name":"wp","href":"https:\/\/api.w.org\/{rel}","templated":true}]}}