{"id":79,"date":"2025-10-02T11:19:39","date_gmt":"2025-10-02T11:19:39","guid":{"rendered":"https:\/\/www.palosdegolfpersonalizados.com\/?post_type=product&#038;p=79"},"modified":"2025-11-13T13:21:09","modified_gmt":"2025-11-13T13:21:09","slug":"putter-de-golf-inovai-6-5-bettinardi","status":"publish","type":"product","link":"https:\/\/www.palosdegolfpersonalizados.com\/?product=putter-de-golf-inovai-6-5-bettinardi","title":{"rendered":"Putter Inovai 6.5 Bettinardi"},"content":{"rendered":"<h3 data-start=\"341\" data-end=\"719\">Descubre el futuro del golf con el Putter Inovai 6.5 Bettinardi<\/h3>\n<p data-start=\"874\" data-end=\"888\"><strong data-start=\"874\" data-end=\"886\">HIGH MOI<\/strong><\/p>\n<p data-start=\"890\" data-end=\"1110\">El peso en toda la Serie INOVAI 2024 fue optimizado para lograr un alto MOI (Momento de Inercia), lo que significa que los putters son m\u00e1s resistentes a la torsi\u00f3n o al giro y m\u00e1s tolerantes en los golpes descentrados.<\/p>\n<p data-start=\"1112\" data-end=\"1147\"><strong data-start=\"1112\" data-end=\"1145\">FRESADO DE CARA ROLL CONTROL\u2122<\/strong><\/p>\n<p data-start=\"1149\" data-end=\"1436\">Desarrollado en conjunto con los mejores jugadores del mundo, el fresado de cara Roll Control\u2122 patentado de Bettinardi promueve el rodamiento hacia adelante en el impacto para que la bola comience a rodar de manera verdadera m\u00e1s r\u00e1pido, reduciendo el deslizamiento o el efecto lateral.<\/p>\n<p data-start=\"1438\" data-end=\"1480\"><strong data-start=\"1438\" data-end=\"1478\">ACERO INOXIDABLE 303 Y ALUMINIO 6061<\/strong><\/p>\n<p data-start=\"1482\" data-end=\"1759\">El dise\u00f1o de dos piezas de cada putter INOVAI consta de una cara de acero inoxidable 303 y una parte trasera de aluminio 6061 de grado militar. Esta combinaci\u00f3n de metales premium equilibra cada modelo INOVAI mientras el golfista experimenta una sensaci\u00f3n y control supremos.<\/p>\n<p data-start=\"1761\" data-end=\"1789\"><strong data-start=\"1761\" data-end=\"1787\">ACABADO ANTIREFLEJANTE<\/strong><\/p>\n<p data-start=\"1791\" data-end=\"2034\">La Serie INOVAI 2024 ofrece una vista sin reflejos en la posici\u00f3n de direcci\u00f3n, con detalles en pintura blanca y triple l\u00ednea de alineaci\u00f3n, presentando un nuevo acabado Midnight Armour en la cara y un acabado Titan Grey en la parte trasera.<\/p>\n","protected":false},"excerpt":{"rendered":"<p>Visto anteriormente solo como un putter de edici\u00f3n limitada, Sam Bettinardi tom\u00f3 el INOVAI 6.5 y le dio un dise\u00f1o m\u00e1s estilizado y compacto, preservando los impecables \u201ccolmillos\u201d que forman su caracter\u00edstico recorte hexagonal. Estos colmillos est\u00e1n dise\u00f1ados para optimizar el MOI (Momento de Inercia) del putter, con ventilaciones triangulares que distribuyen peso adicional hacia el per\u00edmetro. Las l\u00edneas elegantes de la pieza trasera de aluminio 6061 y la triple l\u00ednea de alineaci\u00f3n ofrecen referencias visuales perfectas para una colocaci\u00f3n sencilla y una alineaci\u00f3n sin esfuerzo. La pieza frontal de acero inoxidable 303 incorpora nuestro fresado de cara Roll Control\u2122, un dise\u00f1o patentado de ranuras que brinda una sensaci\u00f3n suave y est\u00e1 dise\u00f1ado para que la bola comience a rodar de manera verdadera m\u00e1s r\u00e1pidamente.<\/p>\n<p><img decoding=\"async\" class=\"alignnone size-medium wp-image-1442\" src=\"https:\/\/www.palosdegolfpersonalizados.com\/wp-content\/uploads\/2025\/10\/Ventajas-Golf-300x49.png\" alt=\"\" width=\"300\" height=\"49\" srcset=\"https:\/\/www.palosdegolfpersonalizados.com\/wp-content\/uploads\/2025\/10\/Ventajas-Golf-300x49.png 300w, https:\/\/www.palosdegolfpersonalizados.com\/wp-content\/uploads\/2025\/10\/Ventajas-Golf-1024x167.png 1024w, https:\/\/www.palosdegolfpersonalizados.com\/wp-content\/uploads\/2025\/10\/Ventajas-Golf-768x125.png 768w, https:\/\/www.palosdegolfpersonalizados.com\/wp-content\/uploads\/2025\/10\/Ventajas-Golf-1536x251.png 1536w, https:\/\/www.palosdegolfpersonalizados.com\/wp-content\/uploads\/2025\/10\/Ventajas-Golf-2048x335.png 2048w, https:\/\/www.palosdegolfpersonalizados.com\/wp-content\/uploads\/2025\/10\/Ventajas-Golf-600x98.png 600w\" sizes=\"(max-width: 300px) 100vw, 300px\" \/><\/p>\n<p><img fetchpriority=\"high\" decoding=\"async\" class=\"alignnone size-medium wp-image-1441\" src=\"https:\/\/www.palosdegolfpersonalizados.com\/wp-content\/uploads\/2025\/10\/Etiqueta-nueva-min-3-1-300x200.png\" alt=\"\" width=\"300\" height=\"200\" \/><\/p>\n","protected":false},"featured_media":82,"comment_status":"closed","ping_status":"closed","template":"","meta":{"_joinchat":[]},"product_brand":[],"product_cat":[17,35,23,41],"product_tag":[100],"class_list":{"0":"post-79","1":"product","2":"type-product","3":"status-publish","4":"has-post-thumbnail","6":"product_cat-palos-de-golf-hombre","7":"product_cat-palos-de-golf-mujer","8":"product_cat-putter-golf-hombre","9":"product_cat-putter-golf-mujer","10":"product_tag-bettinardi-golf","12":"first","13":"instock","14":"shipping-taxable","15":"purchasable","16":"product-type-simple"},"yoast_head":"<!-- This site is optimized with the Yoast SEO plugin v27.2 - https:\/\/yoast.com\/product\/yoast-seo-wordpress\/ -->\n<title>Putter Inovai 6.5 Bettinardi - Palos de Golf Personalizados<\/title>\n<meta name=\"description\" content=\"Putter Inovai 6.5 Bettinardi, la innovaci\u00f3n y equilibrio total convertida en un putter. Control, precisi\u00f3n y dise\u00f1o premium para tus golpes.\" \/>\n<meta name=\"robots\" content=\"index, follow, max-snippet:-1, max-image-preview:large, max-video-preview:-1\" \/>\n<link rel=\"canonical\" href=\"https:\/\/www.palosdegolfpersonalizados.com\/?product=putter-de-golf-inovai-6-5-bettinardi\" \/>\n<meta property=\"og:locale\" content=\"en_US\" \/>\n<meta property=\"og:type\" content=\"article\" \/>\n<meta property=\"og:title\" content=\"Putter Inovai 6.5 Bettinardi - Palos de Golf Personalizados\" \/>\n<meta property=\"og:description\" content=\"Putter Inovai 6.5 Bettinardi, la innovaci\u00f3n y equilibrio total convertida en un putter. Control, precisi\u00f3n y dise\u00f1o premium para tus golpes.\" \/>\n<meta property=\"og:url\" content=\"https:\/\/www.palosdegolfpersonalizados.com\/?product=putter-de-golf-inovai-6-5-bettinardi\" \/>\n<meta property=\"og:site_name\" content=\"Palos de Golf Personalizados\" \/>\n<meta property=\"article:modified_time\" content=\"2025-11-13T13:21:09+00:00\" \/>\n<meta property=\"og:image\" content=\"https:\/\/www.palosdegolfpersonalizados.com\/wp-content\/uploads\/2025\/10\/6.5-Spud-3_900x.webp\" \/>\n\t<meta property=\"og:image:width\" content=\"900\" \/>\n\t<meta property=\"og:image:height\" content=\"900\" \/>\n\t<meta property=\"og:image:type\" content=\"image\/webp\" \/>\n<meta name=\"twitter:card\" content=\"summary_large_image\" \/>\n<meta name=\"twitter:label1\" content=\"Est. reading time\" \/>\n\t<meta name=\"twitter:data1\" content=\"2 minutes\" \/>\n<script type=\"application\/ld+json\" class=\"yoast-schema-graph\">{\"@context\":\"https:\/\/schema.org\",\"@graph\":[{\"@type\":\"WebPage\",\"@id\":\"https:\/\/www.palosdegolfpersonalizados.com\/?product=putter-de-golf-inovai-6-5-bettinardi\",\"url\":\"https:\/\/www.palosdegolfpersonalizados.com\/?product=putter-de-golf-inovai-6-5-bettinardi\",\"name\":\"Putter Inovai 6.5 Bettinardi - Palos de Golf Personalizados\",\"isPartOf\":{\"@id\":\"https:\/\/www.palosdegolfpersonalizados.com\/#website\"},\"primaryImageOfPage\":{\"@id\":\"https:\/\/www.palosdegolfpersonalizados.com\/?product=putter-de-golf-inovai-6-5-bettinardi#primaryimage\"},\"image\":{\"@id\":\"https:\/\/www.palosdegolfpersonalizados.com\/?product=putter-de-golf-inovai-6-5-bettinardi#primaryimage\"},\"thumbnailUrl\":\"https:\/\/www.palosdegolfpersonalizados.com\/wp-content\/uploads\/2025\/10\/6.5-Spud-3_900x.webp\",\"datePublished\":\"2025-10-02T11:19:39+00:00\",\"dateModified\":\"2025-11-13T13:21:09+00:00\",\"description\":\"Putter Inovai 6.5 Bettinardi, la innovaci\u00f3n y equilibrio total convertida en un putter. Control, precisi\u00f3n y dise\u00f1o premium para tus golpes.\",\"breadcrumb\":{\"@id\":\"https:\/\/www.palosdegolfpersonalizados.com\/?product=putter-de-golf-inovai-6-5-bettinardi#breadcrumb\"},\"inLanguage\":\"en-US\",\"potentialAction\":[{\"@type\":\"ReadAction\",\"target\":[\"https:\/\/www.palosdegolfpersonalizados.com\/?product=putter-de-golf-inovai-6-5-bettinardi\"]}]},{\"@type\":\"ImageObject\",\"inLanguage\":\"en-US\",\"@id\":\"https:\/\/www.palosdegolfpersonalizados.com\/?product=putter-de-golf-inovai-6-5-bettinardi#primaryimage\",\"url\":\"https:\/\/www.palosdegolfpersonalizados.com\/wp-content\/uploads\/2025\/10\/6.5-Spud-3_900x.webp\",\"contentUrl\":\"https:\/\/www.palosdegolfpersonalizados.com\/wp-content\/uploads\/2025\/10\/6.5-Spud-3_900x.webp\",\"width\":900,\"height\":900,\"caption\":\"Putter Inovai 6.5 Bettinardi de alta estabilidad.\"},{\"@type\":\"BreadcrumbList\",\"@id\":\"https:\/\/www.palosdegolfpersonalizados.com\/?product=putter-de-golf-inovai-6-5-bettinardi#breadcrumb\",\"itemListElement\":[{\"@type\":\"ListItem\",\"position\":1,\"name\":\"Portada\",\"item\":\"https:\/\/www.palosdegolfpersonalizados.com\/\"},{\"@type\":\"ListItem\",\"position\":2,\"name\":\"Tienda de Golf\",\"item\":\"https:\/\/www.palosdegolfpersonalizados.com\/?page_id=8\"},{\"@type\":\"ListItem\",\"position\":3,\"name\":\"Putter Inovai 6.5 Bettinardi\"}]},{\"@type\":\"WebSite\",\"@id\":\"https:\/\/www.palosdegolfpersonalizados.com\/#website\",\"url\":\"https:\/\/www.palosdegolfpersonalizados.com\/\",\"name\":\"Palos de Golf Personalizados\",\"description\":\"Palos de Golf Personalizados\",\"publisher\":{\"@id\":\"https:\/\/www.palosdegolfpersonalizados.com\/#organization\"},\"potentialAction\":[{\"@type\":\"SearchAction\",\"target\":{\"@type\":\"EntryPoint\",\"urlTemplate\":\"https:\/\/www.palosdegolfpersonalizados.com\/?s={search_term_string}\"},\"query-input\":{\"@type\":\"PropertyValueSpecification\",\"valueRequired\":true,\"valueName\":\"search_term_string\"}}],\"inLanguage\":\"en-US\"},{\"@type\":\"Organization\",\"@id\":\"https:\/\/www.palosdegolfpersonalizados.com\/#organization\",\"name\":\"Palos de Golf Personalizados\",\"url\":\"https:\/\/www.palosdegolfpersonalizados.com\/\",\"logo\":{\"@type\":\"ImageObject\",\"inLanguage\":\"en-US\",\"@id\":\"https:\/\/www.palosdegolfpersonalizados.com\/#\/schema\/logo\/image\/\",\"url\":\"https:\/\/www.palosdegolfpersonalizados.com\/wp-content\/uploads\/2025\/10\/Logo-Palos-Personalizados-1.png\",\"contentUrl\":\"https:\/\/www.palosdegolfpersonalizados.com\/wp-content\/uploads\/2025\/10\/Logo-Palos-Personalizados-1.png\",\"width\":443,\"height\":163,\"caption\":\"Palos de Golf Personalizados\"},\"image\":{\"@id\":\"https:\/\/www.palosdegolfpersonalizados.com\/#\/schema\/logo\/image\/\"}}]}<\/script>\n<!-- \/ Yoast SEO plugin. -->","yoast_head_json":{"title":"Putter Inovai 6.5 Bettinardi - Palos de Golf Personalizados","description":"Putter Inovai 6.5 Bettinardi, la innovaci\u00f3n y equilibrio total convertida en un putter. Control, precisi\u00f3n y dise\u00f1o premium para tus golpes.","robots":{"index":"index","follow":"follow","max-snippet":"max-snippet:-1","max-image-preview":"max-image-preview:large","max-video-preview":"max-video-preview:-1"},"canonical":"https:\/\/www.palosdegolfpersonalizados.com\/?product=putter-de-golf-inovai-6-5-bettinardi","og_locale":"en_US","og_type":"article","og_title":"Putter Inovai 6.5 Bettinardi - Palos de Golf Personalizados","og_description":"Putter Inovai 6.5 Bettinardi, la innovaci\u00f3n y equilibrio total convertida en un putter. Control, precisi\u00f3n y dise\u00f1o premium para tus golpes.","og_url":"https:\/\/www.palosdegolfpersonalizados.com\/?product=putter-de-golf-inovai-6-5-bettinardi","og_site_name":"Palos de Golf Personalizados","article_modified_time":"2025-11-13T13:21:09+00:00","og_image":[{"width":900,"height":900,"url":"https:\/\/www.palosdegolfpersonalizados.com\/wp-content\/uploads\/2025\/10\/6.5-Spud-3_900x.webp","type":"image\/webp"}],"twitter_card":"summary_large_image","twitter_misc":{"Est. reading time":"2 minutes"},"schema":{"@context":"https:\/\/schema.org","@graph":[{"@type":"WebPage","@id":"https:\/\/www.palosdegolfpersonalizados.com\/?product=putter-de-golf-inovai-6-5-bettinardi","url":"https:\/\/www.palosdegolfpersonalizados.com\/?product=putter-de-golf-inovai-6-5-bettinardi","name":"Putter Inovai 6.5 Bettinardi - Palos de Golf Personalizados","isPartOf":{"@id":"https:\/\/www.palosdegolfpersonalizados.com\/#website"},"primaryImageOfPage":{"@id":"https:\/\/www.palosdegolfpersonalizados.com\/?product=putter-de-golf-inovai-6-5-bettinardi#primaryimage"},"image":{"@id":"https:\/\/www.palosdegolfpersonalizados.com\/?product=putter-de-golf-inovai-6-5-bettinardi#primaryimage"},"thumbnailUrl":"https:\/\/www.palosdegolfpersonalizados.com\/wp-content\/uploads\/2025\/10\/6.5-Spud-3_900x.webp","datePublished":"2025-10-02T11:19:39+00:00","dateModified":"2025-11-13T13:21:09+00:00","description":"Putter Inovai 6.5 Bettinardi, la innovaci\u00f3n y equilibrio total convertida en un putter. Control, precisi\u00f3n y dise\u00f1o premium para tus golpes.","breadcrumb":{"@id":"https:\/\/www.palosdegolfpersonalizados.com\/?product=putter-de-golf-inovai-6-5-bettinardi#breadcrumb"},"inLanguage":"en-US","potentialAction":[{"@type":"ReadAction","target":["https:\/\/www.palosdegolfpersonalizados.com\/?product=putter-de-golf-inovai-6-5-bettinardi"]}]},{"@type":"ImageObject","inLanguage":"en-US","@id":"https:\/\/www.palosdegolfpersonalizados.com\/?product=putter-de-golf-inovai-6-5-bettinardi#primaryimage","url":"https:\/\/www.palosdegolfpersonalizados.com\/wp-content\/uploads\/2025\/10\/6.5-Spud-3_900x.webp","contentUrl":"https:\/\/www.palosdegolfpersonalizados.com\/wp-content\/uploads\/2025\/10\/6.5-Spud-3_900x.webp","width":900,"height":900,"caption":"Putter Inovai 6.5 Bettinardi de alta estabilidad."},{"@type":"BreadcrumbList","@id":"https:\/\/www.palosdegolfpersonalizados.com\/?product=putter-de-golf-inovai-6-5-bettinardi#breadcrumb","itemListElement":[{"@type":"ListItem","position":1,"name":"Portada","item":"https:\/\/www.palosdegolfpersonalizados.com\/"},{"@type":"ListItem","position":2,"name":"Tienda de Golf","item":"https:\/\/www.palosdegolfpersonalizados.com\/?page_id=8"},{"@type":"ListItem","position":3,"name":"Putter Inovai 6.5 Bettinardi"}]},{"@type":"WebSite","@id":"https:\/\/www.palosdegolfpersonalizados.com\/#website","url":"https:\/\/www.palosdegolfpersonalizados.com\/","name":"Palos de Golf Personalizados","description":"Palos de Golf Personalizados","publisher":{"@id":"https:\/\/www.palosdegolfpersonalizados.com\/#organization"},"potentialAction":[{"@type":"SearchAction","target":{"@type":"EntryPoint","urlTemplate":"https:\/\/www.palosdegolfpersonalizados.com\/?s={search_term_string}"},"query-input":{"@type":"PropertyValueSpecification","valueRequired":true,"valueName":"search_term_string"}}],"inLanguage":"en-US"},{"@type":"Organization","@id":"https:\/\/www.palosdegolfpersonalizados.com\/#organization","name":"Palos de Golf Personalizados","url":"https:\/\/www.palosdegolfpersonalizados.com\/","logo":{"@type":"ImageObject","inLanguage":"en-US","@id":"https:\/\/www.palosdegolfpersonalizados.com\/#\/schema\/logo\/image\/","url":"https:\/\/www.palosdegolfpersonalizados.com\/wp-content\/uploads\/2025\/10\/Logo-Palos-Personalizados-1.png","contentUrl":"https:\/\/www.palosdegolfpersonalizados.com\/wp-content\/uploads\/2025\/10\/Logo-Palos-Personalizados-1.png","width":443,"height":163,"caption":"Palos de Golf Personalizados"},"image":{"@id":"https:\/\/www.palosdegolfpersonalizados.com\/#\/schema\/logo\/image\/"}}]}},"_links":{"self":[{"href":"https:\/\/www.palosdegolfpersonalizados.com\/index.php?rest_route=\/wp\/v2\/product\/79","targetHints":{"allow":["GET"]}}],"collection":[{"href":"https:\/\/www.palosdegolfpersonalizados.com\/index.php?rest_route=\/wp\/v2\/product"}],"about":[{"href":"https:\/\/www.palosdegolfpersonalizados.com\/index.php?rest_route=\/wp\/v2\/types\/product"}],"replies":[{"embeddable":true,"href":"https:\/\/www.palosdegolfpersonalizados.com\/index.php?rest_route=%2Fwp%2Fv2%2Fcomments&post=79"}],"wp:featuredmedia":[{"embeddable":true,"href":"https:\/\/www.palosdegolfpersonalizados.com\/index.php?rest_route=\/wp\/v2\/media\/82"}],"wp:attachment":[{"href":"https:\/\/www.palosdegolfpersonalizados.com\/index.php?rest_route=%2Fwp%2Fv2%2Fmedia&parent=79"}],"wp:term":[{"taxonomy":"product_brand","embeddable":true,"href":"https:\/\/www.palosdegolfpersonalizados.com\/index.php?rest_route=%2Fwp%2Fv2%2Fproduct_brand&post=79"},{"taxonomy":"product_cat","embeddable":true,"href":"https:\/\/www.palosdegolfpersonalizados.com\/index.php?rest_route=%2Fwp%2Fv2%2Fproduct_cat&post=79"},{"taxonomy":"product_tag","embeddable":true,"href":"https:\/\/www.palosdegolfpersonalizados.com\/index.php?rest_route=%2Fwp%2Fv2%2Fproduct_tag&post=79"}],"curies":[{"name":"wp","href":"https:\/\/api.w.org\/{rel}","templated":true}]}}