{"id":94,"date":"2025-10-02T11:47:09","date_gmt":"2025-10-02T11:47:09","guid":{"rendered":"https:\/\/www.palosdegolfpersonalizados.com\/?post_type=product&#038;p=94"},"modified":"2025-11-13T13:20:12","modified_gmt":"2025-11-13T13:20:12","slug":"putter-de-golf-bb8-bettinardi","status":"publish","type":"product","link":"https:\/\/www.palosdegolfpersonalizados.com\/?product=putter-de-golf-bb8-bettinardi","title":{"rendered":"Putter BB8 Bettinardi"},"content":{"rendered":"<h3 data-start=\"341\" data-end=\"719\">Descubre el futuro del golf con el Putter BB8 Bettinardi<\/h3>\n<p data-start=\"937\" data-end=\"1257\"><strong data-start=\"937\" data-end=\"978\">DESPLAZAMIENTO DEL CENTRO DE GRAVEDAD<\/strong><br data-start=\"978\" data-end=\"981\" \/>Al redise\u00f1ar los parachoques y los hombros, el centro de gravedad se alinea de manera m\u00e1s natural en la posici\u00f3n de direcci\u00f3n. Este COG mejorado establece una distribuci\u00f3n de peso m\u00e1s uniforme, asegurando el contacto con el punto \u00f3ptimo para lograr un rodamiento m\u00e1s limpio.<\/p>\n<p data-start=\"1259\" data-end=\"1682\"><strong data-start=\"1259\" data-end=\"1296\">FRESADO DE CARA PERPETUAL FLYMILL<\/strong><br data-start=\"1296\" data-end=\"1299\" \/>Redefiniendo la precisi\u00f3n en el putting, la tecnolog\u00eda de fresado de cara Perpetual Flymill de Bettinardi ahora se ve potenciada por una precisi\u00f3n sonora. Esta innovadora tecnolog\u00eda proporciona un rodamiento constante, garantizando que los putts comiencen rectos y en l\u00ednea con el objetivo. Cada golpe produce un tono distintivo que brinda retroalimentaci\u00f3n instant\u00e1nea al jugador.<\/p>\n<p data-start=\"1684\" data-end=\"1998\"><strong data-start=\"1684\" data-end=\"1711\">ACABADO BLACK PEARL PVD<\/strong><br data-start=\"1711\" data-end=\"1714\" \/>El profundo y lujoso tono negro del acabado Black Pearl PVD no solo irradia sofisticaci\u00f3n, sino que tambi\u00e9n aporta un extra de confianza al colocarse sobre la bola. M\u00e1s all\u00e1 de su apariencia llamativa, el recubrimiento PVD es altamente resistente al desgaste, rayaduras y corrosi\u00f3n.<\/p>\n<p data-start=\"2000\" data-end=\"2295\"><strong data-start=\"2000\" data-end=\"2024\">ACERO INOXIDABLE 303<\/strong><br data-start=\"2024\" data-end=\"2027\" \/>Cada putter de la Serie BB est\u00e1 fresado en una sola pieza de acero inoxidable 303, el mismo material preferido por el equipo Bettinardi Tour en todo el mundo. Este metal ofrece un putter m\u00e1s duradero, receptivo y con una sensaci\u00f3n s\u00f3lida para un rendimiento supremo.<\/p>\n<p data-start=\"2297\" data-end=\"2514\"><strong data-start=\"2297\" data-end=\"2320\">COMPONENTES PREMIUM<\/strong><br data-start=\"2320\" data-end=\"2323\" \/>Cada putter de la Serie BB se entrega con un shaft Black PVD Tour Grade, grip Lamkin personalizado en azul el\u00e9ctrico, y una funda magn\u00e9tica BB Series construida en cuero y fibra de carbono.<\/p>\n","protected":false},"excerpt":{"rendered":"<p>M\u00e1s de una d\u00e9cada despu\u00e9s de su \u00faltima aparici\u00f3n, el <strong data-start=\"99\" data-end=\"111\">BB8 Flow<\/strong> aplica la retroalimentaci\u00f3n inspirada en el Tour a una cl\u00e1sica cabeza tipo blade. Fresado en nuestra sede de Tinley Park, IL, el centro de gravedad se equilibra al hacer la punta un 10% m\u00e1s grande que el tal\u00f3n. Esto contrarresta la masa a\u00f1adida por el cuello tipo <em data-start=\"376\" data-end=\"382\">flow<\/em>, que se funde sin esfuerzo en la cabeza del putter y le otorga al BB8 Flow aproximadamente una ca\u00edda de punta de 3\/4, complementando perfectamente un golpe de putt con m\u00e1ximo arco. Este blade con peso en el tal\u00f3n y la punta brinda confianza en cada putt gracias a su l\u00ednea superior plana, perfil estilizado y atrevido acabado Black Pearl PVD. Con nuestro nuevo fresado de cara <strong data-start=\"760\" data-end=\"781\">Perpetual Flymill<\/strong>, el BB8 Flow est\u00e1 dise\u00f1ado para el golfista que busca un putter blade tradicional con mejoras modernas, una sensaci\u00f3n suprema y un control excepcional.<\/p>\n<p><img decoding=\"async\" class=\"alignnone size-medium wp-image-1442\" src=\"https:\/\/www.palosdegolfpersonalizados.com\/wp-content\/uploads\/2025\/10\/Ventajas-Golf-300x49.png\" alt=\"\" width=\"300\" height=\"49\" srcset=\"https:\/\/www.palosdegolfpersonalizados.com\/wp-content\/uploads\/2025\/10\/Ventajas-Golf-300x49.png 300w, https:\/\/www.palosdegolfpersonalizados.com\/wp-content\/uploads\/2025\/10\/Ventajas-Golf-1024x167.png 1024w, https:\/\/www.palosdegolfpersonalizados.com\/wp-content\/uploads\/2025\/10\/Ventajas-Golf-768x125.png 768w, https:\/\/www.palosdegolfpersonalizados.com\/wp-content\/uploads\/2025\/10\/Ventajas-Golf-1536x251.png 1536w, https:\/\/www.palosdegolfpersonalizados.com\/wp-content\/uploads\/2025\/10\/Ventajas-Golf-2048x335.png 2048w, https:\/\/www.palosdegolfpersonalizados.com\/wp-content\/uploads\/2025\/10\/Ventajas-Golf-600x98.png 600w\" sizes=\"(max-width: 300px) 100vw, 300px\" \/><\/p>\n<p><img fetchpriority=\"high\" decoding=\"async\" class=\"alignnone size-medium wp-image-1441\" src=\"https:\/\/www.palosdegolfpersonalizados.com\/wp-content\/uploads\/2025\/10\/Etiqueta-nueva-min-3-1-300x200.png\" alt=\"\" width=\"300\" height=\"200\" \/><\/p>\n","protected":false},"featured_media":95,"comment_status":"closed","ping_status":"closed","template":"","meta":{"_joinchat":[]},"product_brand":[],"product_cat":[17,35,23,41],"product_tag":[100],"class_list":{"0":"post-94","1":"product","2":"type-product","3":"status-publish","4":"has-post-thumbnail","6":"product_cat-palos-de-golf-hombre","7":"product_cat-palos-de-golf-mujer","8":"product_cat-putter-golf-hombre","9":"product_cat-putter-golf-mujer","10":"product_tag-bettinardi-golf","12":"first","13":"instock","14":"shipping-taxable","15":"purchasable","16":"product-type-simple"},"yoast_head":"<!-- This site is optimized with the Yoast SEO plugin v27.2 - https:\/\/yoast.com\/product\/yoast-seo-wordpress\/ -->\n<title>Putter BB8 Bettinardi - Palos de Golf Personalizados<\/title>\n<meta name=\"description\" content=\"Putter BB8 Bettinardi, cuenta con un dise\u00f1o cl\u00e1sico y una precisi\u00f3n avanzada. Ideal para mejorar alineaci\u00f3n y toque durante el juego.\" \/>\n<meta name=\"robots\" content=\"index, follow, max-snippet:-1, max-image-preview:large, max-video-preview:-1\" \/>\n<link rel=\"canonical\" href=\"https:\/\/www.palosdegolfpersonalizados.com\/?product=putter-de-golf-bb8-bettinardi\" \/>\n<meta property=\"og:locale\" content=\"en_US\" \/>\n<meta property=\"og:type\" content=\"article\" \/>\n<meta property=\"og:title\" content=\"Putter BB8 Bettinardi - Palos de Golf Personalizados\" \/>\n<meta property=\"og:description\" content=\"Putter BB8 Bettinardi, cuenta con un dise\u00f1o cl\u00e1sico y una precisi\u00f3n avanzada. Ideal para mejorar alineaci\u00f3n y toque durante el juego.\" \/>\n<meta property=\"og:url\" content=\"https:\/\/www.palosdegolfpersonalizados.com\/?product=putter-de-golf-bb8-bettinardi\" \/>\n<meta property=\"og:site_name\" content=\"Palos de Golf Personalizados\" \/>\n<meta property=\"article:modified_time\" content=\"2025-11-13T13:20:12+00:00\" \/>\n<meta property=\"og:image\" content=\"https:\/\/www.palosdegolfpersonalizados.com\/wp-content\/uploads\/2025\/10\/24-BB8F-SOLE_900x.webp\" \/>\n\t<meta property=\"og:image:width\" content=\"900\" \/>\n\t<meta property=\"og:image:height\" content=\"900\" \/>\n\t<meta property=\"og:image:type\" content=\"image\/webp\" \/>\n<meta name=\"twitter:card\" content=\"summary_large_image\" \/>\n<meta name=\"twitter:label1\" content=\"Est. reading time\" \/>\n\t<meta name=\"twitter:data1\" content=\"2 minutes\" \/>\n<script type=\"application\/ld+json\" class=\"yoast-schema-graph\">{\"@context\":\"https:\/\/schema.org\",\"@graph\":[{\"@type\":\"WebPage\",\"@id\":\"https:\/\/www.palosdegolfpersonalizados.com\/?product=putter-de-golf-bb8-bettinardi\",\"url\":\"https:\/\/www.palosdegolfpersonalizados.com\/?product=putter-de-golf-bb8-bettinardi\",\"name\":\"Putter BB8 Bettinardi - Palos de Golf Personalizados\",\"isPartOf\":{\"@id\":\"https:\/\/www.palosdegolfpersonalizados.com\/#website\"},\"primaryImageOfPage\":{\"@id\":\"https:\/\/www.palosdegolfpersonalizados.com\/?product=putter-de-golf-bb8-bettinardi#primaryimage\"},\"image\":{\"@id\":\"https:\/\/www.palosdegolfpersonalizados.com\/?product=putter-de-golf-bb8-bettinardi#primaryimage\"},\"thumbnailUrl\":\"https:\/\/www.palosdegolfpersonalizados.com\/wp-content\/uploads\/2025\/10\/24-BB8F-SOLE_900x.webp\",\"datePublished\":\"2025-10-02T11:47:09+00:00\",\"dateModified\":\"2025-11-13T13:20:12+00:00\",\"description\":\"Putter BB8 Bettinardi, cuenta con un dise\u00f1o cl\u00e1sico y una precisi\u00f3n avanzada. Ideal para mejorar alineaci\u00f3n y toque durante el juego.\",\"breadcrumb\":{\"@id\":\"https:\/\/www.palosdegolfpersonalizados.com\/?product=putter-de-golf-bb8-bettinardi#breadcrumb\"},\"inLanguage\":\"en-US\",\"potentialAction\":[{\"@type\":\"ReadAction\",\"target\":[\"https:\/\/www.palosdegolfpersonalizados.com\/?product=putter-de-golf-bb8-bettinardi\"]}]},{\"@type\":\"ImageObject\",\"inLanguage\":\"en-US\",\"@id\":\"https:\/\/www.palosdegolfpersonalizados.com\/?product=putter-de-golf-bb8-bettinardi#primaryimage\",\"url\":\"https:\/\/www.palosdegolfpersonalizados.com\/wp-content\/uploads\/2025\/10\/24-BB8F-SOLE_900x.webp\",\"contentUrl\":\"https:\/\/www.palosdegolfpersonalizados.com\/wp-content\/uploads\/2025\/10\/24-BB8F-SOLE_900x.webp\",\"width\":900,\"height\":900,\"caption\":\"Putter BB8 Bettinardi estilo cl\u00e1sico.\"},{\"@type\":\"BreadcrumbList\",\"@id\":\"https:\/\/www.palosdegolfpersonalizados.com\/?product=putter-de-golf-bb8-bettinardi#breadcrumb\",\"itemListElement\":[{\"@type\":\"ListItem\",\"position\":1,\"name\":\"Portada\",\"item\":\"https:\/\/www.palosdegolfpersonalizados.com\/\"},{\"@type\":\"ListItem\",\"position\":2,\"name\":\"Tienda de Golf\",\"item\":\"https:\/\/www.palosdegolfpersonalizados.com\/?page_id=8\"},{\"@type\":\"ListItem\",\"position\":3,\"name\":\"Putter BB8 Bettinardi\"}]},{\"@type\":\"WebSite\",\"@id\":\"https:\/\/www.palosdegolfpersonalizados.com\/#website\",\"url\":\"https:\/\/www.palosdegolfpersonalizados.com\/\",\"name\":\"Palos de Golf Personalizados\",\"description\":\"Palos de Golf Personalizados\",\"publisher\":{\"@id\":\"https:\/\/www.palosdegolfpersonalizados.com\/#organization\"},\"potentialAction\":[{\"@type\":\"SearchAction\",\"target\":{\"@type\":\"EntryPoint\",\"urlTemplate\":\"https:\/\/www.palosdegolfpersonalizados.com\/?s={search_term_string}\"},\"query-input\":{\"@type\":\"PropertyValueSpecification\",\"valueRequired\":true,\"valueName\":\"search_term_string\"}}],\"inLanguage\":\"en-US\"},{\"@type\":\"Organization\",\"@id\":\"https:\/\/www.palosdegolfpersonalizados.com\/#organization\",\"name\":\"Palos de Golf Personalizados\",\"url\":\"https:\/\/www.palosdegolfpersonalizados.com\/\",\"logo\":{\"@type\":\"ImageObject\",\"inLanguage\":\"en-US\",\"@id\":\"https:\/\/www.palosdegolfpersonalizados.com\/#\/schema\/logo\/image\/\",\"url\":\"https:\/\/www.palosdegolfpersonalizados.com\/wp-content\/uploads\/2025\/10\/Logo-Palos-Personalizados-1.png\",\"contentUrl\":\"https:\/\/www.palosdegolfpersonalizados.com\/wp-content\/uploads\/2025\/10\/Logo-Palos-Personalizados-1.png\",\"width\":443,\"height\":163,\"caption\":\"Palos de Golf Personalizados\"},\"image\":{\"@id\":\"https:\/\/www.palosdegolfpersonalizados.com\/#\/schema\/logo\/image\/\"}}]}<\/script>\n<!-- \/ Yoast SEO plugin. -->","yoast_head_json":{"title":"Putter BB8 Bettinardi - Palos de Golf Personalizados","description":"Putter BB8 Bettinardi, cuenta con un dise\u00f1o cl\u00e1sico y una precisi\u00f3n avanzada. Ideal para mejorar alineaci\u00f3n y toque durante el juego.","robots":{"index":"index","follow":"follow","max-snippet":"max-snippet:-1","max-image-preview":"max-image-preview:large","max-video-preview":"max-video-preview:-1"},"canonical":"https:\/\/www.palosdegolfpersonalizados.com\/?product=putter-de-golf-bb8-bettinardi","og_locale":"en_US","og_type":"article","og_title":"Putter BB8 Bettinardi - Palos de Golf Personalizados","og_description":"Putter BB8 Bettinardi, cuenta con un dise\u00f1o cl\u00e1sico y una precisi\u00f3n avanzada. Ideal para mejorar alineaci\u00f3n y toque durante el juego.","og_url":"https:\/\/www.palosdegolfpersonalizados.com\/?product=putter-de-golf-bb8-bettinardi","og_site_name":"Palos de Golf Personalizados","article_modified_time":"2025-11-13T13:20:12+00:00","og_image":[{"width":900,"height":900,"url":"https:\/\/www.palosdegolfpersonalizados.com\/wp-content\/uploads\/2025\/10\/24-BB8F-SOLE_900x.webp","type":"image\/webp"}],"twitter_card":"summary_large_image","twitter_misc":{"Est. reading time":"2 minutes"},"schema":{"@context":"https:\/\/schema.org","@graph":[{"@type":"WebPage","@id":"https:\/\/www.palosdegolfpersonalizados.com\/?product=putter-de-golf-bb8-bettinardi","url":"https:\/\/www.palosdegolfpersonalizados.com\/?product=putter-de-golf-bb8-bettinardi","name":"Putter BB8 Bettinardi - Palos de Golf Personalizados","isPartOf":{"@id":"https:\/\/www.palosdegolfpersonalizados.com\/#website"},"primaryImageOfPage":{"@id":"https:\/\/www.palosdegolfpersonalizados.com\/?product=putter-de-golf-bb8-bettinardi#primaryimage"},"image":{"@id":"https:\/\/www.palosdegolfpersonalizados.com\/?product=putter-de-golf-bb8-bettinardi#primaryimage"},"thumbnailUrl":"https:\/\/www.palosdegolfpersonalizados.com\/wp-content\/uploads\/2025\/10\/24-BB8F-SOLE_900x.webp","datePublished":"2025-10-02T11:47:09+00:00","dateModified":"2025-11-13T13:20:12+00:00","description":"Putter BB8 Bettinardi, cuenta con un dise\u00f1o cl\u00e1sico y una precisi\u00f3n avanzada. Ideal para mejorar alineaci\u00f3n y toque durante el juego.","breadcrumb":{"@id":"https:\/\/www.palosdegolfpersonalizados.com\/?product=putter-de-golf-bb8-bettinardi#breadcrumb"},"inLanguage":"en-US","potentialAction":[{"@type":"ReadAction","target":["https:\/\/www.palosdegolfpersonalizados.com\/?product=putter-de-golf-bb8-bettinardi"]}]},{"@type":"ImageObject","inLanguage":"en-US","@id":"https:\/\/www.palosdegolfpersonalizados.com\/?product=putter-de-golf-bb8-bettinardi#primaryimage","url":"https:\/\/www.palosdegolfpersonalizados.com\/wp-content\/uploads\/2025\/10\/24-BB8F-SOLE_900x.webp","contentUrl":"https:\/\/www.palosdegolfpersonalizados.com\/wp-content\/uploads\/2025\/10\/24-BB8F-SOLE_900x.webp","width":900,"height":900,"caption":"Putter BB8 Bettinardi estilo cl\u00e1sico."},{"@type":"BreadcrumbList","@id":"https:\/\/www.palosdegolfpersonalizados.com\/?product=putter-de-golf-bb8-bettinardi#breadcrumb","itemListElement":[{"@type":"ListItem","position":1,"name":"Portada","item":"https:\/\/www.palosdegolfpersonalizados.com\/"},{"@type":"ListItem","position":2,"name":"Tienda de Golf","item":"https:\/\/www.palosdegolfpersonalizados.com\/?page_id=8"},{"@type":"ListItem","position":3,"name":"Putter BB8 Bettinardi"}]},{"@type":"WebSite","@id":"https:\/\/www.palosdegolfpersonalizados.com\/#website","url":"https:\/\/www.palosdegolfpersonalizados.com\/","name":"Palos de Golf Personalizados","description":"Palos de Golf Personalizados","publisher":{"@id":"https:\/\/www.palosdegolfpersonalizados.com\/#organization"},"potentialAction":[{"@type":"SearchAction","target":{"@type":"EntryPoint","urlTemplate":"https:\/\/www.palosdegolfpersonalizados.com\/?s={search_term_string}"},"query-input":{"@type":"PropertyValueSpecification","valueRequired":true,"valueName":"search_term_string"}}],"inLanguage":"en-US"},{"@type":"Organization","@id":"https:\/\/www.palosdegolfpersonalizados.com\/#organization","name":"Palos de Golf Personalizados","url":"https:\/\/www.palosdegolfpersonalizados.com\/","logo":{"@type":"ImageObject","inLanguage":"en-US","@id":"https:\/\/www.palosdegolfpersonalizados.com\/#\/schema\/logo\/image\/","url":"https:\/\/www.palosdegolfpersonalizados.com\/wp-content\/uploads\/2025\/10\/Logo-Palos-Personalizados-1.png","contentUrl":"https:\/\/www.palosdegolfpersonalizados.com\/wp-content\/uploads\/2025\/10\/Logo-Palos-Personalizados-1.png","width":443,"height":163,"caption":"Palos de Golf Personalizados"},"image":{"@id":"https:\/\/www.palosdegolfpersonalizados.com\/#\/schema\/logo\/image\/"}}]}},"_links":{"self":[{"href":"https:\/\/www.palosdegolfpersonalizados.com\/index.php?rest_route=\/wp\/v2\/product\/94","targetHints":{"allow":["GET"]}}],"collection":[{"href":"https:\/\/www.palosdegolfpersonalizados.com\/index.php?rest_route=\/wp\/v2\/product"}],"about":[{"href":"https:\/\/www.palosdegolfpersonalizados.com\/index.php?rest_route=\/wp\/v2\/types\/product"}],"replies":[{"embeddable":true,"href":"https:\/\/www.palosdegolfpersonalizados.com\/index.php?rest_route=%2Fwp%2Fv2%2Fcomments&post=94"}],"wp:featuredmedia":[{"embeddable":true,"href":"https:\/\/www.palosdegolfpersonalizados.com\/index.php?rest_route=\/wp\/v2\/media\/95"}],"wp:attachment":[{"href":"https:\/\/www.palosdegolfpersonalizados.com\/index.php?rest_route=%2Fwp%2Fv2%2Fmedia&parent=94"}],"wp:term":[{"taxonomy":"product_brand","embeddable":true,"href":"https:\/\/www.palosdegolfpersonalizados.com\/index.php?rest_route=%2Fwp%2Fv2%2Fproduct_brand&post=94"},{"taxonomy":"product_cat","embeddable":true,"href":"https:\/\/www.palosdegolfpersonalizados.com\/index.php?rest_route=%2Fwp%2Fv2%2Fproduct_cat&post=94"},{"taxonomy":"product_tag","embeddable":true,"href":"https:\/\/www.palosdegolfpersonalizados.com\/index.php?rest_route=%2Fwp%2Fv2%2Fproduct_tag&post=94"}],"curies":[{"name":"wp","href":"https:\/\/api.w.org\/{rel}","templated":true}]}}